{"id":12174,"date":"2021-06-23T22:06:24","date_gmt":"2021-06-23T22:06:24","guid":{"rendered":"https:\/\/thecraftcompany.pt\/?post_type=product&#038;p=12174"},"modified":"2024-03-12T14:52:28","modified_gmt":"2024-03-12T14:52:28","slug":"pack-de-10-horas-de-costura","status":"publish","type":"product","link":"https:\/\/thecraftcompany.pt\/en\/produto\/pack-de-10-horas-de-costura\/","title":{"rendered":"Pack de 10 horas de Costura"},"content":{"rendered":"<p>Pack de 10 horas de Costura.<\/p>\n<p>&nbsp;<\/p>\n<p><strong>FORMADORA<\/strong>: Jacinta Leit\u00e3o<\/p>\n<p><b>COMO FUNCIONA:\u00a0<\/b>marque as suas horas de costura, em aulas individuais e desenvolva os projectos que quiser, sempre com supervis\u00e3o da formadora.<\/p>\n<p>Ap\u00f3s a compra, este pack tem uma <strong>validade de 12 meses<\/strong>.<\/p>\n<p>As aulas podem ser marcadas dentro do hor\u00e1rio do nosso atelier: entre as 9h00 e as 19h00; e pode marcar v\u00e1rias horas de cada vez, ou s\u00f3 uma hora, ou seja, n\u00e3o h\u00e1 limite quanto ao n\u00famero de horas, desde que haja disponibilidade de sala.<\/p>\n<p><strong>MATERIAIS:<\/strong><\/p>\n<ul>\n<li>tecidos e linhas n\u00e3o inclu\u00eddos no pre\u00e7o<\/li>\n<li>incluidos a utiliza\u00e7\u00e3o de m\u00e1quina de costura, m\u00e1quina de corte e cose, tesoura, alfinetes, agulha, dedal.<\/li>\n<\/ul>\n<p><strong>NOTAS IMPORTANTES:<\/strong><\/p>\n<p>A partir dos 8 anos.<\/p>\n<p>Ap\u00f3s a compra deste Workshop, entre em contacto com a The Craft Company, para fazer a marca\u00e7\u00e3o das suas aulas.<\/p>\n<p><strong>POL\u00cdTICA DE CANCELAMENTO:<\/strong><\/p>\n<p>N\u00e3o h\u00e1 devolu\u00e7\u00e3o do valor do pack em caso de falta. As faltas avisadas com <strong>24 horas de anteced\u00eancia<\/strong>, em rela\u00e7\u00e3o \u00e0 hora marcada ser\u00e3o remarcadas.<\/p>\n<p>&nbsp;<\/p>\n","protected":false},"excerpt":{"rendered":"<p>Aprenda ou aperfei\u00e7oe as suas no\u00e7\u00f5es de costura, com total flexibilidade, no dia e hora que quiser!<\/p>\n<ul>\n<li>Por marca\u00e7\u00e3o<\/li>\n<li>De segunda-feira a s\u00e1bado, entre as 9h00 e as 19h00.<\/li>\n<li>Dura\u00e7\u00e3o da aula escolhida pelo aluno<\/li>\n<\/ul>\n","protected":false},"featured_media":14410,"template":"","meta":[],"product_cat":[1723,1726,1722],"product_tag":[],"yoast_head":"<!-- This site is optimized with the Yoast SEO plugin v22.9 - https:\/\/yoast.com\/wordpress\/plugins\/seo\/ -->\n<title>Pack de 10 horas de Costura - The Craft Company<\/title>\n<meta name=\"robots\" content=\"index, follow, max-snippet:-1, max-image-preview:large, max-video-preview:-1\" \/>\n<link rel=\"canonical\" href=\"https:\/\/thecraftcompany.pt\/produto\/pack-de-10-horas-de-costura\/\" \/>\n<meta property=\"og:locale\" content=\"en_US\" \/>\n<meta property=\"og:type\" content=\"article\" \/>\n<meta property=\"og:title\" content=\"Pack de 10 horas de Costura - The Craft Company\" \/>\n<meta property=\"og:description\" content=\"Aprenda ou aperfei\u00e7oe as suas no\u00e7\u00f5es de costura, com total flexibilidade, no dia e hora que quiser!   Por marca\u00e7\u00e3o  De segunda-feira a s\u00e1bado, entre as 9h00 e as 19h00.  Dura\u00e7\u00e3o da aula escolhida pelo aluno\" \/>\n<meta property=\"og:url\" content=\"https:\/\/thecraftcompany.pt\/produto\/pack-de-10-horas-de-costura\/\" \/>\n<meta property=\"og:site_name\" content=\"The Craft Company\" \/>\n<meta property=\"article:publisher\" content=\"https:\/\/www.facebook.com\/thecraftcompanycascais\" \/>\n<meta property=\"article:modified_time\" content=\"2024-03-12T14:52:28+00:00\" \/>\n<meta property=\"og:image\" content=\"https:\/\/thecraftcompany.pt\/wp-content\/uploads\/2021\/06\/FITA-02.png\" \/>\n\t<meta property=\"og:image:width\" content=\"6545\" \/>\n\t<meta property=\"og:image:height\" content=\"8048\" \/>\n\t<meta property=\"og:image:type\" content=\"image\/png\" \/>\n<meta name=\"twitter:card\" content=\"summary_large_image\" \/>\n<meta name=\"twitter:label1\" content=\"Est. reading time\" \/>\n\t<meta name=\"twitter:data1\" content=\"1 minute\" \/>\n<script type=\"application\/ld+json\" class=\"yoast-schema-graph\">{\"@context\":\"https:\/\/schema.org\",\"@graph\":[{\"@type\":\"WebPage\",\"@id\":\"https:\/\/thecraftcompany.pt\/produto\/pack-de-10-horas-de-costura\/\",\"url\":\"https:\/\/thecraftcompany.pt\/produto\/pack-de-10-horas-de-costura\/\",\"name\":\"Pack de 10 horas de Costura - The Craft Company\",\"isPartOf\":{\"@id\":\"https:\/\/thecraftcompany.pt\/#website\"},\"primaryImageOfPage\":{\"@id\":\"https:\/\/thecraftcompany.pt\/produto\/pack-de-10-horas-de-costura\/#primaryimage\"},\"image\":{\"@id\":\"https:\/\/thecraftcompany.pt\/produto\/pack-de-10-horas-de-costura\/#primaryimage\"},\"thumbnailUrl\":\"https:\/\/thecraftcompany.pt\/wp-content\/uploads\/2021\/06\/FITA-02.png\",\"datePublished\":\"2021-06-23T22:06:24+00:00\",\"dateModified\":\"2024-03-12T14:52:28+00:00\",\"breadcrumb\":{\"@id\":\"https:\/\/thecraftcompany.pt\/produto\/pack-de-10-horas-de-costura\/#breadcrumb\"},\"inLanguage\":\"en-US\",\"potentialAction\":[{\"@type\":\"ReadAction\",\"target\":[\"https:\/\/thecraftcompany.pt\/produto\/pack-de-10-horas-de-costura\/\"]}]},{\"@type\":\"ImageObject\",\"inLanguage\":\"en-US\",\"@id\":\"https:\/\/thecraftcompany.pt\/produto\/pack-de-10-horas-de-costura\/#primaryimage\",\"url\":\"https:\/\/thecraftcompany.pt\/wp-content\/uploads\/2021\/06\/FITA-02.png\",\"contentUrl\":\"https:\/\/thecraftcompany.pt\/wp-content\/uploads\/2021\/06\/FITA-02.png\",\"width\":6545,\"height\":8048},{\"@type\":\"BreadcrumbList\",\"@id\":\"https:\/\/thecraftcompany.pt\/produto\/pack-de-10-horas-de-costura\/#breadcrumb\",\"itemListElement\":[{\"@type\":\"ListItem\",\"position\":1,\"name\":\"In\u00edcio\",\"item\":\"https:\/\/thecraftcompany.pt\/en\/\"},{\"@type\":\"ListItem\",\"position\":2,\"name\":\"Shop\",\"item\":\"https:\/\/thecraftcompany.pt\/en\/shop-2\/\"},{\"@type\":\"ListItem\",\"position\":3,\"name\":\"Pack de 10 horas de Costura\"}]},{\"@type\":\"WebSite\",\"@id\":\"https:\/\/thecraftcompany.pt\/#website\",\"url\":\"https:\/\/thecraftcompany.pt\/\",\"name\":\"The Craft Company\",\"description\":\"Store &amp; Workshops\",\"publisher\":{\"@id\":\"https:\/\/thecraftcompany.pt\/#organization\"},\"potentialAction\":[{\"@type\":\"SearchAction\",\"target\":{\"@type\":\"EntryPoint\",\"urlTemplate\":\"https:\/\/thecraftcompany.pt\/?s={search_term_string}\"},\"query-input\":\"required name=search_term_string\"}],\"inLanguage\":\"en-US\"},{\"@type\":\"Organization\",\"@id\":\"https:\/\/thecraftcompany.pt\/#organization\",\"name\":\"The Craft Company\",\"url\":\"https:\/\/thecraftcompany.pt\/\",\"logo\":{\"@type\":\"ImageObject\",\"inLanguage\":\"en-US\",\"@id\":\"https:\/\/thecraftcompany.pt\/#\/schema\/logo\/image\/\",\"url\":\"https:\/\/thecraftcompany.pt\/wp-content\/uploads\/2016\/12\/logo.png\",\"contentUrl\":\"https:\/\/thecraftcompany.pt\/wp-content\/uploads\/2016\/12\/logo.png\",\"width\":238,\"height\":150,\"caption\":\"The Craft Company\"},\"image\":{\"@id\":\"https:\/\/thecraftcompany.pt\/#\/schema\/logo\/image\/\"},\"sameAs\":[\"https:\/\/www.facebook.com\/thecraftcompanycascais\",\"https:\/\/www.instagram.com\/thecraftcompany_cascais\/\"]}]}<\/script>\n<!-- \/ Yoast SEO plugin. -->","yoast_head_json":{"title":"Pack de 10 horas de Costura - The Craft Company","robots":{"index":"index","follow":"follow","max-snippet":"max-snippet:-1","max-image-preview":"max-image-preview:large","max-video-preview":"max-video-preview:-1"},"canonical":"https:\/\/thecraftcompany.pt\/produto\/pack-de-10-horas-de-costura\/","og_locale":"en_US","og_type":"article","og_title":"Pack de 10 horas de Costura - The Craft Company","og_description":"Aprenda ou aperfei\u00e7oe as suas no\u00e7\u00f5es de costura, com total flexibilidade, no dia e hora que quiser!   Por marca\u00e7\u00e3o  De segunda-feira a s\u00e1bado, entre as 9h00 e as 19h00.  Dura\u00e7\u00e3o da aula escolhida pelo aluno","og_url":"https:\/\/thecraftcompany.pt\/produto\/pack-de-10-horas-de-costura\/","og_site_name":"The Craft Company","article_publisher":"https:\/\/www.facebook.com\/thecraftcompanycascais","article_modified_time":"2024-03-12T14:52:28+00:00","og_image":[{"width":6545,"height":8048,"url":"https:\/\/thecraftcompany.pt\/wp-content\/uploads\/2021\/06\/FITA-02.png","type":"image\/png"}],"twitter_card":"summary_large_image","twitter_misc":{"Est. reading time":"1 minute"},"schema":{"@context":"https:\/\/schema.org","@graph":[{"@type":"WebPage","@id":"https:\/\/thecraftcompany.pt\/produto\/pack-de-10-horas-de-costura\/","url":"https:\/\/thecraftcompany.pt\/produto\/pack-de-10-horas-de-costura\/","name":"Pack de 10 horas de Costura - The Craft Company","isPartOf":{"@id":"https:\/\/thecraftcompany.pt\/#website"},"primaryImageOfPage":{"@id":"https:\/\/thecraftcompany.pt\/produto\/pack-de-10-horas-de-costura\/#primaryimage"},"image":{"@id":"https:\/\/thecraftcompany.pt\/produto\/pack-de-10-horas-de-costura\/#primaryimage"},"thumbnailUrl":"https:\/\/thecraftcompany.pt\/wp-content\/uploads\/2021\/06\/FITA-02.png","datePublished":"2021-06-23T22:06:24+00:00","dateModified":"2024-03-12T14:52:28+00:00","breadcrumb":{"@id":"https:\/\/thecraftcompany.pt\/produto\/pack-de-10-horas-de-costura\/#breadcrumb"},"inLanguage":"en-US","potentialAction":[{"@type":"ReadAction","target":["https:\/\/thecraftcompany.pt\/produto\/pack-de-10-horas-de-costura\/"]}]},{"@type":"ImageObject","inLanguage":"en-US","@id":"https:\/\/thecraftcompany.pt\/produto\/pack-de-10-horas-de-costura\/#primaryimage","url":"https:\/\/thecraftcompany.pt\/wp-content\/uploads\/2021\/06\/FITA-02.png","contentUrl":"https:\/\/thecraftcompany.pt\/wp-content\/uploads\/2021\/06\/FITA-02.png","width":6545,"height":8048},{"@type":"BreadcrumbList","@id":"https:\/\/thecraftcompany.pt\/produto\/pack-de-10-horas-de-costura\/#breadcrumb","itemListElement":[{"@type":"ListItem","position":1,"name":"In\u00edcio","item":"https:\/\/thecraftcompany.pt\/en\/"},{"@type":"ListItem","position":2,"name":"Shop","item":"https:\/\/thecraftcompany.pt\/en\/shop-2\/"},{"@type":"ListItem","position":3,"name":"Pack de 10 horas de Costura"}]},{"@type":"WebSite","@id":"https:\/\/thecraftcompany.pt\/#website","url":"https:\/\/thecraftcompany.pt\/","name":"The Craft Company","description":"Store &amp; Workshops","publisher":{"@id":"https:\/\/thecraftcompany.pt\/#organization"},"potentialAction":[{"@type":"SearchAction","target":{"@type":"EntryPoint","urlTemplate":"https:\/\/thecraftcompany.pt\/?s={search_term_string}"},"query-input":"required name=search_term_string"}],"inLanguage":"en-US"},{"@type":"Organization","@id":"https:\/\/thecraftcompany.pt\/#organization","name":"The Craft Company","url":"https:\/\/thecraftcompany.pt\/","logo":{"@type":"ImageObject","inLanguage":"en-US","@id":"https:\/\/thecraftcompany.pt\/#\/schema\/logo\/image\/","url":"https:\/\/thecraftcompany.pt\/wp-content\/uploads\/2016\/12\/logo.png","contentUrl":"https:\/\/thecraftcompany.pt\/wp-content\/uploads\/2016\/12\/logo.png","width":238,"height":150,"caption":"The Craft Company"},"image":{"@id":"https:\/\/thecraftcompany.pt\/#\/schema\/logo\/image\/"},"sameAs":["https:\/\/www.facebook.com\/thecraftcompanycascais","https:\/\/www.instagram.com\/thecraftcompany_cascais\/"]}]}},"_links":{"self":[{"href":"https:\/\/thecraftcompany.pt\/en\/wp-json\/wp\/v2\/product\/12174"}],"collection":[{"href":"https:\/\/thecraftcompany.pt\/en\/wp-json\/wp\/v2\/product"}],"about":[{"href":"https:\/\/thecraftcompany.pt\/en\/wp-json\/wp\/v2\/types\/product"}],"wp:featuredmedia":[{"embeddable":true,"href":"https:\/\/thecraftcompany.pt\/en\/wp-json\/wp\/v2\/media\/14410"}],"wp:attachment":[{"href":"https:\/\/thecraftcompany.pt\/en\/wp-json\/wp\/v2\/media?parent=12174"}],"wp:term":[{"taxonomy":"product_cat","embeddable":true,"href":"https:\/\/thecraftcompany.pt\/en\/wp-json\/wp\/v2\/product_cat?post=12174"},{"taxonomy":"product_tag","embeddable":true,"href":"https:\/\/thecraftcompany.pt\/en\/wp-json\/wp\/v2\/product_tag?post=12174"}],"curies":[{"name":"wp","href":"https:\/\/api.w.org\/{rel}","templated":true}]}}