{"id":12536,"date":"2021-08-18T19:13:18","date_gmt":"2021-08-18T19:13:18","guid":{"rendered":"https:\/\/thecraftcompany.pt\/?post_type=product&#038;p=12536"},"modified":"2025-03-30T11:51:47","modified_gmt":"2025-03-30T11:51:47","slug":"ito-bolsa-pequena-preto","status":"publish","type":"product","link":"https:\/\/thecraftcompany.pt\/en\/produto\/ito-bolsa-pequena-preto\/","title":{"rendered":"ITO &#8211; Bolsa pequena &#8211; Preto"},"content":{"rendered":"<p>Cuidados com a Limpeza:<\/p>\n<p>Limpe com um pano h\u00famido bem torcido.<\/p>\n<p>Nenhum contato com itens quentes.<\/p>\n<p>N\u00e3o engomar.<br \/>\nN\u00e3o lavar.<\/p>\n<p>As cores escuras podem mudar, desbotar ou escorrer em contato com os itens molhados, mas o material n\u00e3o rasga.<\/p>\n","protected":false},"excerpt":{"rendered":"<p>Bolsa da marca Japonesa ITO em &#8220;Soft Naoron&#8221; para guardar marcadores, fita m\u00e9trica, uma pequena tesoura, etc&#8230;<\/p>\n<p>Cor: Preto<\/p>\n<p>Tamanho: 11x8cm<\/p>\n<p><strong><em>Soft Naoron<\/em><\/strong> \u00e9 um papel forte, \u00e0 prova de rasgos e altamente resistente \u00e0 \u00e1gua que permanece macio e flex\u00edvel. \u00c9 feito de polpa de madeira e poliolefina utilizando o m\u00e9todo de fabrica\u00e7\u00e3o de papel washi-suki. N\u00e3o emite fumos nocivos quando queimado. Os produtos feitos de Naoron Soft s\u00e3o adequados para o uso di\u00e1rio e envelhecem lindamente.<\/p>\n","protected":false},"featured_media":12537,"template":"","meta":[],"product_cat":[1714,12],"product_tag":[],"yoast_head":"<!-- This site is optimized with the Yoast SEO plugin v22.9 - https:\/\/yoast.com\/wordpress\/plugins\/seo\/ -->\n<title>ITO - Bolsa pequena - Preto - The Craft Company<\/title>\n<meta name=\"robots\" content=\"index, follow, max-snippet:-1, max-image-preview:large, max-video-preview:-1\" \/>\n<link rel=\"canonical\" href=\"https:\/\/thecraftcompany.pt\/produto\/ito-bolsa-pequena-preto\/\" \/>\n<meta property=\"og:locale\" content=\"en_US\" \/>\n<meta property=\"og:type\" content=\"article\" \/>\n<meta property=\"og:title\" content=\"ITO - Bolsa pequena - Preto - The Craft Company\" \/>\n<meta property=\"og:description\" content=\"Bolsa da marca Japonesa ITO em &quot;Soft Naoron&quot; para guardar marcadores, fita m\u00e9trica, uma pequena tesoura, etc...  Cor: Preto  Tamanho: 11x8cm  Soft Naoron \u00e9 um papel forte, \u00e0 prova de rasgos e altamente resistente \u00e0 \u00e1gua que permanece macio e flex\u00edvel. \u00c9 feito de polpa de madeira e poliolefina utilizando o m\u00e9todo de fabrica\u00e7\u00e3o de papel washi-suki. N\u00e3o emite fumos nocivos quando queimado. Os produtos feitos de Naoron Soft s\u00e3o adequados para o uso di\u00e1rio e envelhecem lindamente.\" \/>\n<meta property=\"og:url\" content=\"https:\/\/thecraftcompany.pt\/produto\/ito-bolsa-pequena-preto\/\" \/>\n<meta property=\"og:site_name\" content=\"The Craft Company\" \/>\n<meta property=\"article:publisher\" content=\"https:\/\/www.facebook.com\/thecraftcompanycascais\" \/>\n<meta property=\"article:modified_time\" content=\"2025-03-30T11:51:47+00:00\" \/>\n<meta property=\"og:image\" content=\"https:\/\/thecraftcompany.pt\/wp-content\/uploads\/2021\/08\/Siwa_NotionCase_alleFarben_hochformat_0.jpg\" \/>\n\t<meta property=\"og:image:width\" content=\"450\" \/>\n\t<meta property=\"og:image:height\" content=\"675\" \/>\n\t<meta property=\"og:image:type\" content=\"image\/jpeg\" \/>\n<meta name=\"twitter:card\" content=\"summary_large_image\" \/>\n<meta name=\"twitter:label1\" content=\"Est. reading time\" \/>\n\t<meta name=\"twitter:data1\" content=\"1 minute\" \/>\n<script type=\"application\/ld+json\" class=\"yoast-schema-graph\">{\"@context\":\"https:\/\/schema.org\",\"@graph\":[{\"@type\":\"WebPage\",\"@id\":\"https:\/\/thecraftcompany.pt\/produto\/ito-bolsa-pequena-preto\/\",\"url\":\"https:\/\/thecraftcompany.pt\/produto\/ito-bolsa-pequena-preto\/\",\"name\":\"ITO - Bolsa pequena - Preto - The Craft Company\",\"isPartOf\":{\"@id\":\"https:\/\/thecraftcompany.pt\/#website\"},\"primaryImageOfPage\":{\"@id\":\"https:\/\/thecraftcompany.pt\/produto\/ito-bolsa-pequena-preto\/#primaryimage\"},\"image\":{\"@id\":\"https:\/\/thecraftcompany.pt\/produto\/ito-bolsa-pequena-preto\/#primaryimage\"},\"thumbnailUrl\":\"https:\/\/thecraftcompany.pt\/wp-content\/uploads\/2021\/08\/Siwa_NotionCase_alleFarben_hochformat_0.jpg\",\"datePublished\":\"2021-08-18T19:13:18+00:00\",\"dateModified\":\"2025-03-30T11:51:47+00:00\",\"breadcrumb\":{\"@id\":\"https:\/\/thecraftcompany.pt\/produto\/ito-bolsa-pequena-preto\/#breadcrumb\"},\"inLanguage\":\"en-US\",\"potentialAction\":[{\"@type\":\"ReadAction\",\"target\":[\"https:\/\/thecraftcompany.pt\/produto\/ito-bolsa-pequena-preto\/\"]}]},{\"@type\":\"ImageObject\",\"inLanguage\":\"en-US\",\"@id\":\"https:\/\/thecraftcompany.pt\/produto\/ito-bolsa-pequena-preto\/#primaryimage\",\"url\":\"https:\/\/thecraftcompany.pt\/wp-content\/uploads\/2021\/08\/Siwa_NotionCase_alleFarben_hochformat_0.jpg\",\"contentUrl\":\"https:\/\/thecraftcompany.pt\/wp-content\/uploads\/2021\/08\/Siwa_NotionCase_alleFarben_hochformat_0.jpg\",\"width\":450,\"height\":675},{\"@type\":\"BreadcrumbList\",\"@id\":\"https:\/\/thecraftcompany.pt\/produto\/ito-bolsa-pequena-preto\/#breadcrumb\",\"itemListElement\":[{\"@type\":\"ListItem\",\"position\":1,\"name\":\"In\u00edcio\",\"item\":\"https:\/\/thecraftcompany.pt\/en\/\"},{\"@type\":\"ListItem\",\"position\":2,\"name\":\"Shop\",\"item\":\"https:\/\/thecraftcompany.pt\/en\/shop-2\/\"},{\"@type\":\"ListItem\",\"position\":3,\"name\":\"ITO &#8211; Bolsa pequena &#8211; Preto\"}]},{\"@type\":\"WebSite\",\"@id\":\"https:\/\/thecraftcompany.pt\/#website\",\"url\":\"https:\/\/thecraftcompany.pt\/\",\"name\":\"The Craft Company\",\"description\":\"Store &amp; Workshops\",\"publisher\":{\"@id\":\"https:\/\/thecraftcompany.pt\/#organization\"},\"potentialAction\":[{\"@type\":\"SearchAction\",\"target\":{\"@type\":\"EntryPoint\",\"urlTemplate\":\"https:\/\/thecraftcompany.pt\/?s={search_term_string}\"},\"query-input\":\"required name=search_term_string\"}],\"inLanguage\":\"en-US\"},{\"@type\":\"Organization\",\"@id\":\"https:\/\/thecraftcompany.pt\/#organization\",\"name\":\"The Craft Company\",\"url\":\"https:\/\/thecraftcompany.pt\/\",\"logo\":{\"@type\":\"ImageObject\",\"inLanguage\":\"en-US\",\"@id\":\"https:\/\/thecraftcompany.pt\/#\/schema\/logo\/image\/\",\"url\":\"https:\/\/thecraftcompany.pt\/wp-content\/uploads\/2016\/12\/logo.png\",\"contentUrl\":\"https:\/\/thecraftcompany.pt\/wp-content\/uploads\/2016\/12\/logo.png\",\"width\":238,\"height\":150,\"caption\":\"The Craft Company\"},\"image\":{\"@id\":\"https:\/\/thecraftcompany.pt\/#\/schema\/logo\/image\/\"},\"sameAs\":[\"https:\/\/www.facebook.com\/thecraftcompanycascais\",\"https:\/\/www.instagram.com\/thecraftcompany_cascais\/\"]}]}<\/script>\n<!-- \/ Yoast SEO plugin. -->","yoast_head_json":{"title":"ITO - Bolsa pequena - Preto - The Craft Company","robots":{"index":"index","follow":"follow","max-snippet":"max-snippet:-1","max-image-preview":"max-image-preview:large","max-video-preview":"max-video-preview:-1"},"canonical":"https:\/\/thecraftcompany.pt\/produto\/ito-bolsa-pequena-preto\/","og_locale":"en_US","og_type":"article","og_title":"ITO - Bolsa pequena - Preto - The Craft Company","og_description":"Bolsa da marca Japonesa ITO em \"Soft Naoron\" para guardar marcadores, fita m\u00e9trica, uma pequena tesoura, etc...  Cor: Preto  Tamanho: 11x8cm  Soft Naoron \u00e9 um papel forte, \u00e0 prova de rasgos e altamente resistente \u00e0 \u00e1gua que permanece macio e flex\u00edvel. \u00c9 feito de polpa de madeira e poliolefina utilizando o m\u00e9todo de fabrica\u00e7\u00e3o de papel washi-suki. N\u00e3o emite fumos nocivos quando queimado. Os produtos feitos de Naoron Soft s\u00e3o adequados para o uso di\u00e1rio e envelhecem lindamente.","og_url":"https:\/\/thecraftcompany.pt\/produto\/ito-bolsa-pequena-preto\/","og_site_name":"The Craft Company","article_publisher":"https:\/\/www.facebook.com\/thecraftcompanycascais","article_modified_time":"2025-03-30T11:51:47+00:00","og_image":[{"width":450,"height":675,"url":"https:\/\/thecraftcompany.pt\/wp-content\/uploads\/2021\/08\/Siwa_NotionCase_alleFarben_hochformat_0.jpg","type":"image\/jpeg"}],"twitter_card":"summary_large_image","twitter_misc":{"Est. reading time":"1 minute"},"schema":{"@context":"https:\/\/schema.org","@graph":[{"@type":"WebPage","@id":"https:\/\/thecraftcompany.pt\/produto\/ito-bolsa-pequena-preto\/","url":"https:\/\/thecraftcompany.pt\/produto\/ito-bolsa-pequena-preto\/","name":"ITO - Bolsa pequena - Preto - The Craft Company","isPartOf":{"@id":"https:\/\/thecraftcompany.pt\/#website"},"primaryImageOfPage":{"@id":"https:\/\/thecraftcompany.pt\/produto\/ito-bolsa-pequena-preto\/#primaryimage"},"image":{"@id":"https:\/\/thecraftcompany.pt\/produto\/ito-bolsa-pequena-preto\/#primaryimage"},"thumbnailUrl":"https:\/\/thecraftcompany.pt\/wp-content\/uploads\/2021\/08\/Siwa_NotionCase_alleFarben_hochformat_0.jpg","datePublished":"2021-08-18T19:13:18+00:00","dateModified":"2025-03-30T11:51:47+00:00","breadcrumb":{"@id":"https:\/\/thecraftcompany.pt\/produto\/ito-bolsa-pequena-preto\/#breadcrumb"},"inLanguage":"en-US","potentialAction":[{"@type":"ReadAction","target":["https:\/\/thecraftcompany.pt\/produto\/ito-bolsa-pequena-preto\/"]}]},{"@type":"ImageObject","inLanguage":"en-US","@id":"https:\/\/thecraftcompany.pt\/produto\/ito-bolsa-pequena-preto\/#primaryimage","url":"https:\/\/thecraftcompany.pt\/wp-content\/uploads\/2021\/08\/Siwa_NotionCase_alleFarben_hochformat_0.jpg","contentUrl":"https:\/\/thecraftcompany.pt\/wp-content\/uploads\/2021\/08\/Siwa_NotionCase_alleFarben_hochformat_0.jpg","width":450,"height":675},{"@type":"BreadcrumbList","@id":"https:\/\/thecraftcompany.pt\/produto\/ito-bolsa-pequena-preto\/#breadcrumb","itemListElement":[{"@type":"ListItem","position":1,"name":"In\u00edcio","item":"https:\/\/thecraftcompany.pt\/en\/"},{"@type":"ListItem","position":2,"name":"Shop","item":"https:\/\/thecraftcompany.pt\/en\/shop-2\/"},{"@type":"ListItem","position":3,"name":"ITO &#8211; Bolsa pequena &#8211; Preto"}]},{"@type":"WebSite","@id":"https:\/\/thecraftcompany.pt\/#website","url":"https:\/\/thecraftcompany.pt\/","name":"The Craft Company","description":"Store &amp; Workshops","publisher":{"@id":"https:\/\/thecraftcompany.pt\/#organization"},"potentialAction":[{"@type":"SearchAction","target":{"@type":"EntryPoint","urlTemplate":"https:\/\/thecraftcompany.pt\/?s={search_term_string}"},"query-input":"required name=search_term_string"}],"inLanguage":"en-US"},{"@type":"Organization","@id":"https:\/\/thecraftcompany.pt\/#organization","name":"The Craft Company","url":"https:\/\/thecraftcompany.pt\/","logo":{"@type":"ImageObject","inLanguage":"en-US","@id":"https:\/\/thecraftcompany.pt\/#\/schema\/logo\/image\/","url":"https:\/\/thecraftcompany.pt\/wp-content\/uploads\/2016\/12\/logo.png","contentUrl":"https:\/\/thecraftcompany.pt\/wp-content\/uploads\/2016\/12\/logo.png","width":238,"height":150,"caption":"The Craft Company"},"image":{"@id":"https:\/\/thecraftcompany.pt\/#\/schema\/logo\/image\/"},"sameAs":["https:\/\/www.facebook.com\/thecraftcompanycascais","https:\/\/www.instagram.com\/thecraftcompany_cascais\/"]}]}},"_links":{"self":[{"href":"https:\/\/thecraftcompany.pt\/en\/wp-json\/wp\/v2\/product\/12536"}],"collection":[{"href":"https:\/\/thecraftcompany.pt\/en\/wp-json\/wp\/v2\/product"}],"about":[{"href":"https:\/\/thecraftcompany.pt\/en\/wp-json\/wp\/v2\/types\/product"}],"wp:featuredmedia":[{"embeddable":true,"href":"https:\/\/thecraftcompany.pt\/en\/wp-json\/wp\/v2\/media\/12537"}],"wp:attachment":[{"href":"https:\/\/thecraftcompany.pt\/en\/wp-json\/wp\/v2\/media?parent=12536"}],"wp:term":[{"taxonomy":"product_cat","embeddable":true,"href":"https:\/\/thecraftcompany.pt\/en\/wp-json\/wp\/v2\/product_cat?post=12536"},{"taxonomy":"product_tag","embeddable":true,"href":"https:\/\/thecraftcompany.pt\/en\/wp-json\/wp\/v2\/product_tag?post=12536"}],"curies":[{"name":"wp","href":"https:\/\/api.w.org\/{rel}","templated":true}]}}