{"id":13629,"date":"2021-10-21T15:48:25","date_gmt":"2021-10-21T15:48:25","guid":{"rendered":"https:\/\/thecraftcompany.pt\/?post_type=product&#038;p=13629"},"modified":"2025-03-29T17:50:00","modified_gmt":"2025-03-29T17:50:00","slug":"stripes-por-veera-valimaki","status":"publish","type":"product","link":"https:\/\/thecraftcompany.pt\/en\/produto\/stripes-por-veera-valimaki\/","title":{"rendered":"STRIPES por Veera Valimaki"},"content":{"rendered":"<p>Durante anos, Veera V\u00e4lim\u00e4ki teve um fasc\u00ednio por cores e texturas &#8211; e fazer riscas com elas! Em Stripes, o desafio \u00e9 iniciar a sua pr\u00f3pria jornada no mundo das Riscas. Esta cole\u00e7\u00e3o apresenta 20 modelos de tricot, incluindo camisolas, casacos e xailes, al\u00e9m de um vestido descontra\u00eddo, um gorro e seu novo par de meias favorito. Tanto o livro quanto suas malhas s\u00e3o uma ode \u00e0s malhas contempor\u00e2neas, exalando uma sensa\u00e7\u00e3o de tranquilidade e confian\u00e7a atemporal.<\/p>\n<p>Veera V\u00e4lim\u00e4ki \u00e9 uma das principais designers de malhas do mundo. Os seus designs s\u00e3o conhecidos pelas linhas simples e limpas com detalhes modernos. Veera vive e trabalha numa pequena vila no sul da Finl\u00e2ndia, cercada por florestas, campos e lagos. Desde 2014, Veera trabalha na popular s\u00e9rie de livros Interpreta\u00e7\u00f5es, juntamente com Joji Locatelli (publicada pela Pom Pom Press). Stripes \u00e9 seu terceiro livro de capa dura.<\/p>\n<p>Esta publica\u00e7\u00e3o cont\u00e9m:<br \/>\n\u2022 200 p\u00e1ginas<br \/>\n\u2022 20 modelos de tricot (6 camisolas, 3 casacos de l\u00e3, 1 vestido, 8 xailes, 1 par de meias, 1 gorro) adequados a todos os n\u00edveis<br \/>\n\u2022 Capa dura<br \/>\n\u2022 Idioma: ingl\u00eas<br \/>\n\u2022 Peso: Aprox. 1000 g \/ 2,2 lb<br \/>\n\u2022 Dimens\u00f5es: 205 x 270 x 21 mm<br \/>\n\u2022 ISBN: 978-952-7468-00-5<br \/>\n\u2022 Somente impress\u00e3o, nenhum c\u00f3digo de download digital dispon\u00edvel.<\/p>\n","protected":false},"excerpt":{"rendered":"<p>&nbsp;<\/p>\n<p>&nbsp;<\/p>\n<p>&nbsp;<\/p>\n","protected":false},"featured_media":15007,"template":"","meta":[],"product_cat":[1778,1582,1694],"product_tag":[],"yoast_head":"<!-- This site is optimized with the Yoast SEO plugin v22.9 - https:\/\/yoast.com\/wordpress\/plugins\/seo\/ -->\n<title>STRIPES por Veera Valimaki - The Craft Company<\/title>\n<meta name=\"robots\" content=\"index, follow, max-snippet:-1, max-image-preview:large, max-video-preview:-1\" \/>\n<link rel=\"canonical\" href=\"https:\/\/thecraftcompany.pt\/produto\/stripes-por-veera-valimaki\/\" \/>\n<meta property=\"og:locale\" content=\"en_US\" \/>\n<meta property=\"og:type\" content=\"article\" \/>\n<meta property=\"og:title\" content=\"STRIPES por Veera Valimaki - The Craft Company\" \/>\n<meta property=\"og:description\" content=\"&nbsp;  &nbsp;  &nbsp;\" \/>\n<meta property=\"og:url\" content=\"https:\/\/thecraftcompany.pt\/produto\/stripes-por-veera-valimaki\/\" \/>\n<meta property=\"og:site_name\" content=\"The Craft Company\" \/>\n<meta property=\"article:publisher\" content=\"https:\/\/www.facebook.com\/thecraftcompanycascais\" \/>\n<meta property=\"article:modified_time\" content=\"2025-03-29T17:50:00+00:00\" \/>\n<meta property=\"og:image\" content=\"https:\/\/thecraftcompany.pt\/wp-content\/uploads\/2021\/10\/Stripes_cover_highreso.jpg\" \/>\n\t<meta property=\"og:image:width\" content=\"1225\" \/>\n\t<meta property=\"og:image:height\" content=\"1611\" \/>\n\t<meta property=\"og:image:type\" content=\"image\/jpeg\" \/>\n<meta name=\"twitter:card\" content=\"summary_large_image\" \/>\n<meta name=\"twitter:label1\" content=\"Est. reading time\" \/>\n\t<meta name=\"twitter:data1\" content=\"2 minutes\" \/>\n<script type=\"application\/ld+json\" class=\"yoast-schema-graph\">{\"@context\":\"https:\/\/schema.org\",\"@graph\":[{\"@type\":\"WebPage\",\"@id\":\"https:\/\/thecraftcompany.pt\/produto\/stripes-por-veera-valimaki\/\",\"url\":\"https:\/\/thecraftcompany.pt\/produto\/stripes-por-veera-valimaki\/\",\"name\":\"STRIPES por Veera Valimaki - The Craft Company\",\"isPartOf\":{\"@id\":\"https:\/\/thecraftcompany.pt\/#website\"},\"primaryImageOfPage\":{\"@id\":\"https:\/\/thecraftcompany.pt\/produto\/stripes-por-veera-valimaki\/#primaryimage\"},\"image\":{\"@id\":\"https:\/\/thecraftcompany.pt\/produto\/stripes-por-veera-valimaki\/#primaryimage\"},\"thumbnailUrl\":\"https:\/\/thecraftcompany.pt\/wp-content\/uploads\/2021\/10\/Stripes_cover_highreso.jpg\",\"datePublished\":\"2021-10-21T15:48:25+00:00\",\"dateModified\":\"2025-03-29T17:50:00+00:00\",\"breadcrumb\":{\"@id\":\"https:\/\/thecraftcompany.pt\/produto\/stripes-por-veera-valimaki\/#breadcrumb\"},\"inLanguage\":\"en-US\",\"potentialAction\":[{\"@type\":\"ReadAction\",\"target\":[\"https:\/\/thecraftcompany.pt\/produto\/stripes-por-veera-valimaki\/\"]}]},{\"@type\":\"ImageObject\",\"inLanguage\":\"en-US\",\"@id\":\"https:\/\/thecraftcompany.pt\/produto\/stripes-por-veera-valimaki\/#primaryimage\",\"url\":\"https:\/\/thecraftcompany.pt\/wp-content\/uploads\/2021\/10\/Stripes_cover_highreso.jpg\",\"contentUrl\":\"https:\/\/thecraftcompany.pt\/wp-content\/uploads\/2021\/10\/Stripes_cover_highreso.jpg\",\"width\":1225,\"height\":1611},{\"@type\":\"BreadcrumbList\",\"@id\":\"https:\/\/thecraftcompany.pt\/produto\/stripes-por-veera-valimaki\/#breadcrumb\",\"itemListElement\":[{\"@type\":\"ListItem\",\"position\":1,\"name\":\"In\u00edcio\",\"item\":\"https:\/\/thecraftcompany.pt\/en\/\"},{\"@type\":\"ListItem\",\"position\":2,\"name\":\"Shop\",\"item\":\"https:\/\/thecraftcompany.pt\/en\/shop-2\/\"},{\"@type\":\"ListItem\",\"position\":3,\"name\":\"STRIPES por Veera Valimaki\"}]},{\"@type\":\"WebSite\",\"@id\":\"https:\/\/thecraftcompany.pt\/#website\",\"url\":\"https:\/\/thecraftcompany.pt\/\",\"name\":\"The Craft Company\",\"description\":\"Store &amp; Workshops\",\"publisher\":{\"@id\":\"https:\/\/thecraftcompany.pt\/#organization\"},\"potentialAction\":[{\"@type\":\"SearchAction\",\"target\":{\"@type\":\"EntryPoint\",\"urlTemplate\":\"https:\/\/thecraftcompany.pt\/?s={search_term_string}\"},\"query-input\":\"required name=search_term_string\"}],\"inLanguage\":\"en-US\"},{\"@type\":\"Organization\",\"@id\":\"https:\/\/thecraftcompany.pt\/#organization\",\"name\":\"The Craft Company\",\"url\":\"https:\/\/thecraftcompany.pt\/\",\"logo\":{\"@type\":\"ImageObject\",\"inLanguage\":\"en-US\",\"@id\":\"https:\/\/thecraftcompany.pt\/#\/schema\/logo\/image\/\",\"url\":\"https:\/\/thecraftcompany.pt\/wp-content\/uploads\/2016\/12\/logo.png\",\"contentUrl\":\"https:\/\/thecraftcompany.pt\/wp-content\/uploads\/2016\/12\/logo.png\",\"width\":238,\"height\":150,\"caption\":\"The Craft Company\"},\"image\":{\"@id\":\"https:\/\/thecraftcompany.pt\/#\/schema\/logo\/image\/\"},\"sameAs\":[\"https:\/\/www.facebook.com\/thecraftcompanycascais\",\"https:\/\/www.instagram.com\/thecraftcompany_cascais\/\"]}]}<\/script>\n<!-- \/ Yoast SEO plugin. -->","yoast_head_json":{"title":"STRIPES por Veera Valimaki - The Craft Company","robots":{"index":"index","follow":"follow","max-snippet":"max-snippet:-1","max-image-preview":"max-image-preview:large","max-video-preview":"max-video-preview:-1"},"canonical":"https:\/\/thecraftcompany.pt\/produto\/stripes-por-veera-valimaki\/","og_locale":"en_US","og_type":"article","og_title":"STRIPES por Veera Valimaki - The Craft Company","og_description":"&nbsp;  &nbsp;  &nbsp;","og_url":"https:\/\/thecraftcompany.pt\/produto\/stripes-por-veera-valimaki\/","og_site_name":"The Craft Company","article_publisher":"https:\/\/www.facebook.com\/thecraftcompanycascais","article_modified_time":"2025-03-29T17:50:00+00:00","og_image":[{"width":1225,"height":1611,"url":"https:\/\/thecraftcompany.pt\/wp-content\/uploads\/2021\/10\/Stripes_cover_highreso.jpg","type":"image\/jpeg"}],"twitter_card":"summary_large_image","twitter_misc":{"Est. reading time":"2 minutes"},"schema":{"@context":"https:\/\/schema.org","@graph":[{"@type":"WebPage","@id":"https:\/\/thecraftcompany.pt\/produto\/stripes-por-veera-valimaki\/","url":"https:\/\/thecraftcompany.pt\/produto\/stripes-por-veera-valimaki\/","name":"STRIPES por Veera Valimaki - The Craft Company","isPartOf":{"@id":"https:\/\/thecraftcompany.pt\/#website"},"primaryImageOfPage":{"@id":"https:\/\/thecraftcompany.pt\/produto\/stripes-por-veera-valimaki\/#primaryimage"},"image":{"@id":"https:\/\/thecraftcompany.pt\/produto\/stripes-por-veera-valimaki\/#primaryimage"},"thumbnailUrl":"https:\/\/thecraftcompany.pt\/wp-content\/uploads\/2021\/10\/Stripes_cover_highreso.jpg","datePublished":"2021-10-21T15:48:25+00:00","dateModified":"2025-03-29T17:50:00+00:00","breadcrumb":{"@id":"https:\/\/thecraftcompany.pt\/produto\/stripes-por-veera-valimaki\/#breadcrumb"},"inLanguage":"en-US","potentialAction":[{"@type":"ReadAction","target":["https:\/\/thecraftcompany.pt\/produto\/stripes-por-veera-valimaki\/"]}]},{"@type":"ImageObject","inLanguage":"en-US","@id":"https:\/\/thecraftcompany.pt\/produto\/stripes-por-veera-valimaki\/#primaryimage","url":"https:\/\/thecraftcompany.pt\/wp-content\/uploads\/2021\/10\/Stripes_cover_highreso.jpg","contentUrl":"https:\/\/thecraftcompany.pt\/wp-content\/uploads\/2021\/10\/Stripes_cover_highreso.jpg","width":1225,"height":1611},{"@type":"BreadcrumbList","@id":"https:\/\/thecraftcompany.pt\/produto\/stripes-por-veera-valimaki\/#breadcrumb","itemListElement":[{"@type":"ListItem","position":1,"name":"In\u00edcio","item":"https:\/\/thecraftcompany.pt\/en\/"},{"@type":"ListItem","position":2,"name":"Shop","item":"https:\/\/thecraftcompany.pt\/en\/shop-2\/"},{"@type":"ListItem","position":3,"name":"STRIPES por Veera Valimaki"}]},{"@type":"WebSite","@id":"https:\/\/thecraftcompany.pt\/#website","url":"https:\/\/thecraftcompany.pt\/","name":"The Craft Company","description":"Store &amp; Workshops","publisher":{"@id":"https:\/\/thecraftcompany.pt\/#organization"},"potentialAction":[{"@type":"SearchAction","target":{"@type":"EntryPoint","urlTemplate":"https:\/\/thecraftcompany.pt\/?s={search_term_string}"},"query-input":"required name=search_term_string"}],"inLanguage":"en-US"},{"@type":"Organization","@id":"https:\/\/thecraftcompany.pt\/#organization","name":"The Craft Company","url":"https:\/\/thecraftcompany.pt\/","logo":{"@type":"ImageObject","inLanguage":"en-US","@id":"https:\/\/thecraftcompany.pt\/#\/schema\/logo\/image\/","url":"https:\/\/thecraftcompany.pt\/wp-content\/uploads\/2016\/12\/logo.png","contentUrl":"https:\/\/thecraftcompany.pt\/wp-content\/uploads\/2016\/12\/logo.png","width":238,"height":150,"caption":"The Craft Company"},"image":{"@id":"https:\/\/thecraftcompany.pt\/#\/schema\/logo\/image\/"},"sameAs":["https:\/\/www.facebook.com\/thecraftcompanycascais","https:\/\/www.instagram.com\/thecraftcompany_cascais\/"]}]}},"_links":{"self":[{"href":"https:\/\/thecraftcompany.pt\/en\/wp-json\/wp\/v2\/product\/13629"}],"collection":[{"href":"https:\/\/thecraftcompany.pt\/en\/wp-json\/wp\/v2\/product"}],"about":[{"href":"https:\/\/thecraftcompany.pt\/en\/wp-json\/wp\/v2\/types\/product"}],"wp:featuredmedia":[{"embeddable":true,"href":"https:\/\/thecraftcompany.pt\/en\/wp-json\/wp\/v2\/media\/15007"}],"wp:attachment":[{"href":"https:\/\/thecraftcompany.pt\/en\/wp-json\/wp\/v2\/media?parent=13629"}],"wp:term":[{"taxonomy":"product_cat","embeddable":true,"href":"https:\/\/thecraftcompany.pt\/en\/wp-json\/wp\/v2\/product_cat?post=13629"},{"taxonomy":"product_tag","embeddable":true,"href":"https:\/\/thecraftcompany.pt\/en\/wp-json\/wp\/v2\/product_tag?post=13629"}],"curies":[{"name":"wp","href":"https:\/\/api.w.org\/{rel}","templated":true}]}}