{"id":14033,"date":"2021-12-03T18:09:44","date_gmt":"2021-12-03T18:09:44","guid":{"rendered":"https:\/\/thecraftcompany.pt\/?post_type=product&#038;p=14033"},"modified":"2024-02-04T12:06:51","modified_gmt":"2024-02-04T12:06:51","slug":"kit-mamami-ponto-cruz-grande","status":"publish","type":"product","link":"https:\/\/thecraftcompany.pt\/en\/produto\/kit-mamami-ponto-cruz-grande\/","title":{"rendered":"Kit Mamami &#8211; Tapete Ponto Cruz Grande"},"content":{"rendered":"<p>&nbsp;<\/p>\n<p>&nbsp;<\/p>\n<p>&nbsp;<\/p>\n","protected":false},"excerpt":{"rendered":"<p>Medida:<\/p>\n<p>106 cm x 60 cm aprox<\/p>\n<p>Bordado em ponto cruz<br \/>\n(10 cm = 20 pontos)<\/p>\n<p>Este KIT cont\u00eam todos os materiais necess\u00e1rios para a realiza\u00e7\u00e3o do trabalho:<\/p>\n<ul>\n<li>tela desenhada \u00e0 m\u00e3o<\/li>\n<li>100% l\u00e3 virgem pura<\/li>\n<li>fotografia da obra acabada<\/li>\n<li>agulha<\/li>\n<li>instru\u00e7\u00f5es<\/li>\n<\/ul>\n<p>A tela grande \u00e9 bastante divertida e como a trama \u00e9 muito larga, facilita o bordado para todas as idades, sendo rapidamente vis\u00edveis os resultados.<\/p>\n<p>Al\u00e9m disso, esta pr\u00e1tica caixa com pega permite transportar o seu trabalho com conforto.<\/p>\n","protected":false},"featured_media":14034,"template":"","meta":[],"product_cat":[1675,1697,1727,1728],"product_tag":[],"yoast_head":"<!-- This site is optimized with the Yoast SEO plugin v22.9 - https:\/\/yoast.com\/wordpress\/plugins\/seo\/ -->\n<title>Kit Mamami - Tapete Ponto Cruz Grande - The Craft Company<\/title>\n<meta name=\"robots\" content=\"index, follow, max-snippet:-1, max-image-preview:large, max-video-preview:-1\" \/>\n<link rel=\"canonical\" href=\"https:\/\/thecraftcompany.pt\/produto\/kit-mamami-ponto-cruz-grande\/\" \/>\n<meta property=\"og:locale\" content=\"en_US\" \/>\n<meta property=\"og:type\" content=\"article\" \/>\n<meta property=\"og:title\" content=\"Kit Mamami - Tapete Ponto Cruz Grande - The Craft Company\" \/>\n<meta property=\"og:description\" content=\"Medida:  106 cm x 60 cm aprox  Bordado em ponto cruz (10 cm = 20 pontos)  Este KIT cont\u00eam todos os materiais necess\u00e1rios para a realiza\u00e7\u00e3o do trabalho:   tela desenhada \u00e0 m\u00e3o  100% l\u00e3 virgem pura  fotografia da obra acabada  agulha  instru\u00e7\u00f5es  A tela grande \u00e9 bastante divertida e como a trama \u00e9 muito larga, facilita o bordado para todas as idades, sendo rapidamente vis\u00edveis os resultados.  Al\u00e9m disso, esta pr\u00e1tica caixa com pega permite transportar o seu trabalho com conforto.\" \/>\n<meta property=\"og:url\" content=\"https:\/\/thecraftcompany.pt\/produto\/kit-mamami-ponto-cruz-grande\/\" \/>\n<meta property=\"og:site_name\" content=\"The Craft Company\" \/>\n<meta property=\"article:publisher\" content=\"https:\/\/www.facebook.com\/thecraftcompanycascais\" \/>\n<meta property=\"article:modified_time\" content=\"2024-02-04T12:06:51+00:00\" \/>\n<meta property=\"og:image\" content=\"https:\/\/thecraftcompany.pt\/wp-content\/uploads\/2021\/12\/Mamami-2-645x1024.jpg\" \/>\n\t<meta property=\"og:image:width\" content=\"645\" \/>\n\t<meta property=\"og:image:height\" content=\"1024\" \/>\n\t<meta property=\"og:image:type\" content=\"image\/jpeg\" \/>\n<meta name=\"twitter:card\" content=\"summary_large_image\" \/>\n<script type=\"application\/ld+json\" class=\"yoast-schema-graph\">{\"@context\":\"https:\/\/schema.org\",\"@graph\":[{\"@type\":\"WebPage\",\"@id\":\"https:\/\/thecraftcompany.pt\/produto\/kit-mamami-ponto-cruz-grande\/\",\"url\":\"https:\/\/thecraftcompany.pt\/produto\/kit-mamami-ponto-cruz-grande\/\",\"name\":\"Kit Mamami - Tapete Ponto Cruz Grande - The Craft Company\",\"isPartOf\":{\"@id\":\"https:\/\/thecraftcompany.pt\/#website\"},\"primaryImageOfPage\":{\"@id\":\"https:\/\/thecraftcompany.pt\/produto\/kit-mamami-ponto-cruz-grande\/#primaryimage\"},\"image\":{\"@id\":\"https:\/\/thecraftcompany.pt\/produto\/kit-mamami-ponto-cruz-grande\/#primaryimage\"},\"thumbnailUrl\":\"https:\/\/thecraftcompany.pt\/wp-content\/uploads\/2021\/12\/Mamami-2.jpg\",\"datePublished\":\"2021-12-03T18:09:44+00:00\",\"dateModified\":\"2024-02-04T12:06:51+00:00\",\"breadcrumb\":{\"@id\":\"https:\/\/thecraftcompany.pt\/produto\/kit-mamami-ponto-cruz-grande\/#breadcrumb\"},\"inLanguage\":\"en-US\",\"potentialAction\":[{\"@type\":\"ReadAction\",\"target\":[\"https:\/\/thecraftcompany.pt\/produto\/kit-mamami-ponto-cruz-grande\/\"]}]},{\"@type\":\"ImageObject\",\"inLanguage\":\"en-US\",\"@id\":\"https:\/\/thecraftcompany.pt\/produto\/kit-mamami-ponto-cruz-grande\/#primaryimage\",\"url\":\"https:\/\/thecraftcompany.pt\/wp-content\/uploads\/2021\/12\/Mamami-2.jpg\",\"contentUrl\":\"https:\/\/thecraftcompany.pt\/wp-content\/uploads\/2021\/12\/Mamami-2.jpg\",\"width\":1356,\"height\":2154},{\"@type\":\"BreadcrumbList\",\"@id\":\"https:\/\/thecraftcompany.pt\/produto\/kit-mamami-ponto-cruz-grande\/#breadcrumb\",\"itemListElement\":[{\"@type\":\"ListItem\",\"position\":1,\"name\":\"In\u00edcio\",\"item\":\"https:\/\/thecraftcompany.pt\/en\/\"},{\"@type\":\"ListItem\",\"position\":2,\"name\":\"Shop\",\"item\":\"https:\/\/thecraftcompany.pt\/en\/shop-2\/\"},{\"@type\":\"ListItem\",\"position\":3,\"name\":\"Kit Mamami &#8211; Tapete Ponto Cruz Grande\"}]},{\"@type\":\"WebSite\",\"@id\":\"https:\/\/thecraftcompany.pt\/#website\",\"url\":\"https:\/\/thecraftcompany.pt\/\",\"name\":\"The Craft Company\",\"description\":\"Store &amp; Workshops\",\"publisher\":{\"@id\":\"https:\/\/thecraftcompany.pt\/#organization\"},\"potentialAction\":[{\"@type\":\"SearchAction\",\"target\":{\"@type\":\"EntryPoint\",\"urlTemplate\":\"https:\/\/thecraftcompany.pt\/?s={search_term_string}\"},\"query-input\":\"required name=search_term_string\"}],\"inLanguage\":\"en-US\"},{\"@type\":\"Organization\",\"@id\":\"https:\/\/thecraftcompany.pt\/#organization\",\"name\":\"The Craft Company\",\"url\":\"https:\/\/thecraftcompany.pt\/\",\"logo\":{\"@type\":\"ImageObject\",\"inLanguage\":\"en-US\",\"@id\":\"https:\/\/thecraftcompany.pt\/#\/schema\/logo\/image\/\",\"url\":\"https:\/\/thecraftcompany.pt\/wp-content\/uploads\/2016\/12\/logo.png\",\"contentUrl\":\"https:\/\/thecraftcompany.pt\/wp-content\/uploads\/2016\/12\/logo.png\",\"width\":238,\"height\":150,\"caption\":\"The Craft Company\"},\"image\":{\"@id\":\"https:\/\/thecraftcompany.pt\/#\/schema\/logo\/image\/\"},\"sameAs\":[\"https:\/\/www.facebook.com\/thecraftcompanycascais\",\"https:\/\/www.instagram.com\/thecraftcompany_cascais\/\"]}]}<\/script>\n<!-- \/ Yoast SEO plugin. -->","yoast_head_json":{"title":"Kit Mamami - Tapete Ponto Cruz Grande - The Craft Company","robots":{"index":"index","follow":"follow","max-snippet":"max-snippet:-1","max-image-preview":"max-image-preview:large","max-video-preview":"max-video-preview:-1"},"canonical":"https:\/\/thecraftcompany.pt\/produto\/kit-mamami-ponto-cruz-grande\/","og_locale":"en_US","og_type":"article","og_title":"Kit Mamami - Tapete Ponto Cruz Grande - The Craft Company","og_description":"Medida:  106 cm x 60 cm aprox  Bordado em ponto cruz (10 cm = 20 pontos)  Este KIT cont\u00eam todos os materiais necess\u00e1rios para a realiza\u00e7\u00e3o do trabalho:   tela desenhada \u00e0 m\u00e3o  100% l\u00e3 virgem pura  fotografia da obra acabada  agulha  instru\u00e7\u00f5es  A tela grande \u00e9 bastante divertida e como a trama \u00e9 muito larga, facilita o bordado para todas as idades, sendo rapidamente vis\u00edveis os resultados.  Al\u00e9m disso, esta pr\u00e1tica caixa com pega permite transportar o seu trabalho com conforto.","og_url":"https:\/\/thecraftcompany.pt\/produto\/kit-mamami-ponto-cruz-grande\/","og_site_name":"The Craft Company","article_publisher":"https:\/\/www.facebook.com\/thecraftcompanycascais","article_modified_time":"2024-02-04T12:06:51+00:00","og_image":[{"width":645,"height":1024,"url":"https:\/\/thecraftcompany.pt\/wp-content\/uploads\/2021\/12\/Mamami-2-645x1024.jpg","type":"image\/jpeg"}],"twitter_card":"summary_large_image","schema":{"@context":"https:\/\/schema.org","@graph":[{"@type":"WebPage","@id":"https:\/\/thecraftcompany.pt\/produto\/kit-mamami-ponto-cruz-grande\/","url":"https:\/\/thecraftcompany.pt\/produto\/kit-mamami-ponto-cruz-grande\/","name":"Kit Mamami - Tapete Ponto Cruz Grande - The Craft Company","isPartOf":{"@id":"https:\/\/thecraftcompany.pt\/#website"},"primaryImageOfPage":{"@id":"https:\/\/thecraftcompany.pt\/produto\/kit-mamami-ponto-cruz-grande\/#primaryimage"},"image":{"@id":"https:\/\/thecraftcompany.pt\/produto\/kit-mamami-ponto-cruz-grande\/#primaryimage"},"thumbnailUrl":"https:\/\/thecraftcompany.pt\/wp-content\/uploads\/2021\/12\/Mamami-2.jpg","datePublished":"2021-12-03T18:09:44+00:00","dateModified":"2024-02-04T12:06:51+00:00","breadcrumb":{"@id":"https:\/\/thecraftcompany.pt\/produto\/kit-mamami-ponto-cruz-grande\/#breadcrumb"},"inLanguage":"en-US","potentialAction":[{"@type":"ReadAction","target":["https:\/\/thecraftcompany.pt\/produto\/kit-mamami-ponto-cruz-grande\/"]}]},{"@type":"ImageObject","inLanguage":"en-US","@id":"https:\/\/thecraftcompany.pt\/produto\/kit-mamami-ponto-cruz-grande\/#primaryimage","url":"https:\/\/thecraftcompany.pt\/wp-content\/uploads\/2021\/12\/Mamami-2.jpg","contentUrl":"https:\/\/thecraftcompany.pt\/wp-content\/uploads\/2021\/12\/Mamami-2.jpg","width":1356,"height":2154},{"@type":"BreadcrumbList","@id":"https:\/\/thecraftcompany.pt\/produto\/kit-mamami-ponto-cruz-grande\/#breadcrumb","itemListElement":[{"@type":"ListItem","position":1,"name":"In\u00edcio","item":"https:\/\/thecraftcompany.pt\/en\/"},{"@type":"ListItem","position":2,"name":"Shop","item":"https:\/\/thecraftcompany.pt\/en\/shop-2\/"},{"@type":"ListItem","position":3,"name":"Kit Mamami &#8211; Tapete Ponto Cruz Grande"}]},{"@type":"WebSite","@id":"https:\/\/thecraftcompany.pt\/#website","url":"https:\/\/thecraftcompany.pt\/","name":"The Craft Company","description":"Store &amp; Workshops","publisher":{"@id":"https:\/\/thecraftcompany.pt\/#organization"},"potentialAction":[{"@type":"SearchAction","target":{"@type":"EntryPoint","urlTemplate":"https:\/\/thecraftcompany.pt\/?s={search_term_string}"},"query-input":"required name=search_term_string"}],"inLanguage":"en-US"},{"@type":"Organization","@id":"https:\/\/thecraftcompany.pt\/#organization","name":"The Craft Company","url":"https:\/\/thecraftcompany.pt\/","logo":{"@type":"ImageObject","inLanguage":"en-US","@id":"https:\/\/thecraftcompany.pt\/#\/schema\/logo\/image\/","url":"https:\/\/thecraftcompany.pt\/wp-content\/uploads\/2016\/12\/logo.png","contentUrl":"https:\/\/thecraftcompany.pt\/wp-content\/uploads\/2016\/12\/logo.png","width":238,"height":150,"caption":"The Craft Company"},"image":{"@id":"https:\/\/thecraftcompany.pt\/#\/schema\/logo\/image\/"},"sameAs":["https:\/\/www.facebook.com\/thecraftcompanycascais","https:\/\/www.instagram.com\/thecraftcompany_cascais\/"]}]}},"_links":{"self":[{"href":"https:\/\/thecraftcompany.pt\/en\/wp-json\/wp\/v2\/product\/14033"}],"collection":[{"href":"https:\/\/thecraftcompany.pt\/en\/wp-json\/wp\/v2\/product"}],"about":[{"href":"https:\/\/thecraftcompany.pt\/en\/wp-json\/wp\/v2\/types\/product"}],"wp:featuredmedia":[{"embeddable":true,"href":"https:\/\/thecraftcompany.pt\/en\/wp-json\/wp\/v2\/media\/14034"}],"wp:attachment":[{"href":"https:\/\/thecraftcompany.pt\/en\/wp-json\/wp\/v2\/media?parent=14033"}],"wp:term":[{"taxonomy":"product_cat","embeddable":true,"href":"https:\/\/thecraftcompany.pt\/en\/wp-json\/wp\/v2\/product_cat?post=14033"},{"taxonomy":"product_tag","embeddable":true,"href":"https:\/\/thecraftcompany.pt\/en\/wp-json\/wp\/v2\/product_tag?post=14033"}],"curies":[{"name":"wp","href":"https:\/\/api.w.org\/{rel}","templated":true}]}}