{"id":14416,"date":"2022-01-29T11:56:43","date_gmt":"2022-01-29T11:56:43","guid":{"rendered":"https:\/\/thecraftcompany.pt\/?post_type=product&#038;p=14416"},"modified":"2024-12-30T15:16:10","modified_gmt":"2024-12-30T15:16:10","slug":"1-hora-de-tricot","status":"publish","type":"product","link":"https:\/\/thecraftcompany.pt\/en\/produto\/1-hora-de-tricot\/","title":{"rendered":"1 hora de Tricot"},"content":{"rendered":"<p><b>COMO FUNCIONA:<\/b><\/p>\n<p>Aula de Tricot individual.<\/p>\n<p>Pode comprar 1 ou mais horas, de acordo com o seu objetivo.<\/p>\n<p>Se comprar apenas 1 hora, \u00e9 ideal para tirar d\u00favidas ou desenvolver pequenos trabalhos.<\/p>\n<p>Se precisar de mais, selecione as horas necess\u00e1rias e clique no bot\u00e3o ADICIONAR.<\/p>\n<p>As aulas podem ser marcadas dentro do hor\u00e1rio do nosso atelier: entre as 9h00 e as 19h00; e pode marcar v\u00e1rias horas de cada vez, ou s\u00f3 uma hora, ou seja, n\u00e3o h\u00e1 limite quanto ao n\u00famero de horas, desde que haja disponibilidade de sala.<\/p>\n<p><strong>MATERIAIS:<\/strong>\u00a0n\u00e3o inclu\u00eddos no pre\u00e7o<\/p>\n<p><strong>NOTAS IMPORTANTES:<\/strong><\/p>\n<p>A partir dos 8 anos.<\/p>\n<p>Ap\u00f3s a compra deste Workshop, entre em contacto com a The Craft Company, para fazer a marca\u00e7\u00e3o das suas aulas.<\/p>\n<p><strong>POL\u00cdTICA DE CANCELAMENTO:<\/strong><\/p>\n<p>N\u00e3o h\u00e1 devolu\u00e7\u00e3o do valor em caso de falta. As faltas avisadas com <strong>24 horas de anteced\u00eancia<\/strong>, em rela\u00e7\u00e3o \u00e0 hora marcada ser\u00e3o remarcadas.<\/p>\n","protected":false},"excerpt":{"rendered":"<p>Aprenda ou aperfei\u00e7oe as suas no\u00e7\u00f5es de tricot, com total flexibilidade, no dia e hora que quiser!<\/p>\n<ul>\n<li>Por marca\u00e7\u00e3o<\/li>\n<li>De segunda-feira a s\u00e1bado, entre as 9h00 e as 19h00.<\/li>\n<li>Dura\u00e7\u00e3o da aula escolhida pelo aluno<\/li>\n<\/ul>\n<p>&nbsp;<\/p>\n<p style=\"padding-left: 200px;\"><span style=\"color: #800000;\"><strong><a style=\"color: #800000;\" href=\"https:\/\/thecraftcompany.pt\/workshops\/\">Conhe\u00e7a aqui as nossas Formadoras!<\/a><\/strong><\/span><\/p>\n","protected":false},"featured_media":14413,"template":"","meta":[],"product_cat":[1929,1931,1927],"product_tag":[],"yoast_head":"<!-- This site is optimized with the Yoast SEO plugin v22.9 - https:\/\/yoast.com\/wordpress\/plugins\/seo\/ -->\n<title>1 hora de Tricot - The Craft Company<\/title>\n<meta name=\"robots\" content=\"index, follow, max-snippet:-1, max-image-preview:large, max-video-preview:-1\" \/>\n<link rel=\"canonical\" href=\"https:\/\/thecraftcompany.pt\/produto\/1-hora-de-tricot\/\" \/>\n<meta property=\"og:locale\" content=\"en_US\" \/>\n<meta property=\"og:type\" content=\"article\" \/>\n<meta property=\"og:title\" content=\"1 hora de Tricot - The Craft Company\" \/>\n<meta property=\"og:description\" content=\"Aprenda ou aperfei\u00e7oe as suas no\u00e7\u00f5es de tricot, com total flexibilidade, no dia e hora que quiser!   Por marca\u00e7\u00e3o  De segunda-feira a s\u00e1bado, entre as 9h00 e as 19h00.  Dura\u00e7\u00e3o da aula escolhida pelo aluno  &nbsp; Conhe\u00e7a aqui as nossas Formadoras!\" \/>\n<meta property=\"og:url\" content=\"https:\/\/thecraftcompany.pt\/produto\/1-hora-de-tricot\/\" \/>\n<meta property=\"og:site_name\" content=\"The Craft Company\" \/>\n<meta property=\"article:publisher\" content=\"https:\/\/www.facebook.com\/thecraftcompanycascais\" \/>\n<meta property=\"article:modified_time\" content=\"2024-12-30T15:16:10+00:00\" \/>\n<meta property=\"og:image\" content=\"https:\/\/thecraftcompany.pt\/wp-content\/uploads\/2021\/06\/NOVELO-03.png\" \/>\n\t<meta property=\"og:image:width\" content=\"6544\" \/>\n\t<meta property=\"og:image:height\" content=\"8048\" \/>\n\t<meta property=\"og:image:type\" content=\"image\/png\" \/>\n<meta name=\"twitter:card\" content=\"summary_large_image\" \/>\n<meta name=\"twitter:label1\" content=\"Est. reading time\" \/>\n\t<meta name=\"twitter:data1\" content=\"2 minutes\" \/>\n<script type=\"application\/ld+json\" class=\"yoast-schema-graph\">{\"@context\":\"https:\/\/schema.org\",\"@graph\":[{\"@type\":\"WebPage\",\"@id\":\"https:\/\/thecraftcompany.pt\/produto\/1-hora-de-tricot\/\",\"url\":\"https:\/\/thecraftcompany.pt\/produto\/1-hora-de-tricot\/\",\"name\":\"1 hora de Tricot - The Craft Company\",\"isPartOf\":{\"@id\":\"https:\/\/thecraftcompany.pt\/#website\"},\"primaryImageOfPage\":{\"@id\":\"https:\/\/thecraftcompany.pt\/produto\/1-hora-de-tricot\/#primaryimage\"},\"image\":{\"@id\":\"https:\/\/thecraftcompany.pt\/produto\/1-hora-de-tricot\/#primaryimage\"},\"thumbnailUrl\":\"https:\/\/thecraftcompany.pt\/wp-content\/uploads\/2021\/06\/NOVELO-03.png\",\"datePublished\":\"2022-01-29T11:56:43+00:00\",\"dateModified\":\"2024-12-30T15:16:10+00:00\",\"breadcrumb\":{\"@id\":\"https:\/\/thecraftcompany.pt\/produto\/1-hora-de-tricot\/#breadcrumb\"},\"inLanguage\":\"en-US\",\"potentialAction\":[{\"@type\":\"ReadAction\",\"target\":[\"https:\/\/thecraftcompany.pt\/produto\/1-hora-de-tricot\/\"]}]},{\"@type\":\"ImageObject\",\"inLanguage\":\"en-US\",\"@id\":\"https:\/\/thecraftcompany.pt\/produto\/1-hora-de-tricot\/#primaryimage\",\"url\":\"https:\/\/thecraftcompany.pt\/wp-content\/uploads\/2021\/06\/NOVELO-03.png\",\"contentUrl\":\"https:\/\/thecraftcompany.pt\/wp-content\/uploads\/2021\/06\/NOVELO-03.png\",\"width\":6544,\"height\":8048},{\"@type\":\"BreadcrumbList\",\"@id\":\"https:\/\/thecraftcompany.pt\/produto\/1-hora-de-tricot\/#breadcrumb\",\"itemListElement\":[{\"@type\":\"ListItem\",\"position\":1,\"name\":\"In\u00edcio\",\"item\":\"https:\/\/thecraftcompany.pt\/en\/\"},{\"@type\":\"ListItem\",\"position\":2,\"name\":\"Shop\",\"item\":\"https:\/\/thecraftcompany.pt\/en\/shop-2\/\"},{\"@type\":\"ListItem\",\"position\":3,\"name\":\"1 hora de Tricot\"}]},{\"@type\":\"WebSite\",\"@id\":\"https:\/\/thecraftcompany.pt\/#website\",\"url\":\"https:\/\/thecraftcompany.pt\/\",\"name\":\"The Craft Company\",\"description\":\"Store &amp; Workshops\",\"publisher\":{\"@id\":\"https:\/\/thecraftcompany.pt\/#organization\"},\"potentialAction\":[{\"@type\":\"SearchAction\",\"target\":{\"@type\":\"EntryPoint\",\"urlTemplate\":\"https:\/\/thecraftcompany.pt\/?s={search_term_string}\"},\"query-input\":\"required name=search_term_string\"}],\"inLanguage\":\"en-US\"},{\"@type\":\"Organization\",\"@id\":\"https:\/\/thecraftcompany.pt\/#organization\",\"name\":\"The Craft Company\",\"url\":\"https:\/\/thecraftcompany.pt\/\",\"logo\":{\"@type\":\"ImageObject\",\"inLanguage\":\"en-US\",\"@id\":\"https:\/\/thecraftcompany.pt\/#\/schema\/logo\/image\/\",\"url\":\"https:\/\/thecraftcompany.pt\/wp-content\/uploads\/2016\/12\/logo.png\",\"contentUrl\":\"https:\/\/thecraftcompany.pt\/wp-content\/uploads\/2016\/12\/logo.png\",\"width\":238,\"height\":150,\"caption\":\"The Craft Company\"},\"image\":{\"@id\":\"https:\/\/thecraftcompany.pt\/#\/schema\/logo\/image\/\"},\"sameAs\":[\"https:\/\/www.facebook.com\/thecraftcompanycascais\",\"https:\/\/www.instagram.com\/thecraftcompany_cascais\/\"]}]}<\/script>\n<!-- \/ Yoast SEO plugin. -->","yoast_head_json":{"title":"1 hora de Tricot - The Craft Company","robots":{"index":"index","follow":"follow","max-snippet":"max-snippet:-1","max-image-preview":"max-image-preview:large","max-video-preview":"max-video-preview:-1"},"canonical":"https:\/\/thecraftcompany.pt\/produto\/1-hora-de-tricot\/","og_locale":"en_US","og_type":"article","og_title":"1 hora de Tricot - The Craft Company","og_description":"Aprenda ou aperfei\u00e7oe as suas no\u00e7\u00f5es de tricot, com total flexibilidade, no dia e hora que quiser!   Por marca\u00e7\u00e3o  De segunda-feira a s\u00e1bado, entre as 9h00 e as 19h00.  Dura\u00e7\u00e3o da aula escolhida pelo aluno  &nbsp; Conhe\u00e7a aqui as nossas Formadoras!","og_url":"https:\/\/thecraftcompany.pt\/produto\/1-hora-de-tricot\/","og_site_name":"The Craft Company","article_publisher":"https:\/\/www.facebook.com\/thecraftcompanycascais","article_modified_time":"2024-12-30T15:16:10+00:00","og_image":[{"width":6544,"height":8048,"url":"https:\/\/thecraftcompany.pt\/wp-content\/uploads\/2021\/06\/NOVELO-03.png","type":"image\/png"}],"twitter_card":"summary_large_image","twitter_misc":{"Est. reading time":"2 minutes"},"schema":{"@context":"https:\/\/schema.org","@graph":[{"@type":"WebPage","@id":"https:\/\/thecraftcompany.pt\/produto\/1-hora-de-tricot\/","url":"https:\/\/thecraftcompany.pt\/produto\/1-hora-de-tricot\/","name":"1 hora de Tricot - The Craft Company","isPartOf":{"@id":"https:\/\/thecraftcompany.pt\/#website"},"primaryImageOfPage":{"@id":"https:\/\/thecraftcompany.pt\/produto\/1-hora-de-tricot\/#primaryimage"},"image":{"@id":"https:\/\/thecraftcompany.pt\/produto\/1-hora-de-tricot\/#primaryimage"},"thumbnailUrl":"https:\/\/thecraftcompany.pt\/wp-content\/uploads\/2021\/06\/NOVELO-03.png","datePublished":"2022-01-29T11:56:43+00:00","dateModified":"2024-12-30T15:16:10+00:00","breadcrumb":{"@id":"https:\/\/thecraftcompany.pt\/produto\/1-hora-de-tricot\/#breadcrumb"},"inLanguage":"en-US","potentialAction":[{"@type":"ReadAction","target":["https:\/\/thecraftcompany.pt\/produto\/1-hora-de-tricot\/"]}]},{"@type":"ImageObject","inLanguage":"en-US","@id":"https:\/\/thecraftcompany.pt\/produto\/1-hora-de-tricot\/#primaryimage","url":"https:\/\/thecraftcompany.pt\/wp-content\/uploads\/2021\/06\/NOVELO-03.png","contentUrl":"https:\/\/thecraftcompany.pt\/wp-content\/uploads\/2021\/06\/NOVELO-03.png","width":6544,"height":8048},{"@type":"BreadcrumbList","@id":"https:\/\/thecraftcompany.pt\/produto\/1-hora-de-tricot\/#breadcrumb","itemListElement":[{"@type":"ListItem","position":1,"name":"In\u00edcio","item":"https:\/\/thecraftcompany.pt\/en\/"},{"@type":"ListItem","position":2,"name":"Shop","item":"https:\/\/thecraftcompany.pt\/en\/shop-2\/"},{"@type":"ListItem","position":3,"name":"1 hora de Tricot"}]},{"@type":"WebSite","@id":"https:\/\/thecraftcompany.pt\/#website","url":"https:\/\/thecraftcompany.pt\/","name":"The Craft Company","description":"Store &amp; Workshops","publisher":{"@id":"https:\/\/thecraftcompany.pt\/#organization"},"potentialAction":[{"@type":"SearchAction","target":{"@type":"EntryPoint","urlTemplate":"https:\/\/thecraftcompany.pt\/?s={search_term_string}"},"query-input":"required name=search_term_string"}],"inLanguage":"en-US"},{"@type":"Organization","@id":"https:\/\/thecraftcompany.pt\/#organization","name":"The Craft Company","url":"https:\/\/thecraftcompany.pt\/","logo":{"@type":"ImageObject","inLanguage":"en-US","@id":"https:\/\/thecraftcompany.pt\/#\/schema\/logo\/image\/","url":"https:\/\/thecraftcompany.pt\/wp-content\/uploads\/2016\/12\/logo.png","contentUrl":"https:\/\/thecraftcompany.pt\/wp-content\/uploads\/2016\/12\/logo.png","width":238,"height":150,"caption":"The Craft Company"},"image":{"@id":"https:\/\/thecraftcompany.pt\/#\/schema\/logo\/image\/"},"sameAs":["https:\/\/www.facebook.com\/thecraftcompanycascais","https:\/\/www.instagram.com\/thecraftcompany_cascais\/"]}]}},"_links":{"self":[{"href":"https:\/\/thecraftcompany.pt\/en\/wp-json\/wp\/v2\/product\/14416"}],"collection":[{"href":"https:\/\/thecraftcompany.pt\/en\/wp-json\/wp\/v2\/product"}],"about":[{"href":"https:\/\/thecraftcompany.pt\/en\/wp-json\/wp\/v2\/types\/product"}],"wp:featuredmedia":[{"embeddable":true,"href":"https:\/\/thecraftcompany.pt\/en\/wp-json\/wp\/v2\/media\/14413"}],"wp:attachment":[{"href":"https:\/\/thecraftcompany.pt\/en\/wp-json\/wp\/v2\/media?parent=14416"}],"wp:term":[{"taxonomy":"product_cat","embeddable":true,"href":"https:\/\/thecraftcompany.pt\/en\/wp-json\/wp\/v2\/product_cat?post=14416"},{"taxonomy":"product_tag","embeddable":true,"href":"https:\/\/thecraftcompany.pt\/en\/wp-json\/wp\/v2\/product_tag?post=14416"}],"curies":[{"name":"wp","href":"https:\/\/api.w.org\/{rel}","templated":true}]}}