{"id":15235,"date":"2022-04-11T12:27:09","date_gmt":"2022-04-11T12:27:09","guid":{"rendered":"https:\/\/thecraftcompany.pt\/?post_type=product&#038;p=15235"},"modified":"2025-12-30T11:17:47","modified_gmt":"2025-12-30T11:17:47","slug":"kit-de-tricot-menina-may","status":"publish","type":"product","link":"https:\/\/thecraftcompany.pt\/en\/produto\/kit-de-tricot-menina-may\/","title":{"rendered":"Kit de Tricot &#8211; Menina May"},"content":{"rendered":"<p><strong>O Kit de Tricot &#8211; Menina May cont\u00e9m:<\/strong><\/p>\n<p>Fio<\/p>\n<ul>\n<li>50 g algod\u00e3o &#8211; castanho escuro<\/li>\n<li>25 g algod\u00e3o &#8211; branco<\/li>\n<li>25 g algod\u00e3o &#8211; rosa<\/li>\n<li>10 g algod\u00e3o &#8211; preto<\/li>\n<\/ul>\n<p>Materiais<\/p>\n<ul>\n<li>Esquema (NL-ENG-DE-FR)<\/li>\n<li>Enchimento<\/li>\n<li>Olhos &#8211; 10 mm<\/li>\n<\/ul>\n","protected":false},"excerpt":{"rendered":"<p>Apresentamos-lhe a May! A sua roupa e as suas meias podem ser removidas e trocadas com as suas amigas April e June! Esta linda boneca \u00e9 um excelente complemento para a sua cole\u00e7\u00e3o.<\/p>\n<p>Este kit cont\u00e9m um esquema, fios 100% algod\u00e3o e todos os materiais necess\u00e1rios para come\u00e7ar a trabalhar (excluindo agulha de tricot).<\/p>\n<p>May tem aproximadamente 30 cm de altura e \u00e9 feita com uma agulha de tricot de 3 mm.<\/p>\n<p>Kit Hardicraft, com fio Catona | Scheepjes &#8211; 100% algod\u00e3o mercerizado<\/p>\n<p>Designer: Christel Krukkert<\/p>\n","protected":false},"featured_media":15236,"template":"","meta":[],"product_cat":[1713,1717,1578,1763,1740],"product_tag":[],"yoast_head":"<!-- This site is optimized with the Yoast SEO plugin v22.9 - https:\/\/yoast.com\/wordpress\/plugins\/seo\/ -->\n<title>Kit de Tricot - Menina May - The Craft Company<\/title>\n<meta name=\"robots\" content=\"index, follow, max-snippet:-1, max-image-preview:large, max-video-preview:-1\" \/>\n<link rel=\"canonical\" href=\"https:\/\/thecraftcompany.pt\/produto\/kit-de-tricot-menina-may\/\" \/>\n<meta property=\"og:locale\" content=\"en_US\" \/>\n<meta property=\"og:type\" content=\"article\" \/>\n<meta property=\"og:title\" content=\"Kit de Tricot - Menina May - The Craft Company\" \/>\n<meta property=\"og:description\" content=\"Apresentamos-lhe a May! A sua roupa e as suas meias podem ser removidas e trocadas com as suas amigas April e June! Esta linda boneca \u00e9 um excelente complemento para a sua cole\u00e7\u00e3o.  Este kit cont\u00e9m um esquema, fios 100% algod\u00e3o e todos os materiais necess\u00e1rios para come\u00e7ar a trabalhar (excluindo agulha de tricot).  May tem aproximadamente 30 cm de altura e \u00e9 feita com uma agulha de tricot de 3 mm.  Kit Hardicraft, com fio Catona | Scheepjes - 100% algod\u00e3o mercerizado  Designer: Christel Krukkert\" \/>\n<meta property=\"og:url\" content=\"https:\/\/thecraftcompany.pt\/produto\/kit-de-tricot-menina-may\/\" \/>\n<meta property=\"og:site_name\" content=\"The Craft Company\" \/>\n<meta property=\"article:publisher\" content=\"https:\/\/www.facebook.com\/thecraftcompanycascais\" \/>\n<meta property=\"article:modified_time\" content=\"2025-12-30T11:17:47+00:00\" \/>\n<meta property=\"og:image\" content=\"https:\/\/thecraftcompany.pt\/wp-content\/uploads\/2022\/04\/HC-41CK13-Girl-May-2.jpg\" \/>\n\t<meta property=\"og:image:width\" content=\"1200\" \/>\n\t<meta property=\"og:image:height\" content=\"1200\" \/>\n\t<meta property=\"og:image:type\" content=\"image\/jpeg\" \/>\n<meta name=\"twitter:card\" content=\"summary_large_image\" \/>\n<meta name=\"twitter:label1\" content=\"Est. reading time\" \/>\n\t<meta name=\"twitter:data1\" content=\"1 minute\" \/>\n<script type=\"application\/ld+json\" class=\"yoast-schema-graph\">{\"@context\":\"https:\/\/schema.org\",\"@graph\":[{\"@type\":\"WebPage\",\"@id\":\"https:\/\/thecraftcompany.pt\/produto\/kit-de-tricot-menina-may\/\",\"url\":\"https:\/\/thecraftcompany.pt\/produto\/kit-de-tricot-menina-may\/\",\"name\":\"Kit de Tricot - Menina May - The Craft Company\",\"isPartOf\":{\"@id\":\"https:\/\/thecraftcompany.pt\/#website\"},\"primaryImageOfPage\":{\"@id\":\"https:\/\/thecraftcompany.pt\/produto\/kit-de-tricot-menina-may\/#primaryimage\"},\"image\":{\"@id\":\"https:\/\/thecraftcompany.pt\/produto\/kit-de-tricot-menina-may\/#primaryimage\"},\"thumbnailUrl\":\"https:\/\/thecraftcompany.pt\/wp-content\/uploads\/2022\/04\/HC-41CK13-Girl-May-2.jpg\",\"datePublished\":\"2022-04-11T12:27:09+00:00\",\"dateModified\":\"2025-12-30T11:17:47+00:00\",\"breadcrumb\":{\"@id\":\"https:\/\/thecraftcompany.pt\/produto\/kit-de-tricot-menina-may\/#breadcrumb\"},\"inLanguage\":\"en-US\",\"potentialAction\":[{\"@type\":\"ReadAction\",\"target\":[\"https:\/\/thecraftcompany.pt\/produto\/kit-de-tricot-menina-may\/\"]}]},{\"@type\":\"ImageObject\",\"inLanguage\":\"en-US\",\"@id\":\"https:\/\/thecraftcompany.pt\/produto\/kit-de-tricot-menina-may\/#primaryimage\",\"url\":\"https:\/\/thecraftcompany.pt\/wp-content\/uploads\/2022\/04\/HC-41CK13-Girl-May-2.jpg\",\"contentUrl\":\"https:\/\/thecraftcompany.pt\/wp-content\/uploads\/2022\/04\/HC-41CK13-Girl-May-2.jpg\",\"width\":1200,\"height\":1200},{\"@type\":\"BreadcrumbList\",\"@id\":\"https:\/\/thecraftcompany.pt\/produto\/kit-de-tricot-menina-may\/#breadcrumb\",\"itemListElement\":[{\"@type\":\"ListItem\",\"position\":1,\"name\":\"In\u00edcio\",\"item\":\"https:\/\/thecraftcompany.pt\/en\/\"},{\"@type\":\"ListItem\",\"position\":2,\"name\":\"Shop\",\"item\":\"https:\/\/thecraftcompany.pt\/en\/shop-2\/\"},{\"@type\":\"ListItem\",\"position\":3,\"name\":\"Kit de Tricot &#8211; Menina May\"}]},{\"@type\":\"WebSite\",\"@id\":\"https:\/\/thecraftcompany.pt\/#website\",\"url\":\"https:\/\/thecraftcompany.pt\/\",\"name\":\"The Craft Company\",\"description\":\"Store &amp; Workshops\",\"publisher\":{\"@id\":\"https:\/\/thecraftcompany.pt\/#organization\"},\"potentialAction\":[{\"@type\":\"SearchAction\",\"target\":{\"@type\":\"EntryPoint\",\"urlTemplate\":\"https:\/\/thecraftcompany.pt\/?s={search_term_string}\"},\"query-input\":\"required name=search_term_string\"}],\"inLanguage\":\"en-US\"},{\"@type\":\"Organization\",\"@id\":\"https:\/\/thecraftcompany.pt\/#organization\",\"name\":\"The Craft Company\",\"url\":\"https:\/\/thecraftcompany.pt\/\",\"logo\":{\"@type\":\"ImageObject\",\"inLanguage\":\"en-US\",\"@id\":\"https:\/\/thecraftcompany.pt\/#\/schema\/logo\/image\/\",\"url\":\"https:\/\/thecraftcompany.pt\/wp-content\/uploads\/2016\/12\/logo.png\",\"contentUrl\":\"https:\/\/thecraftcompany.pt\/wp-content\/uploads\/2016\/12\/logo.png\",\"width\":238,\"height\":150,\"caption\":\"The Craft Company\"},\"image\":{\"@id\":\"https:\/\/thecraftcompany.pt\/#\/schema\/logo\/image\/\"},\"sameAs\":[\"https:\/\/www.facebook.com\/thecraftcompanycascais\",\"https:\/\/www.instagram.com\/thecraftcompany_cascais\/\"]}]}<\/script>\n<!-- \/ Yoast SEO plugin. -->","yoast_head_json":{"title":"Kit de Tricot - Menina May - The Craft Company","robots":{"index":"index","follow":"follow","max-snippet":"max-snippet:-1","max-image-preview":"max-image-preview:large","max-video-preview":"max-video-preview:-1"},"canonical":"https:\/\/thecraftcompany.pt\/produto\/kit-de-tricot-menina-may\/","og_locale":"en_US","og_type":"article","og_title":"Kit de Tricot - Menina May - The Craft Company","og_description":"Apresentamos-lhe a May! A sua roupa e as suas meias podem ser removidas e trocadas com as suas amigas April e June! Esta linda boneca \u00e9 um excelente complemento para a sua cole\u00e7\u00e3o.  Este kit cont\u00e9m um esquema, fios 100% algod\u00e3o e todos os materiais necess\u00e1rios para come\u00e7ar a trabalhar (excluindo agulha de tricot).  May tem aproximadamente 30 cm de altura e \u00e9 feita com uma agulha de tricot de 3 mm.  Kit Hardicraft, com fio Catona | Scheepjes - 100% algod\u00e3o mercerizado  Designer: Christel Krukkert","og_url":"https:\/\/thecraftcompany.pt\/produto\/kit-de-tricot-menina-may\/","og_site_name":"The Craft Company","article_publisher":"https:\/\/www.facebook.com\/thecraftcompanycascais","article_modified_time":"2025-12-30T11:17:47+00:00","og_image":[{"width":1200,"height":1200,"url":"https:\/\/thecraftcompany.pt\/wp-content\/uploads\/2022\/04\/HC-41CK13-Girl-May-2.jpg","type":"image\/jpeg"}],"twitter_card":"summary_large_image","twitter_misc":{"Est. reading time":"1 minute"},"schema":{"@context":"https:\/\/schema.org","@graph":[{"@type":"WebPage","@id":"https:\/\/thecraftcompany.pt\/produto\/kit-de-tricot-menina-may\/","url":"https:\/\/thecraftcompany.pt\/produto\/kit-de-tricot-menina-may\/","name":"Kit de Tricot - Menina May - The Craft Company","isPartOf":{"@id":"https:\/\/thecraftcompany.pt\/#website"},"primaryImageOfPage":{"@id":"https:\/\/thecraftcompany.pt\/produto\/kit-de-tricot-menina-may\/#primaryimage"},"image":{"@id":"https:\/\/thecraftcompany.pt\/produto\/kit-de-tricot-menina-may\/#primaryimage"},"thumbnailUrl":"https:\/\/thecraftcompany.pt\/wp-content\/uploads\/2022\/04\/HC-41CK13-Girl-May-2.jpg","datePublished":"2022-04-11T12:27:09+00:00","dateModified":"2025-12-30T11:17:47+00:00","breadcrumb":{"@id":"https:\/\/thecraftcompany.pt\/produto\/kit-de-tricot-menina-may\/#breadcrumb"},"inLanguage":"en-US","potentialAction":[{"@type":"ReadAction","target":["https:\/\/thecraftcompany.pt\/produto\/kit-de-tricot-menina-may\/"]}]},{"@type":"ImageObject","inLanguage":"en-US","@id":"https:\/\/thecraftcompany.pt\/produto\/kit-de-tricot-menina-may\/#primaryimage","url":"https:\/\/thecraftcompany.pt\/wp-content\/uploads\/2022\/04\/HC-41CK13-Girl-May-2.jpg","contentUrl":"https:\/\/thecraftcompany.pt\/wp-content\/uploads\/2022\/04\/HC-41CK13-Girl-May-2.jpg","width":1200,"height":1200},{"@type":"BreadcrumbList","@id":"https:\/\/thecraftcompany.pt\/produto\/kit-de-tricot-menina-may\/#breadcrumb","itemListElement":[{"@type":"ListItem","position":1,"name":"In\u00edcio","item":"https:\/\/thecraftcompany.pt\/en\/"},{"@type":"ListItem","position":2,"name":"Shop","item":"https:\/\/thecraftcompany.pt\/en\/shop-2\/"},{"@type":"ListItem","position":3,"name":"Kit de Tricot &#8211; Menina May"}]},{"@type":"WebSite","@id":"https:\/\/thecraftcompany.pt\/#website","url":"https:\/\/thecraftcompany.pt\/","name":"The Craft Company","description":"Store &amp; Workshops","publisher":{"@id":"https:\/\/thecraftcompany.pt\/#organization"},"potentialAction":[{"@type":"SearchAction","target":{"@type":"EntryPoint","urlTemplate":"https:\/\/thecraftcompany.pt\/?s={search_term_string}"},"query-input":"required name=search_term_string"}],"inLanguage":"en-US"},{"@type":"Organization","@id":"https:\/\/thecraftcompany.pt\/#organization","name":"The Craft Company","url":"https:\/\/thecraftcompany.pt\/","logo":{"@type":"ImageObject","inLanguage":"en-US","@id":"https:\/\/thecraftcompany.pt\/#\/schema\/logo\/image\/","url":"https:\/\/thecraftcompany.pt\/wp-content\/uploads\/2016\/12\/logo.png","contentUrl":"https:\/\/thecraftcompany.pt\/wp-content\/uploads\/2016\/12\/logo.png","width":238,"height":150,"caption":"The Craft Company"},"image":{"@id":"https:\/\/thecraftcompany.pt\/#\/schema\/logo\/image\/"},"sameAs":["https:\/\/www.facebook.com\/thecraftcompanycascais","https:\/\/www.instagram.com\/thecraftcompany_cascais\/"]}]}},"_links":{"self":[{"href":"https:\/\/thecraftcompany.pt\/en\/wp-json\/wp\/v2\/product\/15235"}],"collection":[{"href":"https:\/\/thecraftcompany.pt\/en\/wp-json\/wp\/v2\/product"}],"about":[{"href":"https:\/\/thecraftcompany.pt\/en\/wp-json\/wp\/v2\/types\/product"}],"wp:featuredmedia":[{"embeddable":true,"href":"https:\/\/thecraftcompany.pt\/en\/wp-json\/wp\/v2\/media\/15236"}],"wp:attachment":[{"href":"https:\/\/thecraftcompany.pt\/en\/wp-json\/wp\/v2\/media?parent=15235"}],"wp:term":[{"taxonomy":"product_cat","embeddable":true,"href":"https:\/\/thecraftcompany.pt\/en\/wp-json\/wp\/v2\/product_cat?post=15235"},{"taxonomy":"product_tag","embeddable":true,"href":"https:\/\/thecraftcompany.pt\/en\/wp-json\/wp\/v2\/product_tag?post=15235"}],"curies":[{"name":"wp","href":"https:\/\/api.w.org\/{rel}","templated":true}]}}