{"id":16799,"date":"2022-10-29T12:39:03","date_gmt":"2022-10-29T12:39:03","guid":{"rendered":"https:\/\/thecraftcompany.pt\/?post_type=product&#038;p=16799"},"modified":"2025-03-28T15:19:38","modified_gmt":"2025-03-28T15:19:38","slug":"elis","status":"publish","type":"product","link":"https:\/\/thecraftcompany.pt\/en\/produto\/elis\/","title":{"rendered":"Elis"},"content":{"rendered":"<h5>COMPOSI\u00c7\u00c3O<\/h5>\n<p>100% l\u00e3<\/p>\n<h5>AGULHAS<\/h5>\n<p>4 \u2013 4,5 mm<\/p>\n<h5>GROSSURA \u2013 CATEGORIA<\/h5>\n<p>[4] M\u00e9dio | Worsted, Aran<\/p>\n<h5>GRAMAGEM<\/h5>\n<p>100 g = 200 m<\/p>\n<h5>CUIDADOS COM A LAVAGEM<\/h5>\n<p><img decoding=\"async\" class=\"alignleft size-full wp-image-2911 lazyloaded\" src=\"https:\/\/rosarios4.com\/wp-content\/uploads\/2017\/10\/LAVAGEM_MAO_max30graus.svg\" alt=\"Lavagem \u00e0 m\u00e3o - m\u00e1ximo 30\u00ba\" width=\"24\" data-ll-status=\"loaded\" \/><img decoding=\"async\" class=\"alignleft size-medium wp-image-2919 lazyloaded\" src=\"https:\/\/rosarios4.com\/wp-content\/uploads\/2017\/10\/LIMPEZA-A-SECO_c_essenciasMineraisePercloetileno.svg\" alt=\"\" width=\"24\" data-ll-status=\"loaded\" \/><img decoding=\"async\" class=\"alignleft size-full wp-image-2891 lazyloaded\" src=\"https:\/\/rosarios4.com\/wp-content\/uploads\/2017\/10\/FERRO_max110graus.svg\" alt=\"\" width=\"24\" data-ll-status=\"loaded\" \/><img decoding=\"async\" class=\"alignleft size-full wp-image-2890 lazyloaded\" src=\"https:\/\/rosarios4.com\/wp-content\/uploads\/2017\/10\/Artboard-23USO-DE-LIXIVIA_NaoUsar.svg\" alt=\"\" width=\"24\" data-ll-status=\"loaded\" \/><\/p>\n","protected":false},"excerpt":{"rendered":"<p>Fio 100% l\u00e3 produzido em Portugal.<\/p>\n<p>Um dos fios mais antigos produzidos em Portugal, pela sua espessura \u00e9 ideal para fazer pe\u00e7as em jaquard.<\/p>\n","protected":false},"featured_media":16804,"template":"","meta":[],"product_cat":[1754,1702,1774,1578,10],"product_tag":[],"yoast_head":"<!-- This site is optimized with the Yoast SEO plugin v22.9 - https:\/\/yoast.com\/wordpress\/plugins\/seo\/ -->\n<title>Elis - The Craft Company<\/title>\n<meta name=\"robots\" content=\"index, follow, max-snippet:-1, max-image-preview:large, max-video-preview:-1\" \/>\n<link rel=\"canonical\" href=\"https:\/\/thecraftcompany.pt\/produto\/elis\/\" \/>\n<meta property=\"og:locale\" content=\"en_US\" \/>\n<meta property=\"og:type\" content=\"article\" \/>\n<meta property=\"og:title\" content=\"Elis - The Craft Company\" \/>\n<meta property=\"og:description\" content=\"Fio 100% l\u00e3 produzido em Portugal.  Um dos fios mais antigos produzidos em Portugal, pela sua espessura \u00e9 ideal para fazer pe\u00e7as em jaquard.\" \/>\n<meta property=\"og:url\" content=\"https:\/\/thecraftcompany.pt\/produto\/elis\/\" \/>\n<meta property=\"og:site_name\" content=\"The Craft Company\" \/>\n<meta property=\"article:publisher\" content=\"https:\/\/www.facebook.com\/thecraftcompanycascais\" \/>\n<meta property=\"article:modified_time\" content=\"2025-03-28T15:19:38+00:00\" \/>\n<meta property=\"og:image\" content=\"https:\/\/thecraftcompany.pt\/wp-content\/uploads\/2022\/10\/CR002-scaled.jpg\" \/>\n\t<meta property=\"og:image:width\" content=\"1920\" \/>\n\t<meta property=\"og:image:height\" content=\"2560\" \/>\n\t<meta property=\"og:image:type\" content=\"image\/jpeg\" \/>\n<meta name=\"twitter:card\" content=\"summary_large_image\" \/>\n<meta name=\"twitter:label1\" content=\"Est. reading time\" \/>\n\t<meta name=\"twitter:data1\" content=\"2 minutes\" \/>\n<script type=\"application\/ld+json\" class=\"yoast-schema-graph\">{\"@context\":\"https:\/\/schema.org\",\"@graph\":[{\"@type\":\"WebPage\",\"@id\":\"https:\/\/thecraftcompany.pt\/produto\/elis\/\",\"url\":\"https:\/\/thecraftcompany.pt\/produto\/elis\/\",\"name\":\"Elis - The Craft Company\",\"isPartOf\":{\"@id\":\"https:\/\/thecraftcompany.pt\/#website\"},\"primaryImageOfPage\":{\"@id\":\"https:\/\/thecraftcompany.pt\/produto\/elis\/#primaryimage\"},\"image\":{\"@id\":\"https:\/\/thecraftcompany.pt\/produto\/elis\/#primaryimage\"},\"thumbnailUrl\":\"https:\/\/thecraftcompany.pt\/wp-content\/uploads\/2022\/10\/CR002-scaled.jpg\",\"datePublished\":\"2022-10-29T12:39:03+00:00\",\"dateModified\":\"2025-03-28T15:19:38+00:00\",\"breadcrumb\":{\"@id\":\"https:\/\/thecraftcompany.pt\/produto\/elis\/#breadcrumb\"},\"inLanguage\":\"en-US\",\"potentialAction\":[{\"@type\":\"ReadAction\",\"target\":[\"https:\/\/thecraftcompany.pt\/produto\/elis\/\"]}]},{\"@type\":\"ImageObject\",\"inLanguage\":\"en-US\",\"@id\":\"https:\/\/thecraftcompany.pt\/produto\/elis\/#primaryimage\",\"url\":\"https:\/\/thecraftcompany.pt\/wp-content\/uploads\/2022\/10\/CR002-scaled.jpg\",\"contentUrl\":\"https:\/\/thecraftcompany.pt\/wp-content\/uploads\/2022\/10\/CR002-scaled.jpg\",\"width\":1920,\"height\":2560},{\"@type\":\"BreadcrumbList\",\"@id\":\"https:\/\/thecraftcompany.pt\/produto\/elis\/#breadcrumb\",\"itemListElement\":[{\"@type\":\"ListItem\",\"position\":1,\"name\":\"In\u00edcio\",\"item\":\"https:\/\/thecraftcompany.pt\/en\/\"},{\"@type\":\"ListItem\",\"position\":2,\"name\":\"Shop\",\"item\":\"https:\/\/thecraftcompany.pt\/en\/shop-2\/\"},{\"@type\":\"ListItem\",\"position\":3,\"name\":\"Elis\"}]},{\"@type\":\"WebSite\",\"@id\":\"https:\/\/thecraftcompany.pt\/#website\",\"url\":\"https:\/\/thecraftcompany.pt\/\",\"name\":\"The Craft Company\",\"description\":\"Store &amp; Workshops\",\"publisher\":{\"@id\":\"https:\/\/thecraftcompany.pt\/#organization\"},\"potentialAction\":[{\"@type\":\"SearchAction\",\"target\":{\"@type\":\"EntryPoint\",\"urlTemplate\":\"https:\/\/thecraftcompany.pt\/?s={search_term_string}\"},\"query-input\":\"required name=search_term_string\"}],\"inLanguage\":\"en-US\"},{\"@type\":\"Organization\",\"@id\":\"https:\/\/thecraftcompany.pt\/#organization\",\"name\":\"The Craft Company\",\"url\":\"https:\/\/thecraftcompany.pt\/\",\"logo\":{\"@type\":\"ImageObject\",\"inLanguage\":\"en-US\",\"@id\":\"https:\/\/thecraftcompany.pt\/#\/schema\/logo\/image\/\",\"url\":\"https:\/\/thecraftcompany.pt\/wp-content\/uploads\/2016\/12\/logo.png\",\"contentUrl\":\"https:\/\/thecraftcompany.pt\/wp-content\/uploads\/2016\/12\/logo.png\",\"width\":238,\"height\":150,\"caption\":\"The Craft Company\"},\"image\":{\"@id\":\"https:\/\/thecraftcompany.pt\/#\/schema\/logo\/image\/\"},\"sameAs\":[\"https:\/\/www.facebook.com\/thecraftcompanycascais\",\"https:\/\/www.instagram.com\/thecraftcompany_cascais\/\"]}]}<\/script>\n<!-- \/ Yoast SEO plugin. -->","yoast_head_json":{"title":"Elis - The Craft Company","robots":{"index":"index","follow":"follow","max-snippet":"max-snippet:-1","max-image-preview":"max-image-preview:large","max-video-preview":"max-video-preview:-1"},"canonical":"https:\/\/thecraftcompany.pt\/produto\/elis\/","og_locale":"en_US","og_type":"article","og_title":"Elis - The Craft Company","og_description":"Fio 100% l\u00e3 produzido em Portugal.  Um dos fios mais antigos produzidos em Portugal, pela sua espessura \u00e9 ideal para fazer pe\u00e7as em jaquard.","og_url":"https:\/\/thecraftcompany.pt\/produto\/elis\/","og_site_name":"The Craft Company","article_publisher":"https:\/\/www.facebook.com\/thecraftcompanycascais","article_modified_time":"2025-03-28T15:19:38+00:00","og_image":[{"width":1920,"height":2560,"url":"https:\/\/thecraftcompany.pt\/wp-content\/uploads\/2022\/10\/CR002-scaled.jpg","type":"image\/jpeg"}],"twitter_card":"summary_large_image","twitter_misc":{"Est. reading time":"2 minutes"},"schema":{"@context":"https:\/\/schema.org","@graph":[{"@type":"WebPage","@id":"https:\/\/thecraftcompany.pt\/produto\/elis\/","url":"https:\/\/thecraftcompany.pt\/produto\/elis\/","name":"Elis - The Craft Company","isPartOf":{"@id":"https:\/\/thecraftcompany.pt\/#website"},"primaryImageOfPage":{"@id":"https:\/\/thecraftcompany.pt\/produto\/elis\/#primaryimage"},"image":{"@id":"https:\/\/thecraftcompany.pt\/produto\/elis\/#primaryimage"},"thumbnailUrl":"https:\/\/thecraftcompany.pt\/wp-content\/uploads\/2022\/10\/CR002-scaled.jpg","datePublished":"2022-10-29T12:39:03+00:00","dateModified":"2025-03-28T15:19:38+00:00","breadcrumb":{"@id":"https:\/\/thecraftcompany.pt\/produto\/elis\/#breadcrumb"},"inLanguage":"en-US","potentialAction":[{"@type":"ReadAction","target":["https:\/\/thecraftcompany.pt\/produto\/elis\/"]}]},{"@type":"ImageObject","inLanguage":"en-US","@id":"https:\/\/thecraftcompany.pt\/produto\/elis\/#primaryimage","url":"https:\/\/thecraftcompany.pt\/wp-content\/uploads\/2022\/10\/CR002-scaled.jpg","contentUrl":"https:\/\/thecraftcompany.pt\/wp-content\/uploads\/2022\/10\/CR002-scaled.jpg","width":1920,"height":2560},{"@type":"BreadcrumbList","@id":"https:\/\/thecraftcompany.pt\/produto\/elis\/#breadcrumb","itemListElement":[{"@type":"ListItem","position":1,"name":"In\u00edcio","item":"https:\/\/thecraftcompany.pt\/en\/"},{"@type":"ListItem","position":2,"name":"Shop","item":"https:\/\/thecraftcompany.pt\/en\/shop-2\/"},{"@type":"ListItem","position":3,"name":"Elis"}]},{"@type":"WebSite","@id":"https:\/\/thecraftcompany.pt\/#website","url":"https:\/\/thecraftcompany.pt\/","name":"The Craft Company","description":"Store &amp; Workshops","publisher":{"@id":"https:\/\/thecraftcompany.pt\/#organization"},"potentialAction":[{"@type":"SearchAction","target":{"@type":"EntryPoint","urlTemplate":"https:\/\/thecraftcompany.pt\/?s={search_term_string}"},"query-input":"required name=search_term_string"}],"inLanguage":"en-US"},{"@type":"Organization","@id":"https:\/\/thecraftcompany.pt\/#organization","name":"The Craft Company","url":"https:\/\/thecraftcompany.pt\/","logo":{"@type":"ImageObject","inLanguage":"en-US","@id":"https:\/\/thecraftcompany.pt\/#\/schema\/logo\/image\/","url":"https:\/\/thecraftcompany.pt\/wp-content\/uploads\/2016\/12\/logo.png","contentUrl":"https:\/\/thecraftcompany.pt\/wp-content\/uploads\/2016\/12\/logo.png","width":238,"height":150,"caption":"The Craft Company"},"image":{"@id":"https:\/\/thecraftcompany.pt\/#\/schema\/logo\/image\/"},"sameAs":["https:\/\/www.facebook.com\/thecraftcompanycascais","https:\/\/www.instagram.com\/thecraftcompany_cascais\/"]}]}},"_links":{"self":[{"href":"https:\/\/thecraftcompany.pt\/en\/wp-json\/wp\/v2\/product\/16799"}],"collection":[{"href":"https:\/\/thecraftcompany.pt\/en\/wp-json\/wp\/v2\/product"}],"about":[{"href":"https:\/\/thecraftcompany.pt\/en\/wp-json\/wp\/v2\/types\/product"}],"wp:featuredmedia":[{"embeddable":true,"href":"https:\/\/thecraftcompany.pt\/en\/wp-json\/wp\/v2\/media\/16804"}],"wp:attachment":[{"href":"https:\/\/thecraftcompany.pt\/en\/wp-json\/wp\/v2\/media?parent=16799"}],"wp:term":[{"taxonomy":"product_cat","embeddable":true,"href":"https:\/\/thecraftcompany.pt\/en\/wp-json\/wp\/v2\/product_cat?post=16799"},{"taxonomy":"product_tag","embeddable":true,"href":"https:\/\/thecraftcompany.pt\/en\/wp-json\/wp\/v2\/product_tag?post=16799"}],"curies":[{"name":"wp","href":"https:\/\/api.w.org\/{rel}","templated":true}]}}