{"id":17281,"date":"2022-12-23T12:56:03","date_gmt":"2022-12-23T12:56:03","guid":{"rendered":"https:\/\/thecraftcompany.pt\/?post_type=product&#038;p=17281"},"modified":"2025-03-28T13:18:11","modified_gmt":"2025-03-28T13:18:11","slug":"tricot-simples-com-cor","status":"publish","type":"product","link":"https:\/\/thecraftcompany.pt\/en\/produto\/tricot-simples-com-cor\/","title":{"rendered":"Tricot Simples Com Cor"},"content":{"rendered":"","protected":false},"excerpt":{"rendered":"<p><strong>Tricot Simples com Cor<\/strong> introduz a todos os interessados a arte de incorporar a cor na malha.<\/p>\n<p>Sob orienta\u00e7\u00e3o de Erika Knight, cada um dos 20 projetos deste livro ensinar-lhe-\u00e1 diferentes t\u00e9cnicas \u2013 mesclas, transi\u00e7\u00f5es de cor, malhas passadas, <em>jacquard<\/em>, int\u00e1rsia, bordado, aplica\u00e7\u00f5es, etc. N\u00e3o sendo ensinadas isoladamente mas sim integradas num projeto, o objetivo \u00e9 aprender com a pr\u00e1tica \u2013 e o resultado ser\u00e1 uma cole\u00e7\u00e3o invej\u00e1vel de pe\u00e7as sofisticadas.<\/p>\n<p>Al\u00e9m dos projetos, Erika d\u00e1 os seus conselhos de <em>designer<\/em> para compor diferentes tons, sejam eles de cores prim\u00e1rias ou neutras, com padr\u00f5es monocrom\u00e1ticos ou grada\u00e7\u00f5es que sobressaem. Expondo a teoria da cor de maneira acess\u00edvel, Erika revela o maravilhoso mundo do tricot com cor de forma a que qualquer pessoa entenda e se identifique.<\/p>\n<p>Com fotografias de Yuki Sugiura que ilustram na perfei\u00e7\u00e3o cada uma das bonitas cria\u00e7\u00f5es, e com esquemas e ilustra\u00e7\u00f5es de f\u00e1cil compreens\u00e3o, Erika Knight fez o livro de refer\u00eancia sobre o tricot com cor. De almofadas a mantas e de luvas a cachec\u00f3is, <strong>Tricot Simples Com Cor<\/strong> oferece a oportunidade perfeita para aprender, praticar e inovar.<\/p>\n","protected":false},"featured_media":17282,"template":"","meta":[],"product_cat":[1778,1578,1582,12],"product_tag":[],"yoast_head":"<!-- This site is optimized with the Yoast SEO plugin v22.9 - https:\/\/yoast.com\/wordpress\/plugins\/seo\/ -->\n<title>Tricot Simples Com Cor - The Craft Company<\/title>\n<meta name=\"robots\" content=\"index, follow, max-snippet:-1, max-image-preview:large, max-video-preview:-1\" \/>\n<link rel=\"canonical\" href=\"https:\/\/thecraftcompany.pt\/produto\/tricot-simples-com-cor\/\" \/>\n<meta property=\"og:locale\" content=\"en_US\" \/>\n<meta property=\"og:type\" content=\"article\" \/>\n<meta property=\"og:title\" content=\"Tricot Simples Com Cor - The Craft Company\" \/>\n<meta property=\"og:description\" content=\"Tricot Simples com Cor introduz a todos os interessados a arte de incorporar a cor na malha.  Sob orienta\u00e7\u00e3o de Erika Knight, cada um dos 20 projetos deste livro ensinar-lhe-\u00e1 diferentes t\u00e9cnicas \u2013 mesclas, transi\u00e7\u00f5es de cor, malhas passadas, jacquard, int\u00e1rsia, bordado, aplica\u00e7\u00f5es, etc. N\u00e3o sendo ensinadas isoladamente mas sim integradas num projeto, o objetivo \u00e9 aprender com a pr\u00e1tica \u2013 e o resultado ser\u00e1 uma cole\u00e7\u00e3o invej\u00e1vel de pe\u00e7as sofisticadas.  Al\u00e9m dos projetos, Erika d\u00e1 os seus conselhos de designer para compor diferentes tons, sejam eles de cores prim\u00e1rias ou neutras, com padr\u00f5es monocrom\u00e1ticos ou grada\u00e7\u00f5es que sobressaem. Expondo a teoria da cor de maneira acess\u00edvel, Erika revela o maravilhoso mundo do tricot com cor de forma a que qualquer pessoa entenda e se identifique.  Com fotografias de Yuki Sugiura que ilustram na perfei\u00e7\u00e3o cada uma das bonitas cria\u00e7\u00f5es, e com esquemas e ilustra\u00e7\u00f5es de f\u00e1cil compreens\u00e3o, Erika Knight fez o livro de refer\u00eancia sobre o tricot com cor. De almofadas a mantas e de luvas a cachec\u00f3is, Tricot Simples Com Cor oferece a oportunidade perfeita para aprender, praticar e inovar.\" \/>\n<meta property=\"og:url\" content=\"https:\/\/thecraftcompany.pt\/produto\/tricot-simples-com-cor\/\" \/>\n<meta property=\"og:site_name\" content=\"The Craft Company\" \/>\n<meta property=\"article:publisher\" content=\"https:\/\/www.facebook.com\/thecraftcompanycascais\" \/>\n<meta property=\"article:modified_time\" content=\"2025-03-28T13:18:11+00:00\" \/>\n<meta property=\"og:image\" content=\"https:\/\/thecraftcompany.pt\/wp-content\/uploads\/2022\/12\/Tricot-Simples-Com-Cor.jpg\" \/>\n\t<meta property=\"og:image:width\" content=\"400\" \/>\n\t<meta property=\"og:image:height\" content=\"497\" \/>\n\t<meta property=\"og:image:type\" content=\"image\/jpeg\" \/>\n<meta name=\"twitter:card\" content=\"summary_large_image\" \/>\n<script type=\"application\/ld+json\" class=\"yoast-schema-graph\">{\"@context\":\"https:\/\/schema.org\",\"@graph\":[{\"@type\":\"WebPage\",\"@id\":\"https:\/\/thecraftcompany.pt\/produto\/tricot-simples-com-cor\/\",\"url\":\"https:\/\/thecraftcompany.pt\/produto\/tricot-simples-com-cor\/\",\"name\":\"Tricot Simples Com Cor - The Craft Company\",\"isPartOf\":{\"@id\":\"https:\/\/thecraftcompany.pt\/#website\"},\"primaryImageOfPage\":{\"@id\":\"https:\/\/thecraftcompany.pt\/produto\/tricot-simples-com-cor\/#primaryimage\"},\"image\":{\"@id\":\"https:\/\/thecraftcompany.pt\/produto\/tricot-simples-com-cor\/#primaryimage\"},\"thumbnailUrl\":\"https:\/\/thecraftcompany.pt\/wp-content\/uploads\/2022\/12\/Tricot-Simples-Com-Cor.jpg\",\"datePublished\":\"2022-12-23T12:56:03+00:00\",\"dateModified\":\"2025-03-28T13:18:11+00:00\",\"breadcrumb\":{\"@id\":\"https:\/\/thecraftcompany.pt\/produto\/tricot-simples-com-cor\/#breadcrumb\"},\"inLanguage\":\"en-US\",\"potentialAction\":[{\"@type\":\"ReadAction\",\"target\":[\"https:\/\/thecraftcompany.pt\/produto\/tricot-simples-com-cor\/\"]}]},{\"@type\":\"ImageObject\",\"inLanguage\":\"en-US\",\"@id\":\"https:\/\/thecraftcompany.pt\/produto\/tricot-simples-com-cor\/#primaryimage\",\"url\":\"https:\/\/thecraftcompany.pt\/wp-content\/uploads\/2022\/12\/Tricot-Simples-Com-Cor.jpg\",\"contentUrl\":\"https:\/\/thecraftcompany.pt\/wp-content\/uploads\/2022\/12\/Tricot-Simples-Com-Cor.jpg\",\"width\":400,\"height\":497},{\"@type\":\"BreadcrumbList\",\"@id\":\"https:\/\/thecraftcompany.pt\/produto\/tricot-simples-com-cor\/#breadcrumb\",\"itemListElement\":[{\"@type\":\"ListItem\",\"position\":1,\"name\":\"In\u00edcio\",\"item\":\"https:\/\/thecraftcompany.pt\/en\/\"},{\"@type\":\"ListItem\",\"position\":2,\"name\":\"Shop\",\"item\":\"https:\/\/thecraftcompany.pt\/en\/shop-2\/\"},{\"@type\":\"ListItem\",\"position\":3,\"name\":\"Tricot Simples Com Cor\"}]},{\"@type\":\"WebSite\",\"@id\":\"https:\/\/thecraftcompany.pt\/#website\",\"url\":\"https:\/\/thecraftcompany.pt\/\",\"name\":\"The Craft Company\",\"description\":\"Store &amp; Workshops\",\"publisher\":{\"@id\":\"https:\/\/thecraftcompany.pt\/#organization\"},\"potentialAction\":[{\"@type\":\"SearchAction\",\"target\":{\"@type\":\"EntryPoint\",\"urlTemplate\":\"https:\/\/thecraftcompany.pt\/?s={search_term_string}\"},\"query-input\":\"required name=search_term_string\"}],\"inLanguage\":\"en-US\"},{\"@type\":\"Organization\",\"@id\":\"https:\/\/thecraftcompany.pt\/#organization\",\"name\":\"The Craft Company\",\"url\":\"https:\/\/thecraftcompany.pt\/\",\"logo\":{\"@type\":\"ImageObject\",\"inLanguage\":\"en-US\",\"@id\":\"https:\/\/thecraftcompany.pt\/#\/schema\/logo\/image\/\",\"url\":\"https:\/\/thecraftcompany.pt\/wp-content\/uploads\/2016\/12\/logo.png\",\"contentUrl\":\"https:\/\/thecraftcompany.pt\/wp-content\/uploads\/2016\/12\/logo.png\",\"width\":238,\"height\":150,\"caption\":\"The Craft Company\"},\"image\":{\"@id\":\"https:\/\/thecraftcompany.pt\/#\/schema\/logo\/image\/\"},\"sameAs\":[\"https:\/\/www.facebook.com\/thecraftcompanycascais\",\"https:\/\/www.instagram.com\/thecraftcompany_cascais\/\"]}]}<\/script>\n<!-- \/ Yoast SEO plugin. -->","yoast_head_json":{"title":"Tricot Simples Com Cor - The Craft Company","robots":{"index":"index","follow":"follow","max-snippet":"max-snippet:-1","max-image-preview":"max-image-preview:large","max-video-preview":"max-video-preview:-1"},"canonical":"https:\/\/thecraftcompany.pt\/produto\/tricot-simples-com-cor\/","og_locale":"en_US","og_type":"article","og_title":"Tricot Simples Com Cor - The Craft Company","og_description":"Tricot Simples com Cor introduz a todos os interessados a arte de incorporar a cor na malha.  Sob orienta\u00e7\u00e3o de Erika Knight, cada um dos 20 projetos deste livro ensinar-lhe-\u00e1 diferentes t\u00e9cnicas \u2013 mesclas, transi\u00e7\u00f5es de cor, malhas passadas, jacquard, int\u00e1rsia, bordado, aplica\u00e7\u00f5es, etc. N\u00e3o sendo ensinadas isoladamente mas sim integradas num projeto, o objetivo \u00e9 aprender com a pr\u00e1tica \u2013 e o resultado ser\u00e1 uma cole\u00e7\u00e3o invej\u00e1vel de pe\u00e7as sofisticadas.  Al\u00e9m dos projetos, Erika d\u00e1 os seus conselhos de designer para compor diferentes tons, sejam eles de cores prim\u00e1rias ou neutras, com padr\u00f5es monocrom\u00e1ticos ou grada\u00e7\u00f5es que sobressaem. Expondo a teoria da cor de maneira acess\u00edvel, Erika revela o maravilhoso mundo do tricot com cor de forma a que qualquer pessoa entenda e se identifique.  Com fotografias de Yuki Sugiura que ilustram na perfei\u00e7\u00e3o cada uma das bonitas cria\u00e7\u00f5es, e com esquemas e ilustra\u00e7\u00f5es de f\u00e1cil compreens\u00e3o, Erika Knight fez o livro de refer\u00eancia sobre o tricot com cor. De almofadas a mantas e de luvas a cachec\u00f3is, Tricot Simples Com Cor oferece a oportunidade perfeita para aprender, praticar e inovar.","og_url":"https:\/\/thecraftcompany.pt\/produto\/tricot-simples-com-cor\/","og_site_name":"The Craft Company","article_publisher":"https:\/\/www.facebook.com\/thecraftcompanycascais","article_modified_time":"2025-03-28T13:18:11+00:00","og_image":[{"width":400,"height":497,"url":"https:\/\/thecraftcompany.pt\/wp-content\/uploads\/2022\/12\/Tricot-Simples-Com-Cor.jpg","type":"image\/jpeg"}],"twitter_card":"summary_large_image","schema":{"@context":"https:\/\/schema.org","@graph":[{"@type":"WebPage","@id":"https:\/\/thecraftcompany.pt\/produto\/tricot-simples-com-cor\/","url":"https:\/\/thecraftcompany.pt\/produto\/tricot-simples-com-cor\/","name":"Tricot Simples Com Cor - The Craft Company","isPartOf":{"@id":"https:\/\/thecraftcompany.pt\/#website"},"primaryImageOfPage":{"@id":"https:\/\/thecraftcompany.pt\/produto\/tricot-simples-com-cor\/#primaryimage"},"image":{"@id":"https:\/\/thecraftcompany.pt\/produto\/tricot-simples-com-cor\/#primaryimage"},"thumbnailUrl":"https:\/\/thecraftcompany.pt\/wp-content\/uploads\/2022\/12\/Tricot-Simples-Com-Cor.jpg","datePublished":"2022-12-23T12:56:03+00:00","dateModified":"2025-03-28T13:18:11+00:00","breadcrumb":{"@id":"https:\/\/thecraftcompany.pt\/produto\/tricot-simples-com-cor\/#breadcrumb"},"inLanguage":"en-US","potentialAction":[{"@type":"ReadAction","target":["https:\/\/thecraftcompany.pt\/produto\/tricot-simples-com-cor\/"]}]},{"@type":"ImageObject","inLanguage":"en-US","@id":"https:\/\/thecraftcompany.pt\/produto\/tricot-simples-com-cor\/#primaryimage","url":"https:\/\/thecraftcompany.pt\/wp-content\/uploads\/2022\/12\/Tricot-Simples-Com-Cor.jpg","contentUrl":"https:\/\/thecraftcompany.pt\/wp-content\/uploads\/2022\/12\/Tricot-Simples-Com-Cor.jpg","width":400,"height":497},{"@type":"BreadcrumbList","@id":"https:\/\/thecraftcompany.pt\/produto\/tricot-simples-com-cor\/#breadcrumb","itemListElement":[{"@type":"ListItem","position":1,"name":"In\u00edcio","item":"https:\/\/thecraftcompany.pt\/en\/"},{"@type":"ListItem","position":2,"name":"Shop","item":"https:\/\/thecraftcompany.pt\/en\/shop-2\/"},{"@type":"ListItem","position":3,"name":"Tricot Simples Com Cor"}]},{"@type":"WebSite","@id":"https:\/\/thecraftcompany.pt\/#website","url":"https:\/\/thecraftcompany.pt\/","name":"The Craft Company","description":"Store &amp; Workshops","publisher":{"@id":"https:\/\/thecraftcompany.pt\/#organization"},"potentialAction":[{"@type":"SearchAction","target":{"@type":"EntryPoint","urlTemplate":"https:\/\/thecraftcompany.pt\/?s={search_term_string}"},"query-input":"required name=search_term_string"}],"inLanguage":"en-US"},{"@type":"Organization","@id":"https:\/\/thecraftcompany.pt\/#organization","name":"The Craft Company","url":"https:\/\/thecraftcompany.pt\/","logo":{"@type":"ImageObject","inLanguage":"en-US","@id":"https:\/\/thecraftcompany.pt\/#\/schema\/logo\/image\/","url":"https:\/\/thecraftcompany.pt\/wp-content\/uploads\/2016\/12\/logo.png","contentUrl":"https:\/\/thecraftcompany.pt\/wp-content\/uploads\/2016\/12\/logo.png","width":238,"height":150,"caption":"The Craft Company"},"image":{"@id":"https:\/\/thecraftcompany.pt\/#\/schema\/logo\/image\/"},"sameAs":["https:\/\/www.facebook.com\/thecraftcompanycascais","https:\/\/www.instagram.com\/thecraftcompany_cascais\/"]}]}},"_links":{"self":[{"href":"https:\/\/thecraftcompany.pt\/en\/wp-json\/wp\/v2\/product\/17281"}],"collection":[{"href":"https:\/\/thecraftcompany.pt\/en\/wp-json\/wp\/v2\/product"}],"about":[{"href":"https:\/\/thecraftcompany.pt\/en\/wp-json\/wp\/v2\/types\/product"}],"wp:featuredmedia":[{"embeddable":true,"href":"https:\/\/thecraftcompany.pt\/en\/wp-json\/wp\/v2\/media\/17282"}],"wp:attachment":[{"href":"https:\/\/thecraftcompany.pt\/en\/wp-json\/wp\/v2\/media?parent=17281"}],"wp:term":[{"taxonomy":"product_cat","embeddable":true,"href":"https:\/\/thecraftcompany.pt\/en\/wp-json\/wp\/v2\/product_cat?post=17281"},{"taxonomy":"product_tag","embeddable":true,"href":"https:\/\/thecraftcompany.pt\/en\/wp-json\/wp\/v2\/product_tag?post=17281"}],"curies":[{"name":"wp","href":"https:\/\/api.w.org\/{rel}","templated":true}]}}