{"id":17300,"date":"2022-12-23T17:26:00","date_gmt":"2022-12-23T17:26:00","guid":{"rendered":"https:\/\/thecraftcompany.pt\/?post_type=product&#038;p=17300"},"modified":"2024-10-10T11:54:51","modified_gmt":"2024-10-10T11:54:51","slug":"brio-folheto-com-1-modelo-no-10306","status":"publish","type":"product","link":"https:\/\/thecraftcompany.pt\/en\/produto\/brio-folheto-com-1-modelo-no-10306\/","title":{"rendered":"Brio &#8211; Folheto com 1 modelo &#8211; n\u00ba 10306"},"content":{"rendered":"","protected":false},"excerpt":{"rendered":"<p>Instru\u00e7\u00f5es para fazer a manta modelo n. 10306 &#8211; Realize esta bonita manta de tricot, uma pe\u00e7a acolhedora perfeita para a \u00e9poca de outono\/inverno.<\/p>\n<ul>\n<li>N\u00edvel: Interm\u00e9dio<\/li>\n<li>Tamanho: 96 x 120 cm<\/li>\n<li>Ponto utilizado: ponto jersey, canelado 1\/1, ponto de fantasia<\/li>\n<li>Agulhas de tricot: 4 mm<\/li>\n<li>Idiomas: portugu\u00eas, espanhol e italiano<\/li>\n<li>Modelo realizado na cor 405 da l\u00e3 <a href=\"https:\/\/thecraftcompany.pt\/produto\/brio\/\">Brio<\/a><\/li>\n<\/ul>\n","protected":false},"featured_media":17301,"template":"","meta":[],"product_cat":[1674,1781,1582,12],"product_tag":[],"yoast_head":"<!-- This site is optimized with the Yoast SEO plugin v22.9 - https:\/\/yoast.com\/wordpress\/plugins\/seo\/ -->\n<title>Brio - Folheto com 1 modelo - n\u00ba 10306 - The Craft Company<\/title>\n<meta name=\"robots\" content=\"index, follow, max-snippet:-1, max-image-preview:large, max-video-preview:-1\" \/>\n<link rel=\"canonical\" href=\"https:\/\/thecraftcompany.pt\/produto\/brio-folheto-com-1-modelo-no-10306\/\" \/>\n<meta property=\"og:locale\" content=\"en_US\" \/>\n<meta property=\"og:type\" content=\"article\" \/>\n<meta property=\"og:title\" content=\"Brio - Folheto com 1 modelo - n\u00ba 10306 - The Craft Company\" \/>\n<meta property=\"og:description\" content=\"Instru\u00e7\u00f5es para fazer a manta modelo n. 10306 - Realize esta bonita manta de tricot, uma pe\u00e7a acolhedora perfeita para a \u00e9poca de outono\/inverno.   N\u00edvel: Interm\u00e9dio  Tamanho: 96 x 120 cm  Ponto utilizado: ponto jersey, canelado 1\/1, ponto de fantasia  Agulhas de tricot: 4 mm  Idiomas: portugu\u00eas, espanhol e italiano  Modelo realizado na cor 405 da l\u00e3 Brio\" \/>\n<meta property=\"og:url\" content=\"https:\/\/thecraftcompany.pt\/produto\/brio-folheto-com-1-modelo-no-10306\/\" \/>\n<meta property=\"og:site_name\" content=\"The Craft Company\" \/>\n<meta property=\"article:publisher\" content=\"https:\/\/www.facebook.com\/thecraftcompanycascais\" \/>\n<meta property=\"article:modified_time\" content=\"2024-10-10T11:54:51+00:00\" \/>\n<meta property=\"og:image\" content=\"https:\/\/thecraftcompany.pt\/wp-content\/uploads\/2022\/12\/15810.jpg\" \/>\n\t<meta property=\"og:image:width\" content=\"880\" \/>\n\t<meta property=\"og:image:height\" content=\"1322\" \/>\n\t<meta property=\"og:image:type\" content=\"image\/jpeg\" \/>\n<meta name=\"twitter:card\" content=\"summary_large_image\" \/>\n<script type=\"application\/ld+json\" class=\"yoast-schema-graph\">{\"@context\":\"https:\/\/schema.org\",\"@graph\":[{\"@type\":\"WebPage\",\"@id\":\"https:\/\/thecraftcompany.pt\/produto\/brio-folheto-com-1-modelo-no-10306\/\",\"url\":\"https:\/\/thecraftcompany.pt\/produto\/brio-folheto-com-1-modelo-no-10306\/\",\"name\":\"Brio - Folheto com 1 modelo - n\u00ba 10306 - The Craft Company\",\"isPartOf\":{\"@id\":\"https:\/\/thecraftcompany.pt\/#website\"},\"primaryImageOfPage\":{\"@id\":\"https:\/\/thecraftcompany.pt\/produto\/brio-folheto-com-1-modelo-no-10306\/#primaryimage\"},\"image\":{\"@id\":\"https:\/\/thecraftcompany.pt\/produto\/brio-folheto-com-1-modelo-no-10306\/#primaryimage\"},\"thumbnailUrl\":\"https:\/\/thecraftcompany.pt\/wp-content\/uploads\/2022\/12\/15810.jpg\",\"datePublished\":\"2022-12-23T17:26:00+00:00\",\"dateModified\":\"2024-10-10T11:54:51+00:00\",\"breadcrumb\":{\"@id\":\"https:\/\/thecraftcompany.pt\/produto\/brio-folheto-com-1-modelo-no-10306\/#breadcrumb\"},\"inLanguage\":\"en-US\",\"potentialAction\":[{\"@type\":\"ReadAction\",\"target\":[\"https:\/\/thecraftcompany.pt\/produto\/brio-folheto-com-1-modelo-no-10306\/\"]}]},{\"@type\":\"ImageObject\",\"inLanguage\":\"en-US\",\"@id\":\"https:\/\/thecraftcompany.pt\/produto\/brio-folheto-com-1-modelo-no-10306\/#primaryimage\",\"url\":\"https:\/\/thecraftcompany.pt\/wp-content\/uploads\/2022\/12\/15810.jpg\",\"contentUrl\":\"https:\/\/thecraftcompany.pt\/wp-content\/uploads\/2022\/12\/15810.jpg\",\"width\":880,\"height\":1322},{\"@type\":\"BreadcrumbList\",\"@id\":\"https:\/\/thecraftcompany.pt\/produto\/brio-folheto-com-1-modelo-no-10306\/#breadcrumb\",\"itemListElement\":[{\"@type\":\"ListItem\",\"position\":1,\"name\":\"In\u00edcio\",\"item\":\"https:\/\/thecraftcompany.pt\/en\/\"},{\"@type\":\"ListItem\",\"position\":2,\"name\":\"Shop\",\"item\":\"https:\/\/thecraftcompany.pt\/en\/shop-2\/\"},{\"@type\":\"ListItem\",\"position\":3,\"name\":\"Brio &#8211; Folheto com 1 modelo &#8211; n\u00ba 10306\"}]},{\"@type\":\"WebSite\",\"@id\":\"https:\/\/thecraftcompany.pt\/#website\",\"url\":\"https:\/\/thecraftcompany.pt\/\",\"name\":\"The Craft Company\",\"description\":\"Store &amp; Workshops\",\"publisher\":{\"@id\":\"https:\/\/thecraftcompany.pt\/#organization\"},\"potentialAction\":[{\"@type\":\"SearchAction\",\"target\":{\"@type\":\"EntryPoint\",\"urlTemplate\":\"https:\/\/thecraftcompany.pt\/?s={search_term_string}\"},\"query-input\":\"required name=search_term_string\"}],\"inLanguage\":\"en-US\"},{\"@type\":\"Organization\",\"@id\":\"https:\/\/thecraftcompany.pt\/#organization\",\"name\":\"The Craft Company\",\"url\":\"https:\/\/thecraftcompany.pt\/\",\"logo\":{\"@type\":\"ImageObject\",\"inLanguage\":\"en-US\",\"@id\":\"https:\/\/thecraftcompany.pt\/#\/schema\/logo\/image\/\",\"url\":\"https:\/\/thecraftcompany.pt\/wp-content\/uploads\/2016\/12\/logo.png\",\"contentUrl\":\"https:\/\/thecraftcompany.pt\/wp-content\/uploads\/2016\/12\/logo.png\",\"width\":238,\"height\":150,\"caption\":\"The Craft Company\"},\"image\":{\"@id\":\"https:\/\/thecraftcompany.pt\/#\/schema\/logo\/image\/\"},\"sameAs\":[\"https:\/\/www.facebook.com\/thecraftcompanycascais\",\"https:\/\/www.instagram.com\/thecraftcompany_cascais\/\"]}]}<\/script>\n<!-- \/ Yoast SEO plugin. -->","yoast_head_json":{"title":"Brio - Folheto com 1 modelo - n\u00ba 10306 - The Craft Company","robots":{"index":"index","follow":"follow","max-snippet":"max-snippet:-1","max-image-preview":"max-image-preview:large","max-video-preview":"max-video-preview:-1"},"canonical":"https:\/\/thecraftcompany.pt\/produto\/brio-folheto-com-1-modelo-no-10306\/","og_locale":"en_US","og_type":"article","og_title":"Brio - Folheto com 1 modelo - n\u00ba 10306 - The Craft Company","og_description":"Instru\u00e7\u00f5es para fazer a manta modelo n. 10306 - Realize esta bonita manta de tricot, uma pe\u00e7a acolhedora perfeita para a \u00e9poca de outono\/inverno.   N\u00edvel: Interm\u00e9dio  Tamanho: 96 x 120 cm  Ponto utilizado: ponto jersey, canelado 1\/1, ponto de fantasia  Agulhas de tricot: 4 mm  Idiomas: portugu\u00eas, espanhol e italiano  Modelo realizado na cor 405 da l\u00e3 Brio","og_url":"https:\/\/thecraftcompany.pt\/produto\/brio-folheto-com-1-modelo-no-10306\/","og_site_name":"The Craft Company","article_publisher":"https:\/\/www.facebook.com\/thecraftcompanycascais","article_modified_time":"2024-10-10T11:54:51+00:00","og_image":[{"width":880,"height":1322,"url":"https:\/\/thecraftcompany.pt\/wp-content\/uploads\/2022\/12\/15810.jpg","type":"image\/jpeg"}],"twitter_card":"summary_large_image","schema":{"@context":"https:\/\/schema.org","@graph":[{"@type":"WebPage","@id":"https:\/\/thecraftcompany.pt\/produto\/brio-folheto-com-1-modelo-no-10306\/","url":"https:\/\/thecraftcompany.pt\/produto\/brio-folheto-com-1-modelo-no-10306\/","name":"Brio - Folheto com 1 modelo - n\u00ba 10306 - The Craft Company","isPartOf":{"@id":"https:\/\/thecraftcompany.pt\/#website"},"primaryImageOfPage":{"@id":"https:\/\/thecraftcompany.pt\/produto\/brio-folheto-com-1-modelo-no-10306\/#primaryimage"},"image":{"@id":"https:\/\/thecraftcompany.pt\/produto\/brio-folheto-com-1-modelo-no-10306\/#primaryimage"},"thumbnailUrl":"https:\/\/thecraftcompany.pt\/wp-content\/uploads\/2022\/12\/15810.jpg","datePublished":"2022-12-23T17:26:00+00:00","dateModified":"2024-10-10T11:54:51+00:00","breadcrumb":{"@id":"https:\/\/thecraftcompany.pt\/produto\/brio-folheto-com-1-modelo-no-10306\/#breadcrumb"},"inLanguage":"en-US","potentialAction":[{"@type":"ReadAction","target":["https:\/\/thecraftcompany.pt\/produto\/brio-folheto-com-1-modelo-no-10306\/"]}]},{"@type":"ImageObject","inLanguage":"en-US","@id":"https:\/\/thecraftcompany.pt\/produto\/brio-folheto-com-1-modelo-no-10306\/#primaryimage","url":"https:\/\/thecraftcompany.pt\/wp-content\/uploads\/2022\/12\/15810.jpg","contentUrl":"https:\/\/thecraftcompany.pt\/wp-content\/uploads\/2022\/12\/15810.jpg","width":880,"height":1322},{"@type":"BreadcrumbList","@id":"https:\/\/thecraftcompany.pt\/produto\/brio-folheto-com-1-modelo-no-10306\/#breadcrumb","itemListElement":[{"@type":"ListItem","position":1,"name":"In\u00edcio","item":"https:\/\/thecraftcompany.pt\/en\/"},{"@type":"ListItem","position":2,"name":"Shop","item":"https:\/\/thecraftcompany.pt\/en\/shop-2\/"},{"@type":"ListItem","position":3,"name":"Brio &#8211; Folheto com 1 modelo &#8211; n\u00ba 10306"}]},{"@type":"WebSite","@id":"https:\/\/thecraftcompany.pt\/#website","url":"https:\/\/thecraftcompany.pt\/","name":"The Craft Company","description":"Store &amp; Workshops","publisher":{"@id":"https:\/\/thecraftcompany.pt\/#organization"},"potentialAction":[{"@type":"SearchAction","target":{"@type":"EntryPoint","urlTemplate":"https:\/\/thecraftcompany.pt\/?s={search_term_string}"},"query-input":"required name=search_term_string"}],"inLanguage":"en-US"},{"@type":"Organization","@id":"https:\/\/thecraftcompany.pt\/#organization","name":"The Craft Company","url":"https:\/\/thecraftcompany.pt\/","logo":{"@type":"ImageObject","inLanguage":"en-US","@id":"https:\/\/thecraftcompany.pt\/#\/schema\/logo\/image\/","url":"https:\/\/thecraftcompany.pt\/wp-content\/uploads\/2016\/12\/logo.png","contentUrl":"https:\/\/thecraftcompany.pt\/wp-content\/uploads\/2016\/12\/logo.png","width":238,"height":150,"caption":"The Craft Company"},"image":{"@id":"https:\/\/thecraftcompany.pt\/#\/schema\/logo\/image\/"},"sameAs":["https:\/\/www.facebook.com\/thecraftcompanycascais","https:\/\/www.instagram.com\/thecraftcompany_cascais\/"]}]}},"_links":{"self":[{"href":"https:\/\/thecraftcompany.pt\/en\/wp-json\/wp\/v2\/product\/17300"}],"collection":[{"href":"https:\/\/thecraftcompany.pt\/en\/wp-json\/wp\/v2\/product"}],"about":[{"href":"https:\/\/thecraftcompany.pt\/en\/wp-json\/wp\/v2\/types\/product"}],"wp:featuredmedia":[{"embeddable":true,"href":"https:\/\/thecraftcompany.pt\/en\/wp-json\/wp\/v2\/media\/17301"}],"wp:attachment":[{"href":"https:\/\/thecraftcompany.pt\/en\/wp-json\/wp\/v2\/media?parent=17300"}],"wp:term":[{"taxonomy":"product_cat","embeddable":true,"href":"https:\/\/thecraftcompany.pt\/en\/wp-json\/wp\/v2\/product_cat?post=17300"},{"taxonomy":"product_tag","embeddable":true,"href":"https:\/\/thecraftcompany.pt\/en\/wp-json\/wp\/v2\/product_tag?post=17300"}],"curies":[{"name":"wp","href":"https:\/\/api.w.org\/{rel}","templated":true}]}}