{"id":31492,"date":"2023-07-02T15:38:53","date_gmt":"2023-07-02T15:38:53","guid":{"rendered":"https:\/\/thecraftcompany.pt\/?post_type=product&#038;p=31492"},"modified":"2023-10-09T12:21:40","modified_gmt":"2023-10-09T12:21:40","slug":"kit-avental-facil-de-costurar","status":"publish","type":"product","link":"https:\/\/thecraftcompany.pt\/en\/produto\/kit-avental-facil-de-costurar\/","title":{"rendered":"Kit Avental f\u00e1cil de costurar"},"content":{"rendered":"<p>Avental f\u00e1cil de costurar<\/p>\n<p>Leanika por Dena\u2122<\/p>\n<p>Este alegre avental, com um look dos anos 60 \u00e9 um projeto muito divertido, r\u00e1pido e f\u00e1cil, especialmente para quem n\u00e3o tem muito tempo.<\/p>\n<p>Tudo o que precisa para fazer este avental, incluindo as instru\u00e7\u00f5es, est\u00e1 impresso diretamente no tecido.<\/p>\n<p>\u00c9 s\u00f3 cortar e come\u00e7ar.<\/p>\n","protected":false},"excerpt":{"rendered":"<p>Tudo o que precisa para fazer este avental, incluindo as instru\u00e7\u00f5es, est\u00e1 impresso diretamente no tecido.<\/p>\n<p>\u00c9 s\u00f3 cortar e come\u00e7ar.<\/p>\n<p><strong>Inclui um carrinho de linha.<\/strong><\/p>\n","protected":false},"featured_media":31495,"template":"","meta":[],"product_cat":[1068,1578,1069],"product_tag":[],"yoast_head":"<!-- This site is optimized with the Yoast SEO plugin v22.9 - https:\/\/yoast.com\/wordpress\/plugins\/seo\/ -->\n<title>Kit Avental f\u00e1cil de costurar - The Craft Company<\/title>\n<meta name=\"robots\" content=\"index, follow, max-snippet:-1, max-image-preview:large, max-video-preview:-1\" \/>\n<link rel=\"canonical\" href=\"https:\/\/thecraftcompany.pt\/produto\/kit-avental-facil-de-costurar\/\" \/>\n<meta property=\"og:locale\" content=\"en_US\" \/>\n<meta property=\"og:type\" content=\"article\" \/>\n<meta property=\"og:title\" content=\"Kit Avental f\u00e1cil de costurar - The Craft Company\" \/>\n<meta property=\"og:description\" content=\"Tudo o que precisa para fazer este avental, incluindo as instru\u00e7\u00f5es, est\u00e1 impresso diretamente no tecido.  \u00c9 s\u00f3 cortar e come\u00e7ar.  Inclui um carrinho de linha.\" \/>\n<meta property=\"og:url\" content=\"https:\/\/thecraftcompany.pt\/produto\/kit-avental-facil-de-costurar\/\" \/>\n<meta property=\"og:site_name\" content=\"The Craft Company\" \/>\n<meta property=\"article:publisher\" content=\"https:\/\/www.facebook.com\/thecraftcompanycascais\" \/>\n<meta property=\"article:modified_time\" content=\"2023-10-09T12:21:40+00:00\" \/>\n<meta property=\"og:image\" content=\"https:\/\/thecraftcompany.pt\/wp-content\/uploads\/2023\/07\/Avental-Leanika-by-Dena-2.jpg\" \/>\n\t<meta property=\"og:image:width\" content=\"1536\" \/>\n\t<meta property=\"og:image:height\" content=\"2048\" \/>\n\t<meta property=\"og:image:type\" content=\"image\/jpeg\" \/>\n<meta name=\"twitter:card\" content=\"summary_large_image\" \/>\n<meta name=\"twitter:label1\" content=\"Est. reading time\" \/>\n\t<meta name=\"twitter:data1\" content=\"1 minute\" \/>\n<script type=\"application\/ld+json\" class=\"yoast-schema-graph\">{\"@context\":\"https:\/\/schema.org\",\"@graph\":[{\"@type\":\"WebPage\",\"@id\":\"https:\/\/thecraftcompany.pt\/produto\/kit-avental-facil-de-costurar\/\",\"url\":\"https:\/\/thecraftcompany.pt\/produto\/kit-avental-facil-de-costurar\/\",\"name\":\"Kit Avental f\u00e1cil de costurar - The Craft Company\",\"isPartOf\":{\"@id\":\"https:\/\/thecraftcompany.pt\/#website\"},\"primaryImageOfPage\":{\"@id\":\"https:\/\/thecraftcompany.pt\/produto\/kit-avental-facil-de-costurar\/#primaryimage\"},\"image\":{\"@id\":\"https:\/\/thecraftcompany.pt\/produto\/kit-avental-facil-de-costurar\/#primaryimage\"},\"thumbnailUrl\":\"https:\/\/thecraftcompany.pt\/wp-content\/uploads\/2023\/07\/Avental-Leanika-by-Dena-2.jpg\",\"datePublished\":\"2023-07-02T15:38:53+00:00\",\"dateModified\":\"2023-10-09T12:21:40+00:00\",\"breadcrumb\":{\"@id\":\"https:\/\/thecraftcompany.pt\/produto\/kit-avental-facil-de-costurar\/#breadcrumb\"},\"inLanguage\":\"en-US\",\"potentialAction\":[{\"@type\":\"ReadAction\",\"target\":[\"https:\/\/thecraftcompany.pt\/produto\/kit-avental-facil-de-costurar\/\"]}]},{\"@type\":\"ImageObject\",\"inLanguage\":\"en-US\",\"@id\":\"https:\/\/thecraftcompany.pt\/produto\/kit-avental-facil-de-costurar\/#primaryimage\",\"url\":\"https:\/\/thecraftcompany.pt\/wp-content\/uploads\/2023\/07\/Avental-Leanika-by-Dena-2.jpg\",\"contentUrl\":\"https:\/\/thecraftcompany.pt\/wp-content\/uploads\/2023\/07\/Avental-Leanika-by-Dena-2.jpg\",\"width\":1536,\"height\":2048},{\"@type\":\"BreadcrumbList\",\"@id\":\"https:\/\/thecraftcompany.pt\/produto\/kit-avental-facil-de-costurar\/#breadcrumb\",\"itemListElement\":[{\"@type\":\"ListItem\",\"position\":1,\"name\":\"In\u00edcio\",\"item\":\"https:\/\/thecraftcompany.pt\/en\/\"},{\"@type\":\"ListItem\",\"position\":2,\"name\":\"Shop\",\"item\":\"https:\/\/thecraftcompany.pt\/en\/shop-2\/\"},{\"@type\":\"ListItem\",\"position\":3,\"name\":\"Kit Avental f\u00e1cil de costurar\"}]},{\"@type\":\"WebSite\",\"@id\":\"https:\/\/thecraftcompany.pt\/#website\",\"url\":\"https:\/\/thecraftcompany.pt\/\",\"name\":\"The Craft Company\",\"description\":\"Store &amp; Workshops\",\"publisher\":{\"@id\":\"https:\/\/thecraftcompany.pt\/#organization\"},\"potentialAction\":[{\"@type\":\"SearchAction\",\"target\":{\"@type\":\"EntryPoint\",\"urlTemplate\":\"https:\/\/thecraftcompany.pt\/?s={search_term_string}\"},\"query-input\":\"required name=search_term_string\"}],\"inLanguage\":\"en-US\"},{\"@type\":\"Organization\",\"@id\":\"https:\/\/thecraftcompany.pt\/#organization\",\"name\":\"The Craft Company\",\"url\":\"https:\/\/thecraftcompany.pt\/\",\"logo\":{\"@type\":\"ImageObject\",\"inLanguage\":\"en-US\",\"@id\":\"https:\/\/thecraftcompany.pt\/#\/schema\/logo\/image\/\",\"url\":\"https:\/\/thecraftcompany.pt\/wp-content\/uploads\/2016\/12\/logo.png\",\"contentUrl\":\"https:\/\/thecraftcompany.pt\/wp-content\/uploads\/2016\/12\/logo.png\",\"width\":238,\"height\":150,\"caption\":\"The Craft Company\"},\"image\":{\"@id\":\"https:\/\/thecraftcompany.pt\/#\/schema\/logo\/image\/\"},\"sameAs\":[\"https:\/\/www.facebook.com\/thecraftcompanycascais\",\"https:\/\/www.instagram.com\/thecraftcompany_cascais\/\"]}]}<\/script>\n<!-- \/ Yoast SEO plugin. -->","yoast_head_json":{"title":"Kit Avental f\u00e1cil de costurar - The Craft Company","robots":{"index":"index","follow":"follow","max-snippet":"max-snippet:-1","max-image-preview":"max-image-preview:large","max-video-preview":"max-video-preview:-1"},"canonical":"https:\/\/thecraftcompany.pt\/produto\/kit-avental-facil-de-costurar\/","og_locale":"en_US","og_type":"article","og_title":"Kit Avental f\u00e1cil de costurar - The Craft Company","og_description":"Tudo o que precisa para fazer este avental, incluindo as instru\u00e7\u00f5es, est\u00e1 impresso diretamente no tecido.  \u00c9 s\u00f3 cortar e come\u00e7ar.  Inclui um carrinho de linha.","og_url":"https:\/\/thecraftcompany.pt\/produto\/kit-avental-facil-de-costurar\/","og_site_name":"The Craft Company","article_publisher":"https:\/\/www.facebook.com\/thecraftcompanycascais","article_modified_time":"2023-10-09T12:21:40+00:00","og_image":[{"width":1536,"height":2048,"url":"https:\/\/thecraftcompany.pt\/wp-content\/uploads\/2023\/07\/Avental-Leanika-by-Dena-2.jpg","type":"image\/jpeg"}],"twitter_card":"summary_large_image","twitter_misc":{"Est. reading time":"1 minute"},"schema":{"@context":"https:\/\/schema.org","@graph":[{"@type":"WebPage","@id":"https:\/\/thecraftcompany.pt\/produto\/kit-avental-facil-de-costurar\/","url":"https:\/\/thecraftcompany.pt\/produto\/kit-avental-facil-de-costurar\/","name":"Kit Avental f\u00e1cil de costurar - The Craft Company","isPartOf":{"@id":"https:\/\/thecraftcompany.pt\/#website"},"primaryImageOfPage":{"@id":"https:\/\/thecraftcompany.pt\/produto\/kit-avental-facil-de-costurar\/#primaryimage"},"image":{"@id":"https:\/\/thecraftcompany.pt\/produto\/kit-avental-facil-de-costurar\/#primaryimage"},"thumbnailUrl":"https:\/\/thecraftcompany.pt\/wp-content\/uploads\/2023\/07\/Avental-Leanika-by-Dena-2.jpg","datePublished":"2023-07-02T15:38:53+00:00","dateModified":"2023-10-09T12:21:40+00:00","breadcrumb":{"@id":"https:\/\/thecraftcompany.pt\/produto\/kit-avental-facil-de-costurar\/#breadcrumb"},"inLanguage":"en-US","potentialAction":[{"@type":"ReadAction","target":["https:\/\/thecraftcompany.pt\/produto\/kit-avental-facil-de-costurar\/"]}]},{"@type":"ImageObject","inLanguage":"en-US","@id":"https:\/\/thecraftcompany.pt\/produto\/kit-avental-facil-de-costurar\/#primaryimage","url":"https:\/\/thecraftcompany.pt\/wp-content\/uploads\/2023\/07\/Avental-Leanika-by-Dena-2.jpg","contentUrl":"https:\/\/thecraftcompany.pt\/wp-content\/uploads\/2023\/07\/Avental-Leanika-by-Dena-2.jpg","width":1536,"height":2048},{"@type":"BreadcrumbList","@id":"https:\/\/thecraftcompany.pt\/produto\/kit-avental-facil-de-costurar\/#breadcrumb","itemListElement":[{"@type":"ListItem","position":1,"name":"In\u00edcio","item":"https:\/\/thecraftcompany.pt\/en\/"},{"@type":"ListItem","position":2,"name":"Shop","item":"https:\/\/thecraftcompany.pt\/en\/shop-2\/"},{"@type":"ListItem","position":3,"name":"Kit Avental f\u00e1cil de costurar"}]},{"@type":"WebSite","@id":"https:\/\/thecraftcompany.pt\/#website","url":"https:\/\/thecraftcompany.pt\/","name":"The Craft Company","description":"Store &amp; Workshops","publisher":{"@id":"https:\/\/thecraftcompany.pt\/#organization"},"potentialAction":[{"@type":"SearchAction","target":{"@type":"EntryPoint","urlTemplate":"https:\/\/thecraftcompany.pt\/?s={search_term_string}"},"query-input":"required name=search_term_string"}],"inLanguage":"en-US"},{"@type":"Organization","@id":"https:\/\/thecraftcompany.pt\/#organization","name":"The Craft Company","url":"https:\/\/thecraftcompany.pt\/","logo":{"@type":"ImageObject","inLanguage":"en-US","@id":"https:\/\/thecraftcompany.pt\/#\/schema\/logo\/image\/","url":"https:\/\/thecraftcompany.pt\/wp-content\/uploads\/2016\/12\/logo.png","contentUrl":"https:\/\/thecraftcompany.pt\/wp-content\/uploads\/2016\/12\/logo.png","width":238,"height":150,"caption":"The Craft Company"},"image":{"@id":"https:\/\/thecraftcompany.pt\/#\/schema\/logo\/image\/"},"sameAs":["https:\/\/www.facebook.com\/thecraftcompanycascais","https:\/\/www.instagram.com\/thecraftcompany_cascais\/"]}]}},"_links":{"self":[{"href":"https:\/\/thecraftcompany.pt\/en\/wp-json\/wp\/v2\/product\/31492"}],"collection":[{"href":"https:\/\/thecraftcompany.pt\/en\/wp-json\/wp\/v2\/product"}],"about":[{"href":"https:\/\/thecraftcompany.pt\/en\/wp-json\/wp\/v2\/types\/product"}],"wp:featuredmedia":[{"embeddable":true,"href":"https:\/\/thecraftcompany.pt\/en\/wp-json\/wp\/v2\/media\/31495"}],"wp:attachment":[{"href":"https:\/\/thecraftcompany.pt\/en\/wp-json\/wp\/v2\/media?parent=31492"}],"wp:term":[{"taxonomy":"product_cat","embeddable":true,"href":"https:\/\/thecraftcompany.pt\/en\/wp-json\/wp\/v2\/product_cat?post=31492"},{"taxonomy":"product_tag","embeddable":true,"href":"https:\/\/thecraftcompany.pt\/en\/wp-json\/wp\/v2\/product_tag?post=31492"}],"curies":[{"name":"wp","href":"https:\/\/api.w.org\/{rel}","templated":true}]}}