{"id":32205,"date":"2023-08-22T15:00:16","date_gmt":"2023-08-22T15:00:16","guid":{"rendered":"https:\/\/thecraftcompany.pt\/?post_type=product&#038;p=32205"},"modified":"2026-02-16T12:27:33","modified_gmt":"2026-02-16T12:27:33","slug":"agulha-de-crochet-soft-touch-clover","status":"publish","type":"product","link":"https:\/\/thecraftcompany.pt\/en\/produto\/agulha-de-crochet-soft-touch-clover\/","title":{"rendered":"Agulhas de Crochet Soft Touch Clover"},"content":{"rendered":"","protected":false},"excerpt":{"rendered":"<p>O formato de agulha ideal para crochet! O design sofisticado oferece a melhor experi\u00eancia de crochet.<\/p>\n<p>Confort\u00e1vel e de toque suave.<br \/>\nCabo leve, est\u00e1vel e f\u00e1cil de segurar.<\/p>\n","protected":false},"featured_media":32235,"template":"","meta":[],"product_cat":[1890,1796,1794],"product_tag":[],"yoast_head":"<!-- This site is optimized with the Yoast SEO plugin v22.9 - https:\/\/yoast.com\/wordpress\/plugins\/seo\/ -->\n<title>Agulhas de Crochet Soft Touch Clover - The Craft Company<\/title>\n<meta name=\"robots\" content=\"index, follow, max-snippet:-1, max-image-preview:large, max-video-preview:-1\" \/>\n<link rel=\"canonical\" href=\"https:\/\/thecraftcompany.pt\/produto\/agulha-de-crochet-soft-touch-clover\/\" \/>\n<meta property=\"og:locale\" content=\"en_US\" \/>\n<meta property=\"og:type\" content=\"article\" \/>\n<meta property=\"og:title\" content=\"Agulhas de Crochet Soft Touch Clover - The Craft Company\" \/>\n<meta property=\"og:description\" content=\"O formato de agulha ideal para crochet! O design sofisticado oferece a melhor experi\u00eancia de crochet.  Confort\u00e1vel e de toque suave. Cabo leve, est\u00e1vel e f\u00e1cil de segurar.\" \/>\n<meta property=\"og:url\" content=\"https:\/\/thecraftcompany.pt\/produto\/agulha-de-crochet-soft-touch-clover\/\" \/>\n<meta property=\"og:site_name\" content=\"The Craft Company\" \/>\n<meta property=\"article:publisher\" content=\"https:\/\/www.facebook.com\/thecraftcompanycascais\" \/>\n<meta property=\"article:modified_time\" content=\"2026-02-16T12:27:33+00:00\" \/>\n<meta property=\"og:image\" content=\"https:\/\/thecraftcompany.pt\/wp-content\/uploads\/2023\/08\/1032_4.5.jpg\" \/>\n\t<meta property=\"og:image:width\" content=\"276\" \/>\n\t<meta property=\"og:image:height\" content=\"460\" \/>\n\t<meta property=\"og:image:type\" content=\"image\/jpeg\" \/>\n<meta name=\"twitter:card\" content=\"summary_large_image\" \/>\n<script type=\"application\/ld+json\" class=\"yoast-schema-graph\">{\"@context\":\"https:\/\/schema.org\",\"@graph\":[{\"@type\":\"WebPage\",\"@id\":\"https:\/\/thecraftcompany.pt\/produto\/agulha-de-crochet-soft-touch-clover\/\",\"url\":\"https:\/\/thecraftcompany.pt\/produto\/agulha-de-crochet-soft-touch-clover\/\",\"name\":\"Agulhas de Crochet Soft Touch Clover - The Craft Company\",\"isPartOf\":{\"@id\":\"https:\/\/thecraftcompany.pt\/#website\"},\"primaryImageOfPage\":{\"@id\":\"https:\/\/thecraftcompany.pt\/produto\/agulha-de-crochet-soft-touch-clover\/#primaryimage\"},\"image\":{\"@id\":\"https:\/\/thecraftcompany.pt\/produto\/agulha-de-crochet-soft-touch-clover\/#primaryimage\"},\"thumbnailUrl\":\"https:\/\/thecraftcompany.pt\/wp-content\/uploads\/2023\/08\/1032_4.5.jpg\",\"datePublished\":\"2023-08-22T15:00:16+00:00\",\"dateModified\":\"2026-02-16T12:27:33+00:00\",\"breadcrumb\":{\"@id\":\"https:\/\/thecraftcompany.pt\/produto\/agulha-de-crochet-soft-touch-clover\/#breadcrumb\"},\"inLanguage\":\"en-US\",\"potentialAction\":[{\"@type\":\"ReadAction\",\"target\":[\"https:\/\/thecraftcompany.pt\/produto\/agulha-de-crochet-soft-touch-clover\/\"]}]},{\"@type\":\"ImageObject\",\"inLanguage\":\"en-US\",\"@id\":\"https:\/\/thecraftcompany.pt\/produto\/agulha-de-crochet-soft-touch-clover\/#primaryimage\",\"url\":\"https:\/\/thecraftcompany.pt\/wp-content\/uploads\/2023\/08\/1032_4.5.jpg\",\"contentUrl\":\"https:\/\/thecraftcompany.pt\/wp-content\/uploads\/2023\/08\/1032_4.5.jpg\",\"width\":276,\"height\":460},{\"@type\":\"BreadcrumbList\",\"@id\":\"https:\/\/thecraftcompany.pt\/produto\/agulha-de-crochet-soft-touch-clover\/#breadcrumb\",\"itemListElement\":[{\"@type\":\"ListItem\",\"position\":1,\"name\":\"In\u00edcio\",\"item\":\"https:\/\/thecraftcompany.pt\/en\/\"},{\"@type\":\"ListItem\",\"position\":2,\"name\":\"Shop\",\"item\":\"https:\/\/thecraftcompany.pt\/en\/shop-2\/\"},{\"@type\":\"ListItem\",\"position\":3,\"name\":\"Agulhas de Crochet Soft Touch Clover\"}]},{\"@type\":\"WebSite\",\"@id\":\"https:\/\/thecraftcompany.pt\/#website\",\"url\":\"https:\/\/thecraftcompany.pt\/\",\"name\":\"The Craft Company\",\"description\":\"Store &amp; Workshops\",\"publisher\":{\"@id\":\"https:\/\/thecraftcompany.pt\/#organization\"},\"potentialAction\":[{\"@type\":\"SearchAction\",\"target\":{\"@type\":\"EntryPoint\",\"urlTemplate\":\"https:\/\/thecraftcompany.pt\/?s={search_term_string}\"},\"query-input\":\"required name=search_term_string\"}],\"inLanguage\":\"en-US\"},{\"@type\":\"Organization\",\"@id\":\"https:\/\/thecraftcompany.pt\/#organization\",\"name\":\"The Craft Company\",\"url\":\"https:\/\/thecraftcompany.pt\/\",\"logo\":{\"@type\":\"ImageObject\",\"inLanguage\":\"en-US\",\"@id\":\"https:\/\/thecraftcompany.pt\/#\/schema\/logo\/image\/\",\"url\":\"https:\/\/thecraftcompany.pt\/wp-content\/uploads\/2016\/12\/logo.png\",\"contentUrl\":\"https:\/\/thecraftcompany.pt\/wp-content\/uploads\/2016\/12\/logo.png\",\"width\":238,\"height\":150,\"caption\":\"The Craft Company\"},\"image\":{\"@id\":\"https:\/\/thecraftcompany.pt\/#\/schema\/logo\/image\/\"},\"sameAs\":[\"https:\/\/www.facebook.com\/thecraftcompanycascais\",\"https:\/\/www.instagram.com\/thecraftcompany_cascais\/\"]}]}<\/script>\n<!-- \/ Yoast SEO plugin. -->","yoast_head_json":{"title":"Agulhas de Crochet Soft Touch Clover - The Craft Company","robots":{"index":"index","follow":"follow","max-snippet":"max-snippet:-1","max-image-preview":"max-image-preview:large","max-video-preview":"max-video-preview:-1"},"canonical":"https:\/\/thecraftcompany.pt\/produto\/agulha-de-crochet-soft-touch-clover\/","og_locale":"en_US","og_type":"article","og_title":"Agulhas de Crochet Soft Touch Clover - The Craft Company","og_description":"O formato de agulha ideal para crochet! O design sofisticado oferece a melhor experi\u00eancia de crochet.  Confort\u00e1vel e de toque suave. Cabo leve, est\u00e1vel e f\u00e1cil de segurar.","og_url":"https:\/\/thecraftcompany.pt\/produto\/agulha-de-crochet-soft-touch-clover\/","og_site_name":"The Craft Company","article_publisher":"https:\/\/www.facebook.com\/thecraftcompanycascais","article_modified_time":"2026-02-16T12:27:33+00:00","og_image":[{"width":276,"height":460,"url":"https:\/\/thecraftcompany.pt\/wp-content\/uploads\/2023\/08\/1032_4.5.jpg","type":"image\/jpeg"}],"twitter_card":"summary_large_image","schema":{"@context":"https:\/\/schema.org","@graph":[{"@type":"WebPage","@id":"https:\/\/thecraftcompany.pt\/produto\/agulha-de-crochet-soft-touch-clover\/","url":"https:\/\/thecraftcompany.pt\/produto\/agulha-de-crochet-soft-touch-clover\/","name":"Agulhas de Crochet Soft Touch Clover - The Craft Company","isPartOf":{"@id":"https:\/\/thecraftcompany.pt\/#website"},"primaryImageOfPage":{"@id":"https:\/\/thecraftcompany.pt\/produto\/agulha-de-crochet-soft-touch-clover\/#primaryimage"},"image":{"@id":"https:\/\/thecraftcompany.pt\/produto\/agulha-de-crochet-soft-touch-clover\/#primaryimage"},"thumbnailUrl":"https:\/\/thecraftcompany.pt\/wp-content\/uploads\/2023\/08\/1032_4.5.jpg","datePublished":"2023-08-22T15:00:16+00:00","dateModified":"2026-02-16T12:27:33+00:00","breadcrumb":{"@id":"https:\/\/thecraftcompany.pt\/produto\/agulha-de-crochet-soft-touch-clover\/#breadcrumb"},"inLanguage":"en-US","potentialAction":[{"@type":"ReadAction","target":["https:\/\/thecraftcompany.pt\/produto\/agulha-de-crochet-soft-touch-clover\/"]}]},{"@type":"ImageObject","inLanguage":"en-US","@id":"https:\/\/thecraftcompany.pt\/produto\/agulha-de-crochet-soft-touch-clover\/#primaryimage","url":"https:\/\/thecraftcompany.pt\/wp-content\/uploads\/2023\/08\/1032_4.5.jpg","contentUrl":"https:\/\/thecraftcompany.pt\/wp-content\/uploads\/2023\/08\/1032_4.5.jpg","width":276,"height":460},{"@type":"BreadcrumbList","@id":"https:\/\/thecraftcompany.pt\/produto\/agulha-de-crochet-soft-touch-clover\/#breadcrumb","itemListElement":[{"@type":"ListItem","position":1,"name":"In\u00edcio","item":"https:\/\/thecraftcompany.pt\/en\/"},{"@type":"ListItem","position":2,"name":"Shop","item":"https:\/\/thecraftcompany.pt\/en\/shop-2\/"},{"@type":"ListItem","position":3,"name":"Agulhas de Crochet Soft Touch Clover"}]},{"@type":"WebSite","@id":"https:\/\/thecraftcompany.pt\/#website","url":"https:\/\/thecraftcompany.pt\/","name":"The Craft Company","description":"Store &amp; Workshops","publisher":{"@id":"https:\/\/thecraftcompany.pt\/#organization"},"potentialAction":[{"@type":"SearchAction","target":{"@type":"EntryPoint","urlTemplate":"https:\/\/thecraftcompany.pt\/?s={search_term_string}"},"query-input":"required name=search_term_string"}],"inLanguage":"en-US"},{"@type":"Organization","@id":"https:\/\/thecraftcompany.pt\/#organization","name":"The Craft Company","url":"https:\/\/thecraftcompany.pt\/","logo":{"@type":"ImageObject","inLanguage":"en-US","@id":"https:\/\/thecraftcompany.pt\/#\/schema\/logo\/image\/","url":"https:\/\/thecraftcompany.pt\/wp-content\/uploads\/2016\/12\/logo.png","contentUrl":"https:\/\/thecraftcompany.pt\/wp-content\/uploads\/2016\/12\/logo.png","width":238,"height":150,"caption":"The Craft Company"},"image":{"@id":"https:\/\/thecraftcompany.pt\/#\/schema\/logo\/image\/"},"sameAs":["https:\/\/www.facebook.com\/thecraftcompanycascais","https:\/\/www.instagram.com\/thecraftcompany_cascais\/"]}]}},"_links":{"self":[{"href":"https:\/\/thecraftcompany.pt\/en\/wp-json\/wp\/v2\/product\/32205"}],"collection":[{"href":"https:\/\/thecraftcompany.pt\/en\/wp-json\/wp\/v2\/product"}],"about":[{"href":"https:\/\/thecraftcompany.pt\/en\/wp-json\/wp\/v2\/types\/product"}],"wp:featuredmedia":[{"embeddable":true,"href":"https:\/\/thecraftcompany.pt\/en\/wp-json\/wp\/v2\/media\/32235"}],"wp:attachment":[{"href":"https:\/\/thecraftcompany.pt\/en\/wp-json\/wp\/v2\/media?parent=32205"}],"wp:term":[{"taxonomy":"product_cat","embeddable":true,"href":"https:\/\/thecraftcompany.pt\/en\/wp-json\/wp\/v2\/product_cat?post=32205"},{"taxonomy":"product_tag","embeddable":true,"href":"https:\/\/thecraftcompany.pt\/en\/wp-json\/wp\/v2\/product_tag?post=32205"}],"curies":[{"name":"wp","href":"https:\/\/api.w.org\/{rel}","templated":true}]}}