{"id":34601,"date":"2024-02-10T17:04:22","date_gmt":"2024-02-10T17:04:22","guid":{"rendered":"https:\/\/thecraftcompany.pt\/?post_type=product&#038;p=34601"},"modified":"2026-03-06T23:33:45","modified_gmt":"2026-03-06T23:33:45","slug":"workshop-ravelry-belagacrafts-e-limaknits","status":"publish","type":"product","link":"https:\/\/thecraftcompany.pt\/en\/produto\/workshop-ravelry-belagacrafts-e-limaknits\/","title":{"rendered":"Ravelry sem mist\u00e9rios | Ravelry Made Simple"},"content":{"rendered":"<p><strong>(English Below)<\/strong><\/p>\n<p><strong>Professoras<\/strong><\/p>\n<p>A Anabela com os seus 80 anos de experi\u00eancia traz-nos a sua sabedoria, aten\u00e7\u00e3o ao detalhe e conhecimento das \u00faltimas tend\u00eancias da moda do Tricot e do Crochet. Espalha todo o seu saber diariamente na Craft, h\u00e1 pelo menos 8 anos!<\/p>\n<p>A Patr\u00edcia, do alto dos seus 28 anos, \u00e9 uma knitwear designer com provas dadas de sucesso e que pertence a uma gera\u00e7\u00e3o que nasceu rodeada do mundo virtual. Apesar do seu percurso na Craft ser recente, j\u00e1 \u00e9 da casa e conhece os cantos \u00e0 casa!<\/p>\n<p>Um Workshop com duas gera\u00e7\u00f5es e diferentes abordagens s\u00f3 pode ser um sucesso!<\/p>\n<p><strong>Materiais Necess\u00e1rios<\/strong><\/p>\n<p>Computador ou tablet<\/p>\n<p><strong>Programa<\/strong><\/p>\n<ul>\n<li>O que \u00e9 o Ravelry e como criar uma conta<\/li>\n<li>Como encontrar a receita ideal<\/li>\n<li>Como criar um projecto<br \/>\n<em>Almo\u00e7o<\/em><\/li>\n<li>Como organizar novas descobertas e projetos futuros<\/li>\n<li>Como interagir com a comunidade ravelry (designers, grupos e amigos)<\/li>\n<li>Curiosidades<\/li>\n<\/ul>\n<p>****<\/p>\n<p><strong>Teachers<\/strong><\/p>\n<p>Anabela, with her 80 years of experience, brings us her wisdom, attention to detail and knowledge of the latest fashion trends in Knitting and Crochet. She has been sharing all her knowledge every day for at least 8 years!<\/p>\n<p>Patr\u00edcia, aged 28, is a knitwear designer with proven success and belongs to a generation that was born surrounded by the virtual world. Although her career at Craft is recent, she is already a local and knows the corners of the house!<\/p>\n<p>A Workshop with two generations and different approaches can only be a success!<\/p>\n<p><strong>Required Materials<\/strong><\/p>\n<p>Computer or tablet<\/p>\n<p><strong>Program<\/strong><\/p>\n<ul>\n<li>What is Ravelry and how to create an account<\/li>\n<li>How to find the ideal pattern<\/li>\n<li>How to create a project<\/li>\n<\/ul>\n<p><em>Lunch<\/em><\/p>\n<ul>\n<li>How to organize new discoveries and future projects<\/li>\n<li>How to interact with the ravelry community (designers, groups and friends)<\/li>\n<li>Curiosities<\/li>\n<\/ul>\n","protected":false},"excerpt":{"rendered":"<p><strong>Ravelry sem mist\u00e9rios &#8211; aprenda a usar a plataforma passo a passo!<\/strong><\/p>\n<p>O tricot e o crochet de hoje conquistaram novas dimens\u00f5es. \u00c9 essencialmente atrav\u00e9s do digital que as designers e marcas divulgam os seus produtos. Modelos, fios, acess\u00f3rios, t\u00e9cnicas e gigantescas comunidades est\u00e3o todos \u00e0 dist\u00e2ncia de um clique!<\/p>\n<p>Neste workshop iremos desvendar os recantos da plataforma Ravelry. O Ravelry \u00e9 o website mais utilizado pelos tricotadeiros e crocheteiros, uma ferramenta inigual\u00e1vel para que possa tirar o melhor partido deste novo mundo.<\/p>\n<p><strong>Data:<\/strong> 18 de Abril 2026<\/p>\n<p><strong>Hor\u00e1rio:<\/strong> 10h \u00e0s 16h, com pausa para almo\u00e7o no caf\u00e9 da Craft entre as 12h30 e as 14h.<\/p>\n<p>As inscri\u00e7\u00f5es para este Workshop encerram na quarta feira, dia 15\/04 \u00e0s 18h00.<\/p>\n<p>***<\/p>\n<p><strong>Ravelry Made Simple &#8211; learn to use the Platform Step by Step!<\/strong><\/p>\n<p>Today&#8217;s knitting and crochet have gained new dimensions. It is essentially through digital that designers and brands promote their products. Patterns, yarns, accessories, techniques and gigantic communities are all just a click away!<\/p>\n<p>In this workshop we will uncover the corners of the Ravelry platform. Ravelry is the most used website by knitters and crocheters, an unparalleled tool for you to make the most of this new world.<\/p>\n<p><strong>Date: <\/strong>18th April 2026<\/p>\n<p>From 10am to 4pm, with a lunch break at the Craft caf\u00e9 between 12:30pm and 2pm.<\/p>\n<p id=\"tw-target-text\" dir=\"ltr\" tabindex=\"-1\" role=\"text\" data-placeholder=\"Tradu\u00e7\u00e3o\" data-ved=\"2ahUKEwi2-JuNt4yTAxV06AIHHT97JGMQ3ewLegQIDBAW\" aria-label=\"Texto traduzido: Registration for this workshop closes on Wednesday, April 15th at 6:00 PM.\"><span lang=\"en\">Registration for this workshop closes on Wednesday, April 15th at 6:00 PM.<\/span><\/p>\n<p>&nbsp;<\/p>\n<p>&nbsp;<\/p>\n","protected":false},"featured_media":34624,"template":"","meta":[],"product_cat":[1578,1724,1722],"product_tag":[],"yoast_head":"<!-- This site is optimized with the Yoast SEO plugin v22.9 - https:\/\/yoast.com\/wordpress\/plugins\/seo\/ -->\n<title>Ravelry sem mist\u00e9rios | Ravelry Made Simple - The Craft Company<\/title>\n<meta name=\"robots\" content=\"index, follow, max-snippet:-1, max-image-preview:large, max-video-preview:-1\" \/>\n<link rel=\"canonical\" href=\"https:\/\/thecraftcompany.pt\/produto\/workshop-ravelry-belagacrafts-e-limaknits\/\" \/>\n<meta property=\"og:locale\" content=\"en_US\" \/>\n<meta property=\"og:type\" content=\"article\" \/>\n<meta property=\"og:title\" content=\"Ravelry sem mist\u00e9rios | Ravelry Made Simple - The Craft Company\" \/>\n<meta property=\"og:description\" content=\"Ravelry sem mist\u00e9rios - aprenda a usar a plataforma passo a passo!  O tricot e o crochet de hoje conquistaram novas dimens\u00f5es. \u00c9 essencialmente atrav\u00e9s do digital que as designers e marcas divulgam os seus produtos. Modelos, fios, acess\u00f3rios, t\u00e9cnicas e gigantescas comunidades est\u00e3o todos \u00e0 dist\u00e2ncia de um clique!  Neste workshop iremos desvendar os recantos da plataforma Ravelry. O Ravelry \u00e9 o website mais utilizado pelos tricotadeiros e crocheteiros, uma ferramenta inigual\u00e1vel para que possa tirar o melhor partido deste novo mundo.  Data: 18 de Abril 2026  Hor\u00e1rio: 10h \u00e0s 16h, com pausa para almo\u00e7o no caf\u00e9 da Craft entre as 12h30 e as 14h.  As inscri\u00e7\u00f5es para este Workshop encerram na quarta feira, dia 15\/04 \u00e0s 18h00.  ***  Ravelry Made Simple - learn to use the Platform Step by Step!  Today&#039;s knitting and crochet have gained new dimensions. It is essentially through digital that designers and brands promote their products. Patterns, yarns, accessories, techniques and gigantic communities are all just a click away!  In this workshop we will uncover the corners of the Ravelry platform. Ravelry is the most used website by knitters and crocheters, an unparalleled tool for you to make the most of this new world.  Date: 18th April 2026  From 10am to 4pm, with a lunch break at the Craft caf\u00e9 between 12:30pm and 2pm. Registration for this workshop closes on Wednesday, April 15th at 6:00 PM. &nbsp;  &nbsp;\" \/>\n<meta property=\"og:url\" content=\"https:\/\/thecraftcompany.pt\/produto\/workshop-ravelry-belagacrafts-e-limaknits\/\" \/>\n<meta property=\"og:site_name\" content=\"The Craft Company\" \/>\n<meta property=\"article:publisher\" content=\"https:\/\/www.facebook.com\/thecraftcompanycascais\" \/>\n<meta property=\"article:modified_time\" content=\"2026-03-06T23:33:45+00:00\" \/>\n<meta property=\"og:image\" content=\"https:\/\/thecraftcompany.pt\/wp-content\/uploads\/2024\/02\/Ravelry-1.jpg\" \/>\n\t<meta property=\"og:image:width\" content=\"463\" \/>\n\t<meta property=\"og:image:height\" content=\"499\" \/>\n\t<meta property=\"og:image:type\" content=\"image\/jpeg\" \/>\n<meta name=\"twitter:card\" content=\"summary_large_image\" \/>\n<meta name=\"twitter:label1\" content=\"Est. reading time\" \/>\n\t<meta name=\"twitter:data1\" content=\"2 minutes\" \/>\n<script type=\"application\/ld+json\" class=\"yoast-schema-graph\">{\"@context\":\"https:\/\/schema.org\",\"@graph\":[{\"@type\":\"WebPage\",\"@id\":\"https:\/\/thecraftcompany.pt\/produto\/workshop-ravelry-belagacrafts-e-limaknits\/\",\"url\":\"https:\/\/thecraftcompany.pt\/produto\/workshop-ravelry-belagacrafts-e-limaknits\/\",\"name\":\"Ravelry sem mist\u00e9rios | Ravelry Made Simple - The Craft Company\",\"isPartOf\":{\"@id\":\"https:\/\/thecraftcompany.pt\/#website\"},\"primaryImageOfPage\":{\"@id\":\"https:\/\/thecraftcompany.pt\/produto\/workshop-ravelry-belagacrafts-e-limaknits\/#primaryimage\"},\"image\":{\"@id\":\"https:\/\/thecraftcompany.pt\/produto\/workshop-ravelry-belagacrafts-e-limaknits\/#primaryimage\"},\"thumbnailUrl\":\"https:\/\/thecraftcompany.pt\/wp-content\/uploads\/2024\/02\/Ravelry-1.jpg\",\"datePublished\":\"2024-02-10T17:04:22+00:00\",\"dateModified\":\"2026-03-06T23:33:45+00:00\",\"breadcrumb\":{\"@id\":\"https:\/\/thecraftcompany.pt\/produto\/workshop-ravelry-belagacrafts-e-limaknits\/#breadcrumb\"},\"inLanguage\":\"en-US\",\"potentialAction\":[{\"@type\":\"ReadAction\",\"target\":[\"https:\/\/thecraftcompany.pt\/produto\/workshop-ravelry-belagacrafts-e-limaknits\/\"]}]},{\"@type\":\"ImageObject\",\"inLanguage\":\"en-US\",\"@id\":\"https:\/\/thecraftcompany.pt\/produto\/workshop-ravelry-belagacrafts-e-limaknits\/#primaryimage\",\"url\":\"https:\/\/thecraftcompany.pt\/wp-content\/uploads\/2024\/02\/Ravelry-1.jpg\",\"contentUrl\":\"https:\/\/thecraftcompany.pt\/wp-content\/uploads\/2024\/02\/Ravelry-1.jpg\",\"width\":463,\"height\":499},{\"@type\":\"BreadcrumbList\",\"@id\":\"https:\/\/thecraftcompany.pt\/produto\/workshop-ravelry-belagacrafts-e-limaknits\/#breadcrumb\",\"itemListElement\":[{\"@type\":\"ListItem\",\"position\":1,\"name\":\"In\u00edcio\",\"item\":\"https:\/\/thecraftcompany.pt\/en\/\"},{\"@type\":\"ListItem\",\"position\":2,\"name\":\"Shop\",\"item\":\"https:\/\/thecraftcompany.pt\/en\/shop-2\/\"},{\"@type\":\"ListItem\",\"position\":3,\"name\":\"Ravelry sem mist\u00e9rios | Ravelry Made Simple\"}]},{\"@type\":\"WebSite\",\"@id\":\"https:\/\/thecraftcompany.pt\/#website\",\"url\":\"https:\/\/thecraftcompany.pt\/\",\"name\":\"The Craft Company\",\"description\":\"Store &amp; Workshops\",\"publisher\":{\"@id\":\"https:\/\/thecraftcompany.pt\/#organization\"},\"potentialAction\":[{\"@type\":\"SearchAction\",\"target\":{\"@type\":\"EntryPoint\",\"urlTemplate\":\"https:\/\/thecraftcompany.pt\/?s={search_term_string}\"},\"query-input\":\"required name=search_term_string\"}],\"inLanguage\":\"en-US\"},{\"@type\":\"Organization\",\"@id\":\"https:\/\/thecraftcompany.pt\/#organization\",\"name\":\"The Craft Company\",\"url\":\"https:\/\/thecraftcompany.pt\/\",\"logo\":{\"@type\":\"ImageObject\",\"inLanguage\":\"en-US\",\"@id\":\"https:\/\/thecraftcompany.pt\/#\/schema\/logo\/image\/\",\"url\":\"https:\/\/thecraftcompany.pt\/wp-content\/uploads\/2016\/12\/logo.png\",\"contentUrl\":\"https:\/\/thecraftcompany.pt\/wp-content\/uploads\/2016\/12\/logo.png\",\"width\":238,\"height\":150,\"caption\":\"The Craft Company\"},\"image\":{\"@id\":\"https:\/\/thecraftcompany.pt\/#\/schema\/logo\/image\/\"},\"sameAs\":[\"https:\/\/www.facebook.com\/thecraftcompanycascais\",\"https:\/\/www.instagram.com\/thecraftcompany_cascais\/\"]}]}<\/script>\n<!-- \/ Yoast SEO plugin. -->","yoast_head_json":{"title":"Ravelry sem mist\u00e9rios | Ravelry Made Simple - The Craft Company","robots":{"index":"index","follow":"follow","max-snippet":"max-snippet:-1","max-image-preview":"max-image-preview:large","max-video-preview":"max-video-preview:-1"},"canonical":"https:\/\/thecraftcompany.pt\/produto\/workshop-ravelry-belagacrafts-e-limaknits\/","og_locale":"en_US","og_type":"article","og_title":"Ravelry sem mist\u00e9rios | Ravelry Made Simple - The Craft Company","og_description":"Ravelry sem mist\u00e9rios - aprenda a usar a plataforma passo a passo!  O tricot e o crochet de hoje conquistaram novas dimens\u00f5es. \u00c9 essencialmente atrav\u00e9s do digital que as designers e marcas divulgam os seus produtos. Modelos, fios, acess\u00f3rios, t\u00e9cnicas e gigantescas comunidades est\u00e3o todos \u00e0 dist\u00e2ncia de um clique!  Neste workshop iremos desvendar os recantos da plataforma Ravelry. O Ravelry \u00e9 o website mais utilizado pelos tricotadeiros e crocheteiros, uma ferramenta inigual\u00e1vel para que possa tirar o melhor partido deste novo mundo.  Data: 18 de Abril 2026  Hor\u00e1rio: 10h \u00e0s 16h, com pausa para almo\u00e7o no caf\u00e9 da Craft entre as 12h30 e as 14h.  As inscri\u00e7\u00f5es para este Workshop encerram na quarta feira, dia 15\/04 \u00e0s 18h00.  ***  Ravelry Made Simple - learn to use the Platform Step by Step!  Today's knitting and crochet have gained new dimensions. It is essentially through digital that designers and brands promote their products. Patterns, yarns, accessories, techniques and gigantic communities are all just a click away!  In this workshop we will uncover the corners of the Ravelry platform. Ravelry is the most used website by knitters and crocheters, an unparalleled tool for you to make the most of this new world.  Date: 18th April 2026  From 10am to 4pm, with a lunch break at the Craft caf\u00e9 between 12:30pm and 2pm. Registration for this workshop closes on Wednesday, April 15th at 6:00 PM. &nbsp;  &nbsp;","og_url":"https:\/\/thecraftcompany.pt\/produto\/workshop-ravelry-belagacrafts-e-limaknits\/","og_site_name":"The Craft Company","article_publisher":"https:\/\/www.facebook.com\/thecraftcompanycascais","article_modified_time":"2026-03-06T23:33:45+00:00","og_image":[{"width":463,"height":499,"url":"https:\/\/thecraftcompany.pt\/wp-content\/uploads\/2024\/02\/Ravelry-1.jpg","type":"image\/jpeg"}],"twitter_card":"summary_large_image","twitter_misc":{"Est. reading time":"2 minutes"},"schema":{"@context":"https:\/\/schema.org","@graph":[{"@type":"WebPage","@id":"https:\/\/thecraftcompany.pt\/produto\/workshop-ravelry-belagacrafts-e-limaknits\/","url":"https:\/\/thecraftcompany.pt\/produto\/workshop-ravelry-belagacrafts-e-limaknits\/","name":"Ravelry sem mist\u00e9rios | Ravelry Made Simple - The Craft Company","isPartOf":{"@id":"https:\/\/thecraftcompany.pt\/#website"},"primaryImageOfPage":{"@id":"https:\/\/thecraftcompany.pt\/produto\/workshop-ravelry-belagacrafts-e-limaknits\/#primaryimage"},"image":{"@id":"https:\/\/thecraftcompany.pt\/produto\/workshop-ravelry-belagacrafts-e-limaknits\/#primaryimage"},"thumbnailUrl":"https:\/\/thecraftcompany.pt\/wp-content\/uploads\/2024\/02\/Ravelry-1.jpg","datePublished":"2024-02-10T17:04:22+00:00","dateModified":"2026-03-06T23:33:45+00:00","breadcrumb":{"@id":"https:\/\/thecraftcompany.pt\/produto\/workshop-ravelry-belagacrafts-e-limaknits\/#breadcrumb"},"inLanguage":"en-US","potentialAction":[{"@type":"ReadAction","target":["https:\/\/thecraftcompany.pt\/produto\/workshop-ravelry-belagacrafts-e-limaknits\/"]}]},{"@type":"ImageObject","inLanguage":"en-US","@id":"https:\/\/thecraftcompany.pt\/produto\/workshop-ravelry-belagacrafts-e-limaknits\/#primaryimage","url":"https:\/\/thecraftcompany.pt\/wp-content\/uploads\/2024\/02\/Ravelry-1.jpg","contentUrl":"https:\/\/thecraftcompany.pt\/wp-content\/uploads\/2024\/02\/Ravelry-1.jpg","width":463,"height":499},{"@type":"BreadcrumbList","@id":"https:\/\/thecraftcompany.pt\/produto\/workshop-ravelry-belagacrafts-e-limaknits\/#breadcrumb","itemListElement":[{"@type":"ListItem","position":1,"name":"In\u00edcio","item":"https:\/\/thecraftcompany.pt\/en\/"},{"@type":"ListItem","position":2,"name":"Shop","item":"https:\/\/thecraftcompany.pt\/en\/shop-2\/"},{"@type":"ListItem","position":3,"name":"Ravelry sem mist\u00e9rios | Ravelry Made Simple"}]},{"@type":"WebSite","@id":"https:\/\/thecraftcompany.pt\/#website","url":"https:\/\/thecraftcompany.pt\/","name":"The Craft Company","description":"Store &amp; Workshops","publisher":{"@id":"https:\/\/thecraftcompany.pt\/#organization"},"potentialAction":[{"@type":"SearchAction","target":{"@type":"EntryPoint","urlTemplate":"https:\/\/thecraftcompany.pt\/?s={search_term_string}"},"query-input":"required name=search_term_string"}],"inLanguage":"en-US"},{"@type":"Organization","@id":"https:\/\/thecraftcompany.pt\/#organization","name":"The Craft Company","url":"https:\/\/thecraftcompany.pt\/","logo":{"@type":"ImageObject","inLanguage":"en-US","@id":"https:\/\/thecraftcompany.pt\/#\/schema\/logo\/image\/","url":"https:\/\/thecraftcompany.pt\/wp-content\/uploads\/2016\/12\/logo.png","contentUrl":"https:\/\/thecraftcompany.pt\/wp-content\/uploads\/2016\/12\/logo.png","width":238,"height":150,"caption":"The Craft Company"},"image":{"@id":"https:\/\/thecraftcompany.pt\/#\/schema\/logo\/image\/"},"sameAs":["https:\/\/www.facebook.com\/thecraftcompanycascais","https:\/\/www.instagram.com\/thecraftcompany_cascais\/"]}]}},"_links":{"self":[{"href":"https:\/\/thecraftcompany.pt\/en\/wp-json\/wp\/v2\/product\/34601"}],"collection":[{"href":"https:\/\/thecraftcompany.pt\/en\/wp-json\/wp\/v2\/product"}],"about":[{"href":"https:\/\/thecraftcompany.pt\/en\/wp-json\/wp\/v2\/types\/product"}],"wp:featuredmedia":[{"embeddable":true,"href":"https:\/\/thecraftcompany.pt\/en\/wp-json\/wp\/v2\/media\/34624"}],"wp:attachment":[{"href":"https:\/\/thecraftcompany.pt\/en\/wp-json\/wp\/v2\/media?parent=34601"}],"wp:term":[{"taxonomy":"product_cat","embeddable":true,"href":"https:\/\/thecraftcompany.pt\/en\/wp-json\/wp\/v2\/product_cat?post=34601"},{"taxonomy":"product_tag","embeddable":true,"href":"https:\/\/thecraftcompany.pt\/en\/wp-json\/wp\/v2\/product_tag?post=34601"}],"curies":[{"name":"wp","href":"https:\/\/api.w.org\/{rel}","templated":true}]}}