{"id":35431,"date":"2024-09-27T13:05:54","date_gmt":"2024-09-27T13:05:54","guid":{"rendered":"https:\/\/thecraftcompany.pt\/?post_type=product&#038;p=35431"},"modified":"2026-01-08T22:12:18","modified_gmt":"2026-01-08T22:12:18","slug":"desenhe-a-sua-camisola-top-down-em-raglan-e-sem-costuras","status":"publish","type":"product","link":"https:\/\/thecraftcompany.pt\/en\/produto\/desenhe-a-sua-camisola-top-down-em-raglan-e-sem-costuras\/","title":{"rendered":"Desenhe a sua Camisola Top-down em raglan e sem costuras | Tricot com LimaKnits"},"content":{"rendered":"<p>Este \u00e9 um workshop gui\u00e3o de como passar da ideia ao produto final no tricot. Se gosta de desenhar as suas pr\u00f3prias pe\u00e7as, se nunca desenhou mas gostaria de dar o pr\u00f3ximo passo ou simplesmente est\u00e1 interessado em aprender a tricotar sem costuras uma camisola de cima para baixo, este \u00e9 o workshop ideal para se desafiar!<\/p>\n<p>Aprender\u00e1 todos os passos necess\u00e1rios para traduzir a sua camisola de sonho num produto acabado e aut\u00eantico numa constru\u00e7\u00e3o de cima para baixo sem quaisquer costuras e por meio da t\u00e9cnica de raglan.<\/p>\n<p><strong>N\u00cdVEL DE CONHECIMENTOS: <\/strong>interm\u00e9dio- avan\u00e7ado<\/p>\n<p><strong>DURA\u00c7\u00c3O: <\/strong>3 dias x 3h (9h total)<\/p>\n<p><strong>DATAS<\/strong>:<\/p>\n<ul>\n<li>1\u00aa Sess\u00e3o: 14 Fevereiro<\/li>\n<li>2\u00aa Sess\u00e3o: 14 Mar\u00e7o<\/li>\n<li>3\u00aa Sess\u00e3o: 11 Abril<\/li>\n<\/ul>\n<p><strong>HOR\u00c1RIO:<\/strong> das 10h \u00e0s 13h<\/p>\n<p><strong>MATERIAIS NECESS\u00c1RIOS N\u00c3O INCLU\u00cdDOS NO PRE\u00c7O: <\/strong><\/p>\n<ol>\n<li>Caderno<\/li>\n<li>Materiais de desenho<\/li>\n<li>Fio, agulhas e cabos adequados ao modelo que idealizar. Pode trazer materiais que j\u00e1 tenha em casa ou aguardar pela primeira sess\u00e3o e a formadora ajudar\u00e1 a selecionar os materiais mais adequados \u00e0 sua cria\u00e7\u00e3o<\/li>\n<\/ol>\n<p><strong>AMOSTRA:<\/strong><strong>\u00a0<\/strong><\/p>\n<p>Como forma de prepara\u00e7\u00e3o pode trazer j\u00e1 ideias de casa\/ inspira\u00e7\u00f5es e at\u00e9 amostras de tricot com as quais gostasse de trabalhar.<\/p>\n<p><strong>NOTAS IMPORTANTES:<\/strong><\/p>\n<p>Este workshop tem uma capacidade m\u00e1xima de 8 participantes. Ser\u00e1 realizado com um m\u00ednimo de 4 participantes.<\/p>\n<p><strong>POL\u00cdTICA DE CANCELAMENTO:<\/strong><\/p>\n<p>O valor s\u00f3 ser\u00e1 devolvido em caso de cancelamento, se este for feito com 1 semana de anteced\u00eancia, em rela\u00e7\u00e3o ao dia e \u00e0 hora marcada para a 1\u00aa sess\u00e3o do Workshop.<\/p>\n<p>Caso pretenda que a Formadora emita recibo com NIF, dever\u00e1 informar o mesmo aquando da compra.<\/p>\n","protected":false},"excerpt":{"rendered":"<p>Aprenda neste Workshop de 3 sess\u00f5es a desenhar e tricotar a sua camisola top down, raglan e sem costuras.<\/p>\n<p>Aprender\u00e1 todos os passos necess\u00e1rios para traduzir a sua camisola de sonho num produto acabado e aut\u00eantico!<\/p>\n<p><strong>DATAS E HOR\u00c1RIO<\/strong>: 14 Fevereiro, 14 Mar\u00e7o e 11 Abril de 2026 das 10h \u00e0s 13h<\/p>\n<p><strong>FORMADORA:<\/strong> \u00a0Patr\u00edcia Lima (LimaKnits)<\/p>\n<p style=\"text-align: right;\"><a href=\"https:\/\/thecraftcompany.pt\/workshops\/\"><span style=\"color: #800000;\"><strong>Conhe\u00e7a aqui as nossas Formadoras!<\/strong><\/span><\/a><\/p>\n<p>&nbsp;<\/p>\n","protected":false},"featured_media":35899,"template":"","meta":[],"product_cat":[1724,1722],"product_tag":[],"yoast_head":"<!-- This site is optimized with the Yoast SEO plugin v22.9 - https:\/\/yoast.com\/wordpress\/plugins\/seo\/ -->\n<title>Desenhe a sua Camisola Top-down em raglan e sem costuras | Tricot com LimaKnits - The Craft Company<\/title>\n<meta name=\"robots\" content=\"index, follow, max-snippet:-1, max-image-preview:large, max-video-preview:-1\" \/>\n<link rel=\"canonical\" href=\"https:\/\/thecraftcompany.pt\/produto\/desenhe-a-sua-camisola-top-down-em-raglan-e-sem-costuras\/\" \/>\n<meta property=\"og:locale\" content=\"en_US\" \/>\n<meta property=\"og:type\" content=\"article\" \/>\n<meta property=\"og:title\" content=\"Desenhe a sua Camisola Top-down em raglan e sem costuras | Tricot com LimaKnits - The Craft Company\" \/>\n<meta property=\"og:description\" content=\"Aprenda neste Workshop de 3 sess\u00f5es a desenhar e tricotar a sua camisola top down, raglan e sem costuras.  Aprender\u00e1 todos os passos necess\u00e1rios para traduzir a sua camisola de sonho num produto acabado e aut\u00eantico!  DATAS E HOR\u00c1RIO: 14 Fevereiro, 14 Mar\u00e7o e 11 Abril de 2026 das 10h \u00e0s 13h  FORMADORA: \u00a0Patr\u00edcia Lima (LimaKnits) Conhe\u00e7a aqui as nossas Formadoras! &nbsp;\" \/>\n<meta property=\"og:url\" content=\"https:\/\/thecraftcompany.pt\/produto\/desenhe-a-sua-camisola-top-down-em-raglan-e-sem-costuras\/\" \/>\n<meta property=\"og:site_name\" content=\"The Craft Company\" \/>\n<meta property=\"article:publisher\" content=\"https:\/\/www.facebook.com\/thecraftcompanycascais\" \/>\n<meta property=\"article:modified_time\" content=\"2026-01-08T22:12:18+00:00\" \/>\n<meta property=\"og:image\" content=\"https:\/\/thecraftcompany.pt\/wp-content\/uploads\/2024\/09\/Workshop-TopDown-Lima.jpg\" \/>\n\t<meta property=\"og:image:width\" content=\"1430\" \/>\n\t<meta property=\"og:image:height\" content=\"2048\" \/>\n\t<meta property=\"og:image:type\" content=\"image\/jpeg\" \/>\n<meta name=\"twitter:card\" content=\"summary_large_image\" \/>\n<meta name=\"twitter:label1\" content=\"Est. reading time\" \/>\n\t<meta name=\"twitter:data1\" content=\"2 minutes\" \/>\n<script type=\"application\/ld+json\" class=\"yoast-schema-graph\">{\"@context\":\"https:\/\/schema.org\",\"@graph\":[{\"@type\":\"WebPage\",\"@id\":\"https:\/\/thecraftcompany.pt\/produto\/desenhe-a-sua-camisola-top-down-em-raglan-e-sem-costuras\/\",\"url\":\"https:\/\/thecraftcompany.pt\/produto\/desenhe-a-sua-camisola-top-down-em-raglan-e-sem-costuras\/\",\"name\":\"Desenhe a sua Camisola Top-down em raglan e sem costuras | Tricot com LimaKnits - The Craft Company\",\"isPartOf\":{\"@id\":\"https:\/\/thecraftcompany.pt\/#website\"},\"primaryImageOfPage\":{\"@id\":\"https:\/\/thecraftcompany.pt\/produto\/desenhe-a-sua-camisola-top-down-em-raglan-e-sem-costuras\/#primaryimage\"},\"image\":{\"@id\":\"https:\/\/thecraftcompany.pt\/produto\/desenhe-a-sua-camisola-top-down-em-raglan-e-sem-costuras\/#primaryimage\"},\"thumbnailUrl\":\"https:\/\/thecraftcompany.pt\/wp-content\/uploads\/2024\/09\/Workshop-TopDown-Lima.jpg\",\"datePublished\":\"2024-09-27T13:05:54+00:00\",\"dateModified\":\"2026-01-08T22:12:18+00:00\",\"breadcrumb\":{\"@id\":\"https:\/\/thecraftcompany.pt\/produto\/desenhe-a-sua-camisola-top-down-em-raglan-e-sem-costuras\/#breadcrumb\"},\"inLanguage\":\"en-US\",\"potentialAction\":[{\"@type\":\"ReadAction\",\"target\":[\"https:\/\/thecraftcompany.pt\/produto\/desenhe-a-sua-camisola-top-down-em-raglan-e-sem-costuras\/\"]}]},{\"@type\":\"ImageObject\",\"inLanguage\":\"en-US\",\"@id\":\"https:\/\/thecraftcompany.pt\/produto\/desenhe-a-sua-camisola-top-down-em-raglan-e-sem-costuras\/#primaryimage\",\"url\":\"https:\/\/thecraftcompany.pt\/wp-content\/uploads\/2024\/09\/Workshop-TopDown-Lima.jpg\",\"contentUrl\":\"https:\/\/thecraftcompany.pt\/wp-content\/uploads\/2024\/09\/Workshop-TopDown-Lima.jpg\",\"width\":1430,\"height\":2048},{\"@type\":\"BreadcrumbList\",\"@id\":\"https:\/\/thecraftcompany.pt\/produto\/desenhe-a-sua-camisola-top-down-em-raglan-e-sem-costuras\/#breadcrumb\",\"itemListElement\":[{\"@type\":\"ListItem\",\"position\":1,\"name\":\"In\u00edcio\",\"item\":\"https:\/\/thecraftcompany.pt\/en\/\"},{\"@type\":\"ListItem\",\"position\":2,\"name\":\"Shop\",\"item\":\"https:\/\/thecraftcompany.pt\/en\/shop-2\/\"},{\"@type\":\"ListItem\",\"position\":3,\"name\":\"Desenhe a sua Camisola Top-down em raglan e sem costuras | Tricot com LimaKnits\"}]},{\"@type\":\"WebSite\",\"@id\":\"https:\/\/thecraftcompany.pt\/#website\",\"url\":\"https:\/\/thecraftcompany.pt\/\",\"name\":\"The Craft Company\",\"description\":\"Store &amp; Workshops\",\"publisher\":{\"@id\":\"https:\/\/thecraftcompany.pt\/#organization\"},\"potentialAction\":[{\"@type\":\"SearchAction\",\"target\":{\"@type\":\"EntryPoint\",\"urlTemplate\":\"https:\/\/thecraftcompany.pt\/?s={search_term_string}\"},\"query-input\":\"required name=search_term_string\"}],\"inLanguage\":\"en-US\"},{\"@type\":\"Organization\",\"@id\":\"https:\/\/thecraftcompany.pt\/#organization\",\"name\":\"The Craft Company\",\"url\":\"https:\/\/thecraftcompany.pt\/\",\"logo\":{\"@type\":\"ImageObject\",\"inLanguage\":\"en-US\",\"@id\":\"https:\/\/thecraftcompany.pt\/#\/schema\/logo\/image\/\",\"url\":\"https:\/\/thecraftcompany.pt\/wp-content\/uploads\/2016\/12\/logo.png\",\"contentUrl\":\"https:\/\/thecraftcompany.pt\/wp-content\/uploads\/2016\/12\/logo.png\",\"width\":238,\"height\":150,\"caption\":\"The Craft Company\"},\"image\":{\"@id\":\"https:\/\/thecraftcompany.pt\/#\/schema\/logo\/image\/\"},\"sameAs\":[\"https:\/\/www.facebook.com\/thecraftcompanycascais\",\"https:\/\/www.instagram.com\/thecraftcompany_cascais\/\"]}]}<\/script>\n<!-- \/ Yoast SEO plugin. -->","yoast_head_json":{"title":"Desenhe a sua Camisola Top-down em raglan e sem costuras | Tricot com LimaKnits - The Craft Company","robots":{"index":"index","follow":"follow","max-snippet":"max-snippet:-1","max-image-preview":"max-image-preview:large","max-video-preview":"max-video-preview:-1"},"canonical":"https:\/\/thecraftcompany.pt\/produto\/desenhe-a-sua-camisola-top-down-em-raglan-e-sem-costuras\/","og_locale":"en_US","og_type":"article","og_title":"Desenhe a sua Camisola Top-down em raglan e sem costuras | Tricot com LimaKnits - The Craft Company","og_description":"Aprenda neste Workshop de 3 sess\u00f5es a desenhar e tricotar a sua camisola top down, raglan e sem costuras.  Aprender\u00e1 todos os passos necess\u00e1rios para traduzir a sua camisola de sonho num produto acabado e aut\u00eantico!  DATAS E HOR\u00c1RIO: 14 Fevereiro, 14 Mar\u00e7o e 11 Abril de 2026 das 10h \u00e0s 13h  FORMADORA: \u00a0Patr\u00edcia Lima (LimaKnits) Conhe\u00e7a aqui as nossas Formadoras! &nbsp;","og_url":"https:\/\/thecraftcompany.pt\/produto\/desenhe-a-sua-camisola-top-down-em-raglan-e-sem-costuras\/","og_site_name":"The Craft Company","article_publisher":"https:\/\/www.facebook.com\/thecraftcompanycascais","article_modified_time":"2026-01-08T22:12:18+00:00","og_image":[{"width":1430,"height":2048,"url":"https:\/\/thecraftcompany.pt\/wp-content\/uploads\/2024\/09\/Workshop-TopDown-Lima.jpg","type":"image\/jpeg"}],"twitter_card":"summary_large_image","twitter_misc":{"Est. reading time":"2 minutes"},"schema":{"@context":"https:\/\/schema.org","@graph":[{"@type":"WebPage","@id":"https:\/\/thecraftcompany.pt\/produto\/desenhe-a-sua-camisola-top-down-em-raglan-e-sem-costuras\/","url":"https:\/\/thecraftcompany.pt\/produto\/desenhe-a-sua-camisola-top-down-em-raglan-e-sem-costuras\/","name":"Desenhe a sua Camisola Top-down em raglan e sem costuras | Tricot com LimaKnits - The Craft Company","isPartOf":{"@id":"https:\/\/thecraftcompany.pt\/#website"},"primaryImageOfPage":{"@id":"https:\/\/thecraftcompany.pt\/produto\/desenhe-a-sua-camisola-top-down-em-raglan-e-sem-costuras\/#primaryimage"},"image":{"@id":"https:\/\/thecraftcompany.pt\/produto\/desenhe-a-sua-camisola-top-down-em-raglan-e-sem-costuras\/#primaryimage"},"thumbnailUrl":"https:\/\/thecraftcompany.pt\/wp-content\/uploads\/2024\/09\/Workshop-TopDown-Lima.jpg","datePublished":"2024-09-27T13:05:54+00:00","dateModified":"2026-01-08T22:12:18+00:00","breadcrumb":{"@id":"https:\/\/thecraftcompany.pt\/produto\/desenhe-a-sua-camisola-top-down-em-raglan-e-sem-costuras\/#breadcrumb"},"inLanguage":"en-US","potentialAction":[{"@type":"ReadAction","target":["https:\/\/thecraftcompany.pt\/produto\/desenhe-a-sua-camisola-top-down-em-raglan-e-sem-costuras\/"]}]},{"@type":"ImageObject","inLanguage":"en-US","@id":"https:\/\/thecraftcompany.pt\/produto\/desenhe-a-sua-camisola-top-down-em-raglan-e-sem-costuras\/#primaryimage","url":"https:\/\/thecraftcompany.pt\/wp-content\/uploads\/2024\/09\/Workshop-TopDown-Lima.jpg","contentUrl":"https:\/\/thecraftcompany.pt\/wp-content\/uploads\/2024\/09\/Workshop-TopDown-Lima.jpg","width":1430,"height":2048},{"@type":"BreadcrumbList","@id":"https:\/\/thecraftcompany.pt\/produto\/desenhe-a-sua-camisola-top-down-em-raglan-e-sem-costuras\/#breadcrumb","itemListElement":[{"@type":"ListItem","position":1,"name":"In\u00edcio","item":"https:\/\/thecraftcompany.pt\/en\/"},{"@type":"ListItem","position":2,"name":"Shop","item":"https:\/\/thecraftcompany.pt\/en\/shop-2\/"},{"@type":"ListItem","position":3,"name":"Desenhe a sua Camisola Top-down em raglan e sem costuras | Tricot com LimaKnits"}]},{"@type":"WebSite","@id":"https:\/\/thecraftcompany.pt\/#website","url":"https:\/\/thecraftcompany.pt\/","name":"The Craft Company","description":"Store &amp; Workshops","publisher":{"@id":"https:\/\/thecraftcompany.pt\/#organization"},"potentialAction":[{"@type":"SearchAction","target":{"@type":"EntryPoint","urlTemplate":"https:\/\/thecraftcompany.pt\/?s={search_term_string}"},"query-input":"required name=search_term_string"}],"inLanguage":"en-US"},{"@type":"Organization","@id":"https:\/\/thecraftcompany.pt\/#organization","name":"The Craft Company","url":"https:\/\/thecraftcompany.pt\/","logo":{"@type":"ImageObject","inLanguage":"en-US","@id":"https:\/\/thecraftcompany.pt\/#\/schema\/logo\/image\/","url":"https:\/\/thecraftcompany.pt\/wp-content\/uploads\/2016\/12\/logo.png","contentUrl":"https:\/\/thecraftcompany.pt\/wp-content\/uploads\/2016\/12\/logo.png","width":238,"height":150,"caption":"The Craft Company"},"image":{"@id":"https:\/\/thecraftcompany.pt\/#\/schema\/logo\/image\/"},"sameAs":["https:\/\/www.facebook.com\/thecraftcompanycascais","https:\/\/www.instagram.com\/thecraftcompany_cascais\/"]}]}},"_links":{"self":[{"href":"https:\/\/thecraftcompany.pt\/en\/wp-json\/wp\/v2\/product\/35431"}],"collection":[{"href":"https:\/\/thecraftcompany.pt\/en\/wp-json\/wp\/v2\/product"}],"about":[{"href":"https:\/\/thecraftcompany.pt\/en\/wp-json\/wp\/v2\/types\/product"}],"wp:featuredmedia":[{"embeddable":true,"href":"https:\/\/thecraftcompany.pt\/en\/wp-json\/wp\/v2\/media\/35899"}],"wp:attachment":[{"href":"https:\/\/thecraftcompany.pt\/en\/wp-json\/wp\/v2\/media?parent=35431"}],"wp:term":[{"taxonomy":"product_cat","embeddable":true,"href":"https:\/\/thecraftcompany.pt\/en\/wp-json\/wp\/v2\/product_cat?post=35431"},{"taxonomy":"product_tag","embeddable":true,"href":"https:\/\/thecraftcompany.pt\/en\/wp-json\/wp\/v2\/product_tag?post=35431"}],"curies":[{"name":"wp","href":"https:\/\/api.w.org\/{rel}","templated":true}]}}