{"id":36684,"date":"2025-04-09T15:31:13","date_gmt":"2025-04-09T15:31:13","guid":{"rendered":"https:\/\/thecraftcompany.pt\/?post_type=product&#038;p=36684"},"modified":"2026-02-26T09:29:34","modified_gmt":"2026-02-26T09:29:34","slug":"stranded-colorwork-limaknits","status":"publish","type":"product","link":"https:\/\/thecraftcompany.pt\/en\/produto\/stranded-colorwork-limaknits\/","title":{"rendered":"Stranded Colorwork | Tricot com LimaKnits"},"content":{"rendered":"<p><strong>N\u00cdVEL DE CONHECIMENTOS:<\/strong> interm\u00e9dio<\/p>\n<p><strong>DURA\u00c7\u00c3O:<\/strong> 3 horas<\/p>\n<p><strong>DATA: <\/strong>7 de mar\u00e7o (s\u00e1bado)<\/p>\n<p><strong>HOR\u00c1RIO:<\/strong> das 10h \u00e0s 13h<\/p>\n<p><strong>MATERIAIS NECESS\u00c1RIOS N\u00c3O INCLU\u00cdDOS NO PRE\u00c7O:<\/strong><\/p>\n<ul>\n<li>3 novelos DK ou mais espesso de 3 cores diferentes. Importa que sejam todos da mesma espessura e tor\u00e7\u00f5es semelhantes<\/li>\n<li>Folha quadriculada + 3 l\u00e1pis e\/ou canetas de cores diferentes (de prefer\u00eancia semelhantes \u00e0s cores escolhidas para as l\u00e3s)<\/li>\n<li>Agulhas adequadas ao fio escolhido<\/li>\n<\/ul>\n<p><strong>NOTAS IMPORTANTES:<\/strong><br \/>\nEste workshop tem uma capacidade m\u00e1xima de 8 participantes. Ser\u00e1 realizado com um m\u00ednimo de 4 participantes.<\/p>\n<p>Caso pretenda que a Formadora emita recibo com NIF, dever\u00e1 informar o mesmo aquando da compra.<\/p>\n<p><strong>POL\u00cdTICA DE CANCELAMENTO:<\/strong><br \/>\nO valor s\u00f3 ser\u00e1 devolvido em caso de cancelamento, se este for feito com 1 semana de anteced\u00eancia, em rela\u00e7\u00e3o ao dia e \u00e0 hora marcada para o Workshop.<\/p>\n","protected":false},"excerpt":{"rendered":"<p>O stranded colorwork corresponde \u00e0 t\u00e9cnica que nos permite criar trabalhos de cor minuciosos, repetitivos o longo de uma mesma volta j\u00e1 que o fio \u00e9 conduzido pelo lado do avesso. Os trabalhos mais conhecidos em que esta t\u00e9cnica \u00e9 utilizada s\u00e3o os famosos desenhos de Fair Isle.<\/p>\n<p><strong>DATA E HOR\u00c1RIO:<\/strong> 7 de mar\u00e7o das 10h \u00e0s 13h<\/p>\n<p><strong>FORMADORA:<\/strong> Patr\u00edcia Lima, @lima_knits<\/p>\n<p style=\"text-align: right;\"><a href=\"https:\/\/thecraftcompany.pt\/workshops\/\"><span style=\"color: #800000;\"><strong>Conhe\u00e7a aqui as nossas Formadoras!<\/strong><\/span><\/a><\/p>\n","protected":false},"featured_media":37103,"template":"","meta":[],"product_cat":[1578,1724,1722],"product_tag":[],"yoast_head":"<!-- This site is optimized with the Yoast SEO plugin v22.9 - https:\/\/yoast.com\/wordpress\/plugins\/seo\/ -->\n<title>Stranded Colorwork | Tricot com LimaKnits - The Craft Company<\/title>\n<meta name=\"robots\" content=\"index, follow, max-snippet:-1, max-image-preview:large, max-video-preview:-1\" \/>\n<link rel=\"canonical\" href=\"https:\/\/thecraftcompany.pt\/produto\/stranded-colorwork-limaknits\/\" \/>\n<meta property=\"og:locale\" content=\"en_US\" \/>\n<meta property=\"og:type\" content=\"article\" \/>\n<meta property=\"og:title\" content=\"Stranded Colorwork | Tricot com LimaKnits - The Craft Company\" \/>\n<meta property=\"og:description\" content=\"O stranded colorwork corresponde \u00e0 t\u00e9cnica que nos permite criar trabalhos de cor minuciosos, repetitivos o longo de uma mesma volta j\u00e1 que o fio \u00e9 conduzido pelo lado do avesso. Os trabalhos mais conhecidos em que esta t\u00e9cnica \u00e9 utilizada s\u00e3o os famosos desenhos de Fair Isle.  DATA E HOR\u00c1RIO: 7 de mar\u00e7o das 10h \u00e0s 13h  FORMADORA: Patr\u00edcia Lima, @lima_knits Conhe\u00e7a aqui as nossas Formadoras!\" \/>\n<meta property=\"og:url\" content=\"https:\/\/thecraftcompany.pt\/produto\/stranded-colorwork-limaknits\/\" \/>\n<meta property=\"og:site_name\" content=\"The Craft Company\" \/>\n<meta property=\"article:publisher\" content=\"https:\/\/www.facebook.com\/thecraftcompanycascais\" \/>\n<meta property=\"article:modified_time\" content=\"2026-02-26T09:29:34+00:00\" \/>\n<meta property=\"og:image\" content=\"https:\/\/thecraftcompany.pt\/wp-content\/uploads\/2025\/04\/frente.jpeg\" \/>\n\t<meta property=\"og:image:width\" content=\"1200\" \/>\n\t<meta property=\"og:image:height\" content=\"1600\" \/>\n\t<meta property=\"og:image:type\" content=\"image\/jpeg\" \/>\n<meta name=\"twitter:card\" content=\"summary_large_image\" \/>\n<meta name=\"twitter:label1\" content=\"Est. reading time\" \/>\n\t<meta name=\"twitter:data1\" content=\"1 minute\" \/>\n<script type=\"application\/ld+json\" class=\"yoast-schema-graph\">{\"@context\":\"https:\/\/schema.org\",\"@graph\":[{\"@type\":\"WebPage\",\"@id\":\"https:\/\/thecraftcompany.pt\/produto\/stranded-colorwork-limaknits\/\",\"url\":\"https:\/\/thecraftcompany.pt\/produto\/stranded-colorwork-limaknits\/\",\"name\":\"Stranded Colorwork | Tricot com LimaKnits - The Craft Company\",\"isPartOf\":{\"@id\":\"https:\/\/thecraftcompany.pt\/#website\"},\"primaryImageOfPage\":{\"@id\":\"https:\/\/thecraftcompany.pt\/produto\/stranded-colorwork-limaknits\/#primaryimage\"},\"image\":{\"@id\":\"https:\/\/thecraftcompany.pt\/produto\/stranded-colorwork-limaknits\/#primaryimage\"},\"thumbnailUrl\":\"https:\/\/thecraftcompany.pt\/wp-content\/uploads\/2025\/04\/frente.jpeg\",\"datePublished\":\"2025-04-09T15:31:13+00:00\",\"dateModified\":\"2026-02-26T09:29:34+00:00\",\"breadcrumb\":{\"@id\":\"https:\/\/thecraftcompany.pt\/produto\/stranded-colorwork-limaknits\/#breadcrumb\"},\"inLanguage\":\"en-US\",\"potentialAction\":[{\"@type\":\"ReadAction\",\"target\":[\"https:\/\/thecraftcompany.pt\/produto\/stranded-colorwork-limaknits\/\"]}]},{\"@type\":\"ImageObject\",\"inLanguage\":\"en-US\",\"@id\":\"https:\/\/thecraftcompany.pt\/produto\/stranded-colorwork-limaknits\/#primaryimage\",\"url\":\"https:\/\/thecraftcompany.pt\/wp-content\/uploads\/2025\/04\/frente.jpeg\",\"contentUrl\":\"https:\/\/thecraftcompany.pt\/wp-content\/uploads\/2025\/04\/frente.jpeg\",\"width\":1200,\"height\":1600},{\"@type\":\"BreadcrumbList\",\"@id\":\"https:\/\/thecraftcompany.pt\/produto\/stranded-colorwork-limaknits\/#breadcrumb\",\"itemListElement\":[{\"@type\":\"ListItem\",\"position\":1,\"name\":\"In\u00edcio\",\"item\":\"https:\/\/thecraftcompany.pt\/en\/\"},{\"@type\":\"ListItem\",\"position\":2,\"name\":\"Shop\",\"item\":\"https:\/\/thecraftcompany.pt\/en\/shop-2\/\"},{\"@type\":\"ListItem\",\"position\":3,\"name\":\"Stranded Colorwork | Tricot com LimaKnits\"}]},{\"@type\":\"WebSite\",\"@id\":\"https:\/\/thecraftcompany.pt\/#website\",\"url\":\"https:\/\/thecraftcompany.pt\/\",\"name\":\"The Craft Company\",\"description\":\"Store &amp; Workshops\",\"publisher\":{\"@id\":\"https:\/\/thecraftcompany.pt\/#organization\"},\"potentialAction\":[{\"@type\":\"SearchAction\",\"target\":{\"@type\":\"EntryPoint\",\"urlTemplate\":\"https:\/\/thecraftcompany.pt\/?s={search_term_string}\"},\"query-input\":\"required name=search_term_string\"}],\"inLanguage\":\"en-US\"},{\"@type\":\"Organization\",\"@id\":\"https:\/\/thecraftcompany.pt\/#organization\",\"name\":\"The Craft Company\",\"url\":\"https:\/\/thecraftcompany.pt\/\",\"logo\":{\"@type\":\"ImageObject\",\"inLanguage\":\"en-US\",\"@id\":\"https:\/\/thecraftcompany.pt\/#\/schema\/logo\/image\/\",\"url\":\"https:\/\/thecraftcompany.pt\/wp-content\/uploads\/2016\/12\/logo.png\",\"contentUrl\":\"https:\/\/thecraftcompany.pt\/wp-content\/uploads\/2016\/12\/logo.png\",\"width\":238,\"height\":150,\"caption\":\"The Craft Company\"},\"image\":{\"@id\":\"https:\/\/thecraftcompany.pt\/#\/schema\/logo\/image\/\"},\"sameAs\":[\"https:\/\/www.facebook.com\/thecraftcompanycascais\",\"https:\/\/www.instagram.com\/thecraftcompany_cascais\/\"]}]}<\/script>\n<!-- \/ Yoast SEO plugin. -->","yoast_head_json":{"title":"Stranded Colorwork | Tricot com LimaKnits - The Craft Company","robots":{"index":"index","follow":"follow","max-snippet":"max-snippet:-1","max-image-preview":"max-image-preview:large","max-video-preview":"max-video-preview:-1"},"canonical":"https:\/\/thecraftcompany.pt\/produto\/stranded-colorwork-limaknits\/","og_locale":"en_US","og_type":"article","og_title":"Stranded Colorwork | Tricot com LimaKnits - The Craft Company","og_description":"O stranded colorwork corresponde \u00e0 t\u00e9cnica que nos permite criar trabalhos de cor minuciosos, repetitivos o longo de uma mesma volta j\u00e1 que o fio \u00e9 conduzido pelo lado do avesso. Os trabalhos mais conhecidos em que esta t\u00e9cnica \u00e9 utilizada s\u00e3o os famosos desenhos de Fair Isle.  DATA E HOR\u00c1RIO: 7 de mar\u00e7o das 10h \u00e0s 13h  FORMADORA: Patr\u00edcia Lima, @lima_knits Conhe\u00e7a aqui as nossas Formadoras!","og_url":"https:\/\/thecraftcompany.pt\/produto\/stranded-colorwork-limaknits\/","og_site_name":"The Craft Company","article_publisher":"https:\/\/www.facebook.com\/thecraftcompanycascais","article_modified_time":"2026-02-26T09:29:34+00:00","og_image":[{"width":1200,"height":1600,"url":"https:\/\/thecraftcompany.pt\/wp-content\/uploads\/2025\/04\/frente.jpeg","type":"image\/jpeg"}],"twitter_card":"summary_large_image","twitter_misc":{"Est. reading time":"1 minute"},"schema":{"@context":"https:\/\/schema.org","@graph":[{"@type":"WebPage","@id":"https:\/\/thecraftcompany.pt\/produto\/stranded-colorwork-limaknits\/","url":"https:\/\/thecraftcompany.pt\/produto\/stranded-colorwork-limaknits\/","name":"Stranded Colorwork | Tricot com LimaKnits - The Craft Company","isPartOf":{"@id":"https:\/\/thecraftcompany.pt\/#website"},"primaryImageOfPage":{"@id":"https:\/\/thecraftcompany.pt\/produto\/stranded-colorwork-limaknits\/#primaryimage"},"image":{"@id":"https:\/\/thecraftcompany.pt\/produto\/stranded-colorwork-limaknits\/#primaryimage"},"thumbnailUrl":"https:\/\/thecraftcompany.pt\/wp-content\/uploads\/2025\/04\/frente.jpeg","datePublished":"2025-04-09T15:31:13+00:00","dateModified":"2026-02-26T09:29:34+00:00","breadcrumb":{"@id":"https:\/\/thecraftcompany.pt\/produto\/stranded-colorwork-limaknits\/#breadcrumb"},"inLanguage":"en-US","potentialAction":[{"@type":"ReadAction","target":["https:\/\/thecraftcompany.pt\/produto\/stranded-colorwork-limaknits\/"]}]},{"@type":"ImageObject","inLanguage":"en-US","@id":"https:\/\/thecraftcompany.pt\/produto\/stranded-colorwork-limaknits\/#primaryimage","url":"https:\/\/thecraftcompany.pt\/wp-content\/uploads\/2025\/04\/frente.jpeg","contentUrl":"https:\/\/thecraftcompany.pt\/wp-content\/uploads\/2025\/04\/frente.jpeg","width":1200,"height":1600},{"@type":"BreadcrumbList","@id":"https:\/\/thecraftcompany.pt\/produto\/stranded-colorwork-limaknits\/#breadcrumb","itemListElement":[{"@type":"ListItem","position":1,"name":"In\u00edcio","item":"https:\/\/thecraftcompany.pt\/en\/"},{"@type":"ListItem","position":2,"name":"Shop","item":"https:\/\/thecraftcompany.pt\/en\/shop-2\/"},{"@type":"ListItem","position":3,"name":"Stranded Colorwork | Tricot com LimaKnits"}]},{"@type":"WebSite","@id":"https:\/\/thecraftcompany.pt\/#website","url":"https:\/\/thecraftcompany.pt\/","name":"The Craft Company","description":"Store &amp; Workshops","publisher":{"@id":"https:\/\/thecraftcompany.pt\/#organization"},"potentialAction":[{"@type":"SearchAction","target":{"@type":"EntryPoint","urlTemplate":"https:\/\/thecraftcompany.pt\/?s={search_term_string}"},"query-input":"required name=search_term_string"}],"inLanguage":"en-US"},{"@type":"Organization","@id":"https:\/\/thecraftcompany.pt\/#organization","name":"The Craft Company","url":"https:\/\/thecraftcompany.pt\/","logo":{"@type":"ImageObject","inLanguage":"en-US","@id":"https:\/\/thecraftcompany.pt\/#\/schema\/logo\/image\/","url":"https:\/\/thecraftcompany.pt\/wp-content\/uploads\/2016\/12\/logo.png","contentUrl":"https:\/\/thecraftcompany.pt\/wp-content\/uploads\/2016\/12\/logo.png","width":238,"height":150,"caption":"The Craft Company"},"image":{"@id":"https:\/\/thecraftcompany.pt\/#\/schema\/logo\/image\/"},"sameAs":["https:\/\/www.facebook.com\/thecraftcompanycascais","https:\/\/www.instagram.com\/thecraftcompany_cascais\/"]}]}},"_links":{"self":[{"href":"https:\/\/thecraftcompany.pt\/en\/wp-json\/wp\/v2\/product\/36684"}],"collection":[{"href":"https:\/\/thecraftcompany.pt\/en\/wp-json\/wp\/v2\/product"}],"about":[{"href":"https:\/\/thecraftcompany.pt\/en\/wp-json\/wp\/v2\/types\/product"}],"wp:featuredmedia":[{"embeddable":true,"href":"https:\/\/thecraftcompany.pt\/en\/wp-json\/wp\/v2\/media\/37103"}],"wp:attachment":[{"href":"https:\/\/thecraftcompany.pt\/en\/wp-json\/wp\/v2\/media?parent=36684"}],"wp:term":[{"taxonomy":"product_cat","embeddable":true,"href":"https:\/\/thecraftcompany.pt\/en\/wp-json\/wp\/v2\/product_cat?post=36684"},{"taxonomy":"product_tag","embeddable":true,"href":"https:\/\/thecraftcompany.pt\/en\/wp-json\/wp\/v2\/product_tag?post=36684"}],"curies":[{"name":"wp","href":"https:\/\/api.w.org\/{rel}","templated":true}]}}