{"id":36930,"date":"2025-08-14T23:04:01","date_gmt":"2025-08-14T23:04:01","guid":{"rendered":"https:\/\/thecraftcompany.pt\/?post_type=product&#038;p=36930"},"modified":"2026-02-28T17:37:26","modified_gmt":"2026-02-28T17:37:26","slug":"lenco-dos-namorados-bordado-com-marias-bordadeiras","status":"publish","type":"product","link":"https:\/\/thecraftcompany.pt\/en\/produto\/lenco-dos-namorados-bordado-com-marias-bordadeiras\/","title":{"rendered":"Len\u00e7o dos Namorados | Bordado com Marias Bordadeiras"},"content":{"rendered":"<p>Aprenda a bordar o tradicional Len\u00e7o dos Namorados<\/p>\n<p>Descubra a magia desta arte minhota, onde cada ponto e cada cor contam uma hist\u00f3ria de amor.<\/p>\n<p>Neste workshop, vai aprender a bordar os s\u00edmbolos e frases t\u00edpicas que fazem destes len\u00e7os um tesouro do artesanato portugu\u00eas \u2014 e criar a sua pr\u00f3pria pe\u00e7a cheia\u00a0de\u00a0significado.<\/p>\n<p><strong>N\u00cdVEL DE CONHECIMENTOS:<\/strong> Interm\u00e9dio<\/p>\n<p><strong>DURA\u00c7\u00c3O<\/strong>: 15 horas<\/p>\n<p><strong>DATAS:<\/strong><\/p>\n<ul>\n<li>1\u00aa Sess\u00e3o: 7 Mar\u00e7o<\/li>\n<li>2\u00aa Sess\u00e3o: 14 Mar\u00e7o<\/li>\n<li>3\u00aa Sess\u00e3o: 21 Mar\u00e7o<\/li>\n<li>4\u00aa Sess\u00e3o: 28 Mar\u00e7o<\/li>\n<li>5\u00aa Sess\u00e3o: 4 Abril<\/li>\n<\/ul>\n<p><strong>HOR\u00c1RIO:<\/strong> das 14h \u00e0s 17h<\/p>\n<p><strong>MATERIAIS NECESS\u00c1RIOS\u00a0<\/strong><\/p>\n<p><em><strong>INCLU\u00cdDOS NO PRE\u00c7O:<\/strong><\/em><\/p>\n<ul>\n<li>Um quadrado de linho ou algod\u00e3o, com 30 x 30 cm<\/li>\n<li>Linhas para bordar nas cores: vermelho, amarelo, preto, laranja, azul escuro, verde escuro e rosa<\/li>\n<li>Agulha<\/li>\n<\/ul>\n<p><em><strong>N\u00c3O INCLU\u00cdDOS NO PRE\u00c7O:<\/strong><\/em><\/p>\n<ul>\n<li>Bastidor de 15 ou 18 cm de di\u00e2metro<\/li>\n<li>Tesoura de bordados<\/li>\n<\/ul>\n<p><strong>NOTAS IMPORTANTES:<\/strong><\/p>\n<ul>\n<li>A imagem do Len\u00e7o dos namorados,\u00a0 \u00e9 meramente ilustrativa. O bordado realizado no workshop ser\u00e1 inspirado no estilo dos Len\u00e7os dos Namorados, n\u00e3o sendo uma reprodu\u00e7\u00e3o exata desta fotografia.<\/li>\n<li>Este workshop tem uma capacidade m\u00e1xima de 8 participantes. Ser\u00e1 realizado com um m\u00ednimo de 4 participantes.<\/li>\n<\/ul>\n<p><strong>POL\u00cdTICA DE CANCELAMENTO:<\/strong><\/p>\n<p>O valor s\u00f3 ser\u00e1 devolvido em caso de cancelamento, se este for feito com 1 semana de anteced\u00eancia, em rela\u00e7\u00e3o ao dia e \u00e0 hora marcada para a 1\u00aa sess\u00e3o do Workshop.<\/p>\n<p>&nbsp;<\/p>\n<p>&nbsp;<\/p>\n<p>&nbsp;<\/p>\n","protected":false},"excerpt":{"rendered":"<p><strong>Os Len\u00e7os dos Namorados s\u00e3o uma das mais belas tradi\u00e7\u00f5es de amor da cultura\u00a0minhota.<\/strong><\/p>\n<p>Aprenda a bordar o seu!<\/p>\n<p><strong>DATAS E HOR\u00c1RIO:<\/strong> 7, 14, 21, 28 de mar\u00e7o e 4 de abril das 14h \u00e0s 17h<\/p>\n<p><strong>FORMADOR:\u00a0 Aur\u00e9lio Prado<\/strong><\/p>\n<p><strong>Linhas e quadrado de linho de 30*30cm inclu\u00eddo<\/strong><\/p>\n<p><strong><em>Todos os detalhes mais abaixo\u21d3<\/em><\/strong><\/p>\n<p style=\"text-align: right;\">\n","protected":false},"featured_media":37096,"template":"","meta":[],"product_cat":[1724,1722],"product_tag":[],"yoast_head":"<!-- This site is optimized with the Yoast SEO plugin v22.9 - https:\/\/yoast.com\/wordpress\/plugins\/seo\/ -->\n<title>Len\u00e7o dos Namorados | Bordado com Marias Bordadeiras - The Craft Company<\/title>\n<meta name=\"robots\" content=\"index, follow, max-snippet:-1, max-image-preview:large, max-video-preview:-1\" \/>\n<link rel=\"canonical\" href=\"https:\/\/thecraftcompany.pt\/produto\/lenco-dos-namorados-bordado-com-marias-bordadeiras\/\" \/>\n<meta property=\"og:locale\" content=\"en_US\" \/>\n<meta property=\"og:type\" content=\"article\" \/>\n<meta property=\"og:title\" content=\"Len\u00e7o dos Namorados | Bordado com Marias Bordadeiras - The Craft Company\" \/>\n<meta property=\"og:description\" content=\"Os Len\u00e7os dos Namorados s\u00e3o uma das mais belas tradi\u00e7\u00f5es de amor da cultura\u00a0minhota.  Aprenda a bordar o seu!  DATAS E HOR\u00c1RIO: 7, 14, 21, 28 de mar\u00e7o e 4 de abril das 14h \u00e0s 17h  FORMADOR:\u00a0 Aur\u00e9lio Prado  Linhas e quadrado de linho de 30*30cm inclu\u00eddo  Todos os detalhes mais abaixo\u21d3\" \/>\n<meta property=\"og:url\" content=\"https:\/\/thecraftcompany.pt\/produto\/lenco-dos-namorados-bordado-com-marias-bordadeiras\/\" \/>\n<meta property=\"og:site_name\" content=\"The Craft Company\" \/>\n<meta property=\"article:publisher\" content=\"https:\/\/www.facebook.com\/thecraftcompanycascais\" \/>\n<meta property=\"article:modified_time\" content=\"2026-02-28T17:37:26+00:00\" \/>\n<meta property=\"og:image\" content=\"https:\/\/thecraftcompany.pt\/wp-content\/uploads\/2025\/08\/LencoViana1.jpeg\" \/>\n\t<meta property=\"og:image:width\" content=\"2048\" \/>\n\t<meta property=\"og:image:height\" content=\"1980\" \/>\n\t<meta property=\"og:image:type\" content=\"image\/jpeg\" \/>\n<meta name=\"twitter:card\" content=\"summary_large_image\" \/>\n<meta name=\"twitter:label1\" content=\"Est. reading time\" \/>\n\t<meta name=\"twitter:data1\" content=\"2 minutes\" \/>\n<script type=\"application\/ld+json\" class=\"yoast-schema-graph\">{\"@context\":\"https:\/\/schema.org\",\"@graph\":[{\"@type\":\"WebPage\",\"@id\":\"https:\/\/thecraftcompany.pt\/produto\/lenco-dos-namorados-bordado-com-marias-bordadeiras\/\",\"url\":\"https:\/\/thecraftcompany.pt\/produto\/lenco-dos-namorados-bordado-com-marias-bordadeiras\/\",\"name\":\"Len\u00e7o dos Namorados | Bordado com Marias Bordadeiras - The Craft Company\",\"isPartOf\":{\"@id\":\"https:\/\/thecraftcompany.pt\/#website\"},\"primaryImageOfPage\":{\"@id\":\"https:\/\/thecraftcompany.pt\/produto\/lenco-dos-namorados-bordado-com-marias-bordadeiras\/#primaryimage\"},\"image\":{\"@id\":\"https:\/\/thecraftcompany.pt\/produto\/lenco-dos-namorados-bordado-com-marias-bordadeiras\/#primaryimage\"},\"thumbnailUrl\":\"https:\/\/thecraftcompany.pt\/wp-content\/uploads\/2025\/08\/LencoViana1.jpeg\",\"datePublished\":\"2025-08-14T23:04:01+00:00\",\"dateModified\":\"2026-02-28T17:37:26+00:00\",\"breadcrumb\":{\"@id\":\"https:\/\/thecraftcompany.pt\/produto\/lenco-dos-namorados-bordado-com-marias-bordadeiras\/#breadcrumb\"},\"inLanguage\":\"en-US\",\"potentialAction\":[{\"@type\":\"ReadAction\",\"target\":[\"https:\/\/thecraftcompany.pt\/produto\/lenco-dos-namorados-bordado-com-marias-bordadeiras\/\"]}]},{\"@type\":\"ImageObject\",\"inLanguage\":\"en-US\",\"@id\":\"https:\/\/thecraftcompany.pt\/produto\/lenco-dos-namorados-bordado-com-marias-bordadeiras\/#primaryimage\",\"url\":\"https:\/\/thecraftcompany.pt\/wp-content\/uploads\/2025\/08\/LencoViana1.jpeg\",\"contentUrl\":\"https:\/\/thecraftcompany.pt\/wp-content\/uploads\/2025\/08\/LencoViana1.jpeg\",\"width\":2048,\"height\":1980},{\"@type\":\"BreadcrumbList\",\"@id\":\"https:\/\/thecraftcompany.pt\/produto\/lenco-dos-namorados-bordado-com-marias-bordadeiras\/#breadcrumb\",\"itemListElement\":[{\"@type\":\"ListItem\",\"position\":1,\"name\":\"In\u00edcio\",\"item\":\"https:\/\/thecraftcompany.pt\/en\/\"},{\"@type\":\"ListItem\",\"position\":2,\"name\":\"Shop\",\"item\":\"https:\/\/thecraftcompany.pt\/en\/shop-2\/\"},{\"@type\":\"ListItem\",\"position\":3,\"name\":\"Len\u00e7o dos Namorados | Bordado com Marias Bordadeiras\"}]},{\"@type\":\"WebSite\",\"@id\":\"https:\/\/thecraftcompany.pt\/#website\",\"url\":\"https:\/\/thecraftcompany.pt\/\",\"name\":\"The Craft Company\",\"description\":\"Store &amp; Workshops\",\"publisher\":{\"@id\":\"https:\/\/thecraftcompany.pt\/#organization\"},\"potentialAction\":[{\"@type\":\"SearchAction\",\"target\":{\"@type\":\"EntryPoint\",\"urlTemplate\":\"https:\/\/thecraftcompany.pt\/?s={search_term_string}\"},\"query-input\":\"required name=search_term_string\"}],\"inLanguage\":\"en-US\"},{\"@type\":\"Organization\",\"@id\":\"https:\/\/thecraftcompany.pt\/#organization\",\"name\":\"The Craft Company\",\"url\":\"https:\/\/thecraftcompany.pt\/\",\"logo\":{\"@type\":\"ImageObject\",\"inLanguage\":\"en-US\",\"@id\":\"https:\/\/thecraftcompany.pt\/#\/schema\/logo\/image\/\",\"url\":\"https:\/\/thecraftcompany.pt\/wp-content\/uploads\/2016\/12\/logo.png\",\"contentUrl\":\"https:\/\/thecraftcompany.pt\/wp-content\/uploads\/2016\/12\/logo.png\",\"width\":238,\"height\":150,\"caption\":\"The Craft Company\"},\"image\":{\"@id\":\"https:\/\/thecraftcompany.pt\/#\/schema\/logo\/image\/\"},\"sameAs\":[\"https:\/\/www.facebook.com\/thecraftcompanycascais\",\"https:\/\/www.instagram.com\/thecraftcompany_cascais\/\"]}]}<\/script>\n<!-- \/ Yoast SEO plugin. -->","yoast_head_json":{"title":"Len\u00e7o dos Namorados | Bordado com Marias Bordadeiras - The Craft Company","robots":{"index":"index","follow":"follow","max-snippet":"max-snippet:-1","max-image-preview":"max-image-preview:large","max-video-preview":"max-video-preview:-1"},"canonical":"https:\/\/thecraftcompany.pt\/produto\/lenco-dos-namorados-bordado-com-marias-bordadeiras\/","og_locale":"en_US","og_type":"article","og_title":"Len\u00e7o dos Namorados | Bordado com Marias Bordadeiras - The Craft Company","og_description":"Os Len\u00e7os dos Namorados s\u00e3o uma das mais belas tradi\u00e7\u00f5es de amor da cultura\u00a0minhota.  Aprenda a bordar o seu!  DATAS E HOR\u00c1RIO: 7, 14, 21, 28 de mar\u00e7o e 4 de abril das 14h \u00e0s 17h  FORMADOR:\u00a0 Aur\u00e9lio Prado  Linhas e quadrado de linho de 30*30cm inclu\u00eddo  Todos os detalhes mais abaixo\u21d3","og_url":"https:\/\/thecraftcompany.pt\/produto\/lenco-dos-namorados-bordado-com-marias-bordadeiras\/","og_site_name":"The Craft Company","article_publisher":"https:\/\/www.facebook.com\/thecraftcompanycascais","article_modified_time":"2026-02-28T17:37:26+00:00","og_image":[{"width":2048,"height":1980,"url":"https:\/\/thecraftcompany.pt\/wp-content\/uploads\/2025\/08\/LencoViana1.jpeg","type":"image\/jpeg"}],"twitter_card":"summary_large_image","twitter_misc":{"Est. reading time":"2 minutes"},"schema":{"@context":"https:\/\/schema.org","@graph":[{"@type":"WebPage","@id":"https:\/\/thecraftcompany.pt\/produto\/lenco-dos-namorados-bordado-com-marias-bordadeiras\/","url":"https:\/\/thecraftcompany.pt\/produto\/lenco-dos-namorados-bordado-com-marias-bordadeiras\/","name":"Len\u00e7o dos Namorados | Bordado com Marias Bordadeiras - The Craft Company","isPartOf":{"@id":"https:\/\/thecraftcompany.pt\/#website"},"primaryImageOfPage":{"@id":"https:\/\/thecraftcompany.pt\/produto\/lenco-dos-namorados-bordado-com-marias-bordadeiras\/#primaryimage"},"image":{"@id":"https:\/\/thecraftcompany.pt\/produto\/lenco-dos-namorados-bordado-com-marias-bordadeiras\/#primaryimage"},"thumbnailUrl":"https:\/\/thecraftcompany.pt\/wp-content\/uploads\/2025\/08\/LencoViana1.jpeg","datePublished":"2025-08-14T23:04:01+00:00","dateModified":"2026-02-28T17:37:26+00:00","breadcrumb":{"@id":"https:\/\/thecraftcompany.pt\/produto\/lenco-dos-namorados-bordado-com-marias-bordadeiras\/#breadcrumb"},"inLanguage":"en-US","potentialAction":[{"@type":"ReadAction","target":["https:\/\/thecraftcompany.pt\/produto\/lenco-dos-namorados-bordado-com-marias-bordadeiras\/"]}]},{"@type":"ImageObject","inLanguage":"en-US","@id":"https:\/\/thecraftcompany.pt\/produto\/lenco-dos-namorados-bordado-com-marias-bordadeiras\/#primaryimage","url":"https:\/\/thecraftcompany.pt\/wp-content\/uploads\/2025\/08\/LencoViana1.jpeg","contentUrl":"https:\/\/thecraftcompany.pt\/wp-content\/uploads\/2025\/08\/LencoViana1.jpeg","width":2048,"height":1980},{"@type":"BreadcrumbList","@id":"https:\/\/thecraftcompany.pt\/produto\/lenco-dos-namorados-bordado-com-marias-bordadeiras\/#breadcrumb","itemListElement":[{"@type":"ListItem","position":1,"name":"In\u00edcio","item":"https:\/\/thecraftcompany.pt\/en\/"},{"@type":"ListItem","position":2,"name":"Shop","item":"https:\/\/thecraftcompany.pt\/en\/shop-2\/"},{"@type":"ListItem","position":3,"name":"Len\u00e7o dos Namorados | Bordado com Marias Bordadeiras"}]},{"@type":"WebSite","@id":"https:\/\/thecraftcompany.pt\/#website","url":"https:\/\/thecraftcompany.pt\/","name":"The Craft Company","description":"Store &amp; Workshops","publisher":{"@id":"https:\/\/thecraftcompany.pt\/#organization"},"potentialAction":[{"@type":"SearchAction","target":{"@type":"EntryPoint","urlTemplate":"https:\/\/thecraftcompany.pt\/?s={search_term_string}"},"query-input":"required name=search_term_string"}],"inLanguage":"en-US"},{"@type":"Organization","@id":"https:\/\/thecraftcompany.pt\/#organization","name":"The Craft Company","url":"https:\/\/thecraftcompany.pt\/","logo":{"@type":"ImageObject","inLanguage":"en-US","@id":"https:\/\/thecraftcompany.pt\/#\/schema\/logo\/image\/","url":"https:\/\/thecraftcompany.pt\/wp-content\/uploads\/2016\/12\/logo.png","contentUrl":"https:\/\/thecraftcompany.pt\/wp-content\/uploads\/2016\/12\/logo.png","width":238,"height":150,"caption":"The Craft Company"},"image":{"@id":"https:\/\/thecraftcompany.pt\/#\/schema\/logo\/image\/"},"sameAs":["https:\/\/www.facebook.com\/thecraftcompanycascais","https:\/\/www.instagram.com\/thecraftcompany_cascais\/"]}]}},"_links":{"self":[{"href":"https:\/\/thecraftcompany.pt\/en\/wp-json\/wp\/v2\/product\/36930"}],"collection":[{"href":"https:\/\/thecraftcompany.pt\/en\/wp-json\/wp\/v2\/product"}],"about":[{"href":"https:\/\/thecraftcompany.pt\/en\/wp-json\/wp\/v2\/types\/product"}],"wp:featuredmedia":[{"embeddable":true,"href":"https:\/\/thecraftcompany.pt\/en\/wp-json\/wp\/v2\/media\/37096"}],"wp:attachment":[{"href":"https:\/\/thecraftcompany.pt\/en\/wp-json\/wp\/v2\/media?parent=36930"}],"wp:term":[{"taxonomy":"product_cat","embeddable":true,"href":"https:\/\/thecraftcompany.pt\/en\/wp-json\/wp\/v2\/product_cat?post=36930"},{"taxonomy":"product_tag","embeddable":true,"href":"https:\/\/thecraftcompany.pt\/en\/wp-json\/wp\/v2\/product_tag?post=36930"}],"curies":[{"name":"wp","href":"https:\/\/api.w.org\/{rel}","templated":true}]}}