{"id":37030,"date":"2025-12-10T00:10:42","date_gmt":"2025-12-10T00:10:42","guid":{"rendered":"https:\/\/thecraftcompany.pt\/?post_type=product&#038;p=37030"},"modified":"2025-12-10T00:27:23","modified_gmt":"2025-12-10T00:27:23","slug":"pack-de-10-horas-de-aulas","status":"publish","type":"product","link":"https:\/\/thecraftcompany.pt\/en\/produto\/pack-de-10-horas-de-aulas\/","title":{"rendered":"Pack de 10 horas de aulas"},"content":{"rendered":"<p data-start=\"102\" data-end=\"160\"><strong data-start=\"102\" data-end=\"160\">Vale de 10 Horas de Aulas \u2014 Tricot, Crochet ou Costura<\/strong><\/p>\n<p data-start=\"162\" data-end=\"376\">Ofere\u00e7a criatividade, tempo de qualidade e aprendizagem!<br data-start=\"218\" data-end=\"221\" \/>Este vale d\u00e1 acesso a <strong data-start=\"243\" data-end=\"264\">10 horas de aulas<\/strong>, permitindo \u00e0 pessoa presenteada escolher <strong data-start=\"307\" data-end=\"330\">uma \u00fanica atividade<\/strong> entre <strong data-start=\"337\" data-end=\"347\">tricot<\/strong>, <strong data-start=\"349\" data-end=\"360\">crochet<\/strong> ou <strong data-start=\"364\" data-end=\"375\">costura<\/strong>.<\/p>\n<p data-start=\"378\" data-end=\"568\">Ideal para quem deseja iniciar uma nova paix\u00e3o ou aprofundar conhecimentos, este vale pode ser usado ao longo de v\u00e1rias aulas, conforme disponibilidade.<\/p>\n<p data-start=\"570\" data-end=\"735\">Ap\u00f3s a compra, basta entrar em contacto para agendar as sess\u00f5es e escolher a atividade preferida.<br data-start=\"667\" data-end=\"670\" \/>Um presente flex\u00edvel, inspirador e perfeito para todas as idades!<\/p>\n<p>Ap\u00f3s a compra, este vale tem uma <strong>validade de 12 meses<\/strong>.<\/p>\n<p>As aulas podem ser marcadas dentro do hor\u00e1rio do nosso atelier: entre as 9h00 e as 19h00; e pode marcar v\u00e1rias horas de cada vez, ou s\u00f3 uma hora, ou seja, n\u00e3o h\u00e1 limite quanto ao n\u00famero de horas, desde que haja disponibilidade de sala.<\/p>\n<p><strong>MATERIAIS:<\/strong>\u00a0n\u00e3o inclu\u00eddos no pre\u00e7o<\/p>\n<p><strong>NOTAS IMPORTANTES:<\/strong><\/p>\n<p>A partir dos 8 anos.<\/p>\n<p>Ap\u00f3s a compra deste Vale, entre em contacto com a The Craft Company, para fazer a marca\u00e7\u00e3o das suas aulas.<\/p>\n<p><strong>POL\u00cdTICA DE CANCELAMENTO:<\/strong><\/p>\n<p>N\u00e3o h\u00e1 devolu\u00e7\u00e3o do valor do pack em caso de falta. As faltas avisadas com <strong>24 horas de anteced\u00eancia<\/strong>, em rela\u00e7\u00e3o \u00e0 hora marcada ser\u00e3o remarcadas.<\/p>\n<p>&nbsp;<\/p>\n","protected":false},"excerpt":{"rendered":"<p><strong data-start=\"51\" data-end=\"80\">Vale de 10 Horas de Aulas<\/strong><br data-start=\"80\" data-end=\"83\" \/>Oferta ideal para amantes das artes manuais: 10 horas de aulas numa <strong data-start=\"151\" data-end=\"170\">\u00fanica atividade<\/strong> \u00e0 escolha \u2014 <strong data-start=\"183\" data-end=\"193\">tricot<\/strong>, <strong data-start=\"195\" data-end=\"206\" data-is-only-node=\"\">crochet<\/strong> ou <strong data-start=\"210\" data-end=\"221\">costura<\/strong>.<\/p>\n<ul>\n<li>Por marca\u00e7\u00e3o<\/li>\n<li>De segunda-feira a s\u00e1bado, entre as 10h00 e as 18h00.<\/li>\n<li>Dura\u00e7\u00e3o da aula escolhida pelo aluno<\/li>\n<\/ul>\n<p>&nbsp;<\/p>\n<p style=\"padding-left: 200px;\"><span style=\"color: #800000;\"><strong><a style=\"color: #800000;\" href=\"https:\/\/thecraftcompany.pt\/workshops\/\">Conhe\u00e7a aqui as nossas Formadoras!<\/a><\/strong><\/span><\/p>\n<p>&nbsp;<\/p>\n","protected":false},"featured_media":37031,"template":"","meta":[],"product_cat":[1723,1726,1722],"product_tag":[],"yoast_head":"<!-- This site is optimized with the Yoast SEO plugin v22.9 - https:\/\/yoast.com\/wordpress\/plugins\/seo\/ -->\n<title>Pack de 10 horas de aulas - The Craft Company<\/title>\n<meta name=\"robots\" content=\"index, follow, max-snippet:-1, max-image-preview:large, max-video-preview:-1\" \/>\n<link rel=\"canonical\" href=\"https:\/\/thecraftcompany.pt\/produto\/pack-de-10-horas-de-aulas\/\" \/>\n<meta property=\"og:locale\" content=\"en_US\" \/>\n<meta property=\"og:type\" content=\"article\" \/>\n<meta property=\"og:title\" content=\"Pack de 10 horas de aulas - The Craft Company\" \/>\n<meta property=\"og:description\" content=\"Vale de 10 Horas de AulasOferta ideal para amantes das artes manuais: 10 horas de aulas numa \u00fanica atividade \u00e0 escolha \u2014 tricot, crochet ou costura.   Por marca\u00e7\u00e3o  De segunda-feira a s\u00e1bado, entre as 10h00 e as 18h00.  Dura\u00e7\u00e3o da aula escolhida pelo aluno  &nbsp; Conhe\u00e7a aqui as nossas Formadoras! &nbsp;\" \/>\n<meta property=\"og:url\" content=\"https:\/\/thecraftcompany.pt\/produto\/pack-de-10-horas-de-aulas\/\" \/>\n<meta property=\"og:site_name\" content=\"The Craft Company\" \/>\n<meta property=\"article:publisher\" content=\"https:\/\/www.facebook.com\/thecraftcompanycascais\" \/>\n<meta property=\"article:modified_time\" content=\"2025-12-10T00:27:23+00:00\" \/>\n<meta property=\"og:image\" content=\"https:\/\/thecraftcompany.pt\/wp-content\/uploads\/2025\/12\/ChatGPT-Image-10_12_2025-00_25_00.png\" \/>\n\t<meta property=\"og:image:width\" content=\"1024\" \/>\n\t<meta property=\"og:image:height\" content=\"1024\" \/>\n\t<meta property=\"og:image:type\" content=\"image\/png\" \/>\n<meta name=\"twitter:card\" content=\"summary_large_image\" \/>\n<meta name=\"twitter:label1\" content=\"Est. reading time\" \/>\n\t<meta name=\"twitter:data1\" content=\"2 minutes\" \/>\n<script type=\"application\/ld+json\" class=\"yoast-schema-graph\">{\"@context\":\"https:\/\/schema.org\",\"@graph\":[{\"@type\":\"WebPage\",\"@id\":\"https:\/\/thecraftcompany.pt\/produto\/pack-de-10-horas-de-aulas\/\",\"url\":\"https:\/\/thecraftcompany.pt\/produto\/pack-de-10-horas-de-aulas\/\",\"name\":\"Pack de 10 horas de aulas - The Craft Company\",\"isPartOf\":{\"@id\":\"https:\/\/thecraftcompany.pt\/#website\"},\"primaryImageOfPage\":{\"@id\":\"https:\/\/thecraftcompany.pt\/produto\/pack-de-10-horas-de-aulas\/#primaryimage\"},\"image\":{\"@id\":\"https:\/\/thecraftcompany.pt\/produto\/pack-de-10-horas-de-aulas\/#primaryimage\"},\"thumbnailUrl\":\"https:\/\/thecraftcompany.pt\/wp-content\/uploads\/2025\/12\/ChatGPT-Image-10_12_2025-00_25_00.png\",\"datePublished\":\"2025-12-10T00:10:42+00:00\",\"dateModified\":\"2025-12-10T00:27:23+00:00\",\"breadcrumb\":{\"@id\":\"https:\/\/thecraftcompany.pt\/produto\/pack-de-10-horas-de-aulas\/#breadcrumb\"},\"inLanguage\":\"en-US\",\"potentialAction\":[{\"@type\":\"ReadAction\",\"target\":[\"https:\/\/thecraftcompany.pt\/produto\/pack-de-10-horas-de-aulas\/\"]}]},{\"@type\":\"ImageObject\",\"inLanguage\":\"en-US\",\"@id\":\"https:\/\/thecraftcompany.pt\/produto\/pack-de-10-horas-de-aulas\/#primaryimage\",\"url\":\"https:\/\/thecraftcompany.pt\/wp-content\/uploads\/2025\/12\/ChatGPT-Image-10_12_2025-00_25_00.png\",\"contentUrl\":\"https:\/\/thecraftcompany.pt\/wp-content\/uploads\/2025\/12\/ChatGPT-Image-10_12_2025-00_25_00.png\",\"width\":1024,\"height\":1024},{\"@type\":\"BreadcrumbList\",\"@id\":\"https:\/\/thecraftcompany.pt\/produto\/pack-de-10-horas-de-aulas\/#breadcrumb\",\"itemListElement\":[{\"@type\":\"ListItem\",\"position\":1,\"name\":\"In\u00edcio\",\"item\":\"https:\/\/thecraftcompany.pt\/en\/\"},{\"@type\":\"ListItem\",\"position\":2,\"name\":\"Shop\",\"item\":\"https:\/\/thecraftcompany.pt\/en\/shop-2\/\"},{\"@type\":\"ListItem\",\"position\":3,\"name\":\"Pack de 10 horas de aulas\"}]},{\"@type\":\"WebSite\",\"@id\":\"https:\/\/thecraftcompany.pt\/#website\",\"url\":\"https:\/\/thecraftcompany.pt\/\",\"name\":\"The Craft Company\",\"description\":\"Store &amp; Workshops\",\"publisher\":{\"@id\":\"https:\/\/thecraftcompany.pt\/#organization\"},\"potentialAction\":[{\"@type\":\"SearchAction\",\"target\":{\"@type\":\"EntryPoint\",\"urlTemplate\":\"https:\/\/thecraftcompany.pt\/?s={search_term_string}\"},\"query-input\":\"required name=search_term_string\"}],\"inLanguage\":\"en-US\"},{\"@type\":\"Organization\",\"@id\":\"https:\/\/thecraftcompany.pt\/#organization\",\"name\":\"The Craft Company\",\"url\":\"https:\/\/thecraftcompany.pt\/\",\"logo\":{\"@type\":\"ImageObject\",\"inLanguage\":\"en-US\",\"@id\":\"https:\/\/thecraftcompany.pt\/#\/schema\/logo\/image\/\",\"url\":\"https:\/\/thecraftcompany.pt\/wp-content\/uploads\/2016\/12\/logo.png\",\"contentUrl\":\"https:\/\/thecraftcompany.pt\/wp-content\/uploads\/2016\/12\/logo.png\",\"width\":238,\"height\":150,\"caption\":\"The Craft Company\"},\"image\":{\"@id\":\"https:\/\/thecraftcompany.pt\/#\/schema\/logo\/image\/\"},\"sameAs\":[\"https:\/\/www.facebook.com\/thecraftcompanycascais\",\"https:\/\/www.instagram.com\/thecraftcompany_cascais\/\"]}]}<\/script>\n<!-- \/ Yoast SEO plugin. -->","yoast_head_json":{"title":"Pack de 10 horas de aulas - The Craft Company","robots":{"index":"index","follow":"follow","max-snippet":"max-snippet:-1","max-image-preview":"max-image-preview:large","max-video-preview":"max-video-preview:-1"},"canonical":"https:\/\/thecraftcompany.pt\/produto\/pack-de-10-horas-de-aulas\/","og_locale":"en_US","og_type":"article","og_title":"Pack de 10 horas de aulas - The Craft Company","og_description":"Vale de 10 Horas de AulasOferta ideal para amantes das artes manuais: 10 horas de aulas numa \u00fanica atividade \u00e0 escolha \u2014 tricot, crochet ou costura.   Por marca\u00e7\u00e3o  De segunda-feira a s\u00e1bado, entre as 10h00 e as 18h00.  Dura\u00e7\u00e3o da aula escolhida pelo aluno  &nbsp; Conhe\u00e7a aqui as nossas Formadoras! &nbsp;","og_url":"https:\/\/thecraftcompany.pt\/produto\/pack-de-10-horas-de-aulas\/","og_site_name":"The Craft Company","article_publisher":"https:\/\/www.facebook.com\/thecraftcompanycascais","article_modified_time":"2025-12-10T00:27:23+00:00","og_image":[{"width":1024,"height":1024,"url":"https:\/\/thecraftcompany.pt\/wp-content\/uploads\/2025\/12\/ChatGPT-Image-10_12_2025-00_25_00.png","type":"image\/png"}],"twitter_card":"summary_large_image","twitter_misc":{"Est. reading time":"2 minutes"},"schema":{"@context":"https:\/\/schema.org","@graph":[{"@type":"WebPage","@id":"https:\/\/thecraftcompany.pt\/produto\/pack-de-10-horas-de-aulas\/","url":"https:\/\/thecraftcompany.pt\/produto\/pack-de-10-horas-de-aulas\/","name":"Pack de 10 horas de aulas - The Craft Company","isPartOf":{"@id":"https:\/\/thecraftcompany.pt\/#website"},"primaryImageOfPage":{"@id":"https:\/\/thecraftcompany.pt\/produto\/pack-de-10-horas-de-aulas\/#primaryimage"},"image":{"@id":"https:\/\/thecraftcompany.pt\/produto\/pack-de-10-horas-de-aulas\/#primaryimage"},"thumbnailUrl":"https:\/\/thecraftcompany.pt\/wp-content\/uploads\/2025\/12\/ChatGPT-Image-10_12_2025-00_25_00.png","datePublished":"2025-12-10T00:10:42+00:00","dateModified":"2025-12-10T00:27:23+00:00","breadcrumb":{"@id":"https:\/\/thecraftcompany.pt\/produto\/pack-de-10-horas-de-aulas\/#breadcrumb"},"inLanguage":"en-US","potentialAction":[{"@type":"ReadAction","target":["https:\/\/thecraftcompany.pt\/produto\/pack-de-10-horas-de-aulas\/"]}]},{"@type":"ImageObject","inLanguage":"en-US","@id":"https:\/\/thecraftcompany.pt\/produto\/pack-de-10-horas-de-aulas\/#primaryimage","url":"https:\/\/thecraftcompany.pt\/wp-content\/uploads\/2025\/12\/ChatGPT-Image-10_12_2025-00_25_00.png","contentUrl":"https:\/\/thecraftcompany.pt\/wp-content\/uploads\/2025\/12\/ChatGPT-Image-10_12_2025-00_25_00.png","width":1024,"height":1024},{"@type":"BreadcrumbList","@id":"https:\/\/thecraftcompany.pt\/produto\/pack-de-10-horas-de-aulas\/#breadcrumb","itemListElement":[{"@type":"ListItem","position":1,"name":"In\u00edcio","item":"https:\/\/thecraftcompany.pt\/en\/"},{"@type":"ListItem","position":2,"name":"Shop","item":"https:\/\/thecraftcompany.pt\/en\/shop-2\/"},{"@type":"ListItem","position":3,"name":"Pack de 10 horas de aulas"}]},{"@type":"WebSite","@id":"https:\/\/thecraftcompany.pt\/#website","url":"https:\/\/thecraftcompany.pt\/","name":"The Craft Company","description":"Store &amp; Workshops","publisher":{"@id":"https:\/\/thecraftcompany.pt\/#organization"},"potentialAction":[{"@type":"SearchAction","target":{"@type":"EntryPoint","urlTemplate":"https:\/\/thecraftcompany.pt\/?s={search_term_string}"},"query-input":"required name=search_term_string"}],"inLanguage":"en-US"},{"@type":"Organization","@id":"https:\/\/thecraftcompany.pt\/#organization","name":"The Craft Company","url":"https:\/\/thecraftcompany.pt\/","logo":{"@type":"ImageObject","inLanguage":"en-US","@id":"https:\/\/thecraftcompany.pt\/#\/schema\/logo\/image\/","url":"https:\/\/thecraftcompany.pt\/wp-content\/uploads\/2016\/12\/logo.png","contentUrl":"https:\/\/thecraftcompany.pt\/wp-content\/uploads\/2016\/12\/logo.png","width":238,"height":150,"caption":"The Craft Company"},"image":{"@id":"https:\/\/thecraftcompany.pt\/#\/schema\/logo\/image\/"},"sameAs":["https:\/\/www.facebook.com\/thecraftcompanycascais","https:\/\/www.instagram.com\/thecraftcompany_cascais\/"]}]}},"_links":{"self":[{"href":"https:\/\/thecraftcompany.pt\/en\/wp-json\/wp\/v2\/product\/37030"}],"collection":[{"href":"https:\/\/thecraftcompany.pt\/en\/wp-json\/wp\/v2\/product"}],"about":[{"href":"https:\/\/thecraftcompany.pt\/en\/wp-json\/wp\/v2\/types\/product"}],"wp:featuredmedia":[{"embeddable":true,"href":"https:\/\/thecraftcompany.pt\/en\/wp-json\/wp\/v2\/media\/37031"}],"wp:attachment":[{"href":"https:\/\/thecraftcompany.pt\/en\/wp-json\/wp\/v2\/media?parent=37030"}],"wp:term":[{"taxonomy":"product_cat","embeddable":true,"href":"https:\/\/thecraftcompany.pt\/en\/wp-json\/wp\/v2\/product_cat?post=37030"},{"taxonomy":"product_tag","embeddable":true,"href":"https:\/\/thecraftcompany.pt\/en\/wp-json\/wp\/v2\/product_tag?post=37030"}],"curies":[{"name":"wp","href":"https:\/\/api.w.org\/{rel}","templated":true}]}}