{"id":37051,"date":"2025-12-31T00:13:18","date_gmt":"2025-12-31T00:13:18","guid":{"rendered":"https:\/\/thecraftcompany.pt\/?post_type=product&#038;p=37051"},"modified":"2025-12-31T00:13:18","modified_gmt":"2025-12-31T00:13:18","slug":"clube-de-costura","status":"publish","type":"product","link":"https:\/\/thecraftcompany.pt\/en\/produto\/clube-de-costura\/","title":{"rendered":"Clube de Costura"},"content":{"rendered":"<p>Mais do que aprender ou aperfei\u00e7oar t\u00e9cnicas, o <strong>Clube de Costura <\/strong>\u00e9 um espa\u00e7o para:<\/p>\n<ul>\n<li>desenvolver o seu hobby com acompanhamento de uma professora<\/li>\n<li>criar com tempo, calma e inspira\u00e7\u00e3o<\/li>\n<li>partilhar, conversar, rir e socializar<\/li>\n<li>fazer parte de uma comunidade que gosta de fazer com as m\u00e3os<\/li>\n<\/ul>\n<p><strong>Condi\u00e7\u00f5es de Participa\u00e7\u00e3o<\/strong><\/p>\n<p>S\u00e3o aceites no Clube membros com <strong>n\u00edvel interm\u00e9dio ou avan\u00e7ado de costura<\/strong>. Os participantes devem:<\/p>\n<ul>\n<li>Saber utilizar a m\u00e1quina de costura<\/li>\n<li>Ter completado, pelo menos, <strong>uma pe\u00e7a de roupa ou uma pe\u00e7a utilit\u00e1ria<\/strong>.<\/li>\n<\/ul>\n<p>Caso ainda n\u00e3o domine a costura, sugerimos que frequente previamente <a href=\"https:\/\/thecraftcompany.pt\/en\/produto\/1-hora-de-costura\/\"><strong>aulas privadas<\/strong><\/a> ou o <a href=\"https:\/\/thecraftcompany.pt\/en\/produto\/workshop-iniciacao-a-costura\/\"><strong>workshop de inicia\u00e7\u00e3o \u00e0 costura<\/strong>.<\/a><\/p>\n<p><strong>Funcionamento do Clube<\/strong><\/p>\n<ul>\n<li><strong>In\u00edcio: <\/strong>7 janeiro 2026<\/li>\n<li><strong>Regime:<\/strong> mensalidade fixa<\/li>\n<li><strong>Frequ\u00eancia:<\/strong> 1 sess\u00e3o por semana<\/li>\n<li><strong>Dia e hor\u00e1rio:<\/strong> quartas-feiras, das <strong>13h \u00e0s 15h<\/strong><\/li>\n<li><strong>Vagas dispon\u00edveis:<\/strong> 6 participantes<\/li>\n<\/ul>\n<p><strong>Valor e Materiais<\/strong><\/p>\n<ul>\n<li><strong>Valor mensal:<\/strong> 65\u20ac<\/li>\n<li><strong>Materiais:<\/strong> n\u00e3o inclu\u00eddos<br \/>\nCada participante dever\u00e1 trazer os seus pr\u00f3prios materiais (tecidos, alfinetes, agulhas e acess\u00f3rios necess\u00e1rios aos projetos desenvolvidos).<\/li>\n<\/ul>\n<p><strong>Pagamentos<\/strong><\/p>\n<ul>\n<li>A mensalidade deve ser paga <strong>at\u00e9 ao dia 1 de cada m\u00eas<\/strong>.<\/li>\n<li>O pagamento \u00e9 feito de forma <strong>mensal e antecipada<\/strong>.<\/li>\n<li>A vaga s\u00f3 \u00e9 garantida ap\u00f3s o pagamento da mensalidade.<\/li>\n<li>Os meios de pagamento dispon\u00edveis ser\u00e3o indicados no momento da inscri\u00e7\u00e3o.<\/li>\n<\/ul>\n<p><strong>Desist\u00eancia e Faltas<\/strong><\/p>\n<ul>\n<li>Em caso de desist\u00eancia, \u00e9 obrigat\u00f3rio um <strong>aviso pr\u00e9vio m\u00ednimo de 1 m\u00eas<\/strong>.<\/li>\n<li>Sem este aviso, a mensalidade do m\u00eas seguinte ser\u00e1 devida.<\/li>\n<li>A n\u00e3o compar\u00eancia a uma das sess\u00f5es <strong>n\u00e3o d\u00e1 direito a reembolso nem a remarca\u00e7\u00e3o<\/strong>.<\/li>\n<\/ul>\n<p>&nbsp;<\/p>\n","protected":false},"excerpt":{"rendered":"<p>J\u00e1 sabe fazer Costura mas gostaria de levar as suas pe\u00e7as a outro n\u00edvel?<\/p>\n<p>No <strong>Clube de Costura<\/strong>, ter\u00e1 a possibilidade de partilhar a sua viagem criativa com outros apaixonados do crochet, sempre acompanhado pela <strong>Professora Jacinta Leit\u00e3o.<\/strong><\/p>\n<p>\u00c0s quartas-feiras, das <strong>13h \u00e0s 15h<\/strong><\/p>\n<p>1 sess\u00e3o por semana<\/p>\n<p>Mais informa\u00e7\u00f5es abaixo \u2b07<\/p>\n","protected":false},"featured_media":37054,"template":"","meta":[],"product_cat":[1578,1724,1722],"product_tag":[],"yoast_head":"<!-- This site is optimized with the Yoast SEO plugin v22.9 - https:\/\/yoast.com\/wordpress\/plugins\/seo\/ -->\n<title>Clube de Costura - The Craft Company<\/title>\n<meta name=\"robots\" content=\"index, follow, max-snippet:-1, max-image-preview:large, max-video-preview:-1\" \/>\n<link rel=\"canonical\" href=\"https:\/\/thecraftcompany.pt\/produto\/clube-de-costura\/\" \/>\n<meta property=\"og:locale\" content=\"en_US\" \/>\n<meta property=\"og:type\" content=\"article\" \/>\n<meta property=\"og:title\" content=\"Clube de Costura - The Craft Company\" \/>\n<meta property=\"og:description\" content=\"J\u00e1 sabe fazer Costura mas gostaria de levar as suas pe\u00e7as a outro n\u00edvel?  No Clube de Costura, ter\u00e1 a possibilidade de partilhar a sua viagem criativa com outros apaixonados do crochet, sempre acompanhado pela Professora Jacinta Leit\u00e3o.  \u00c0s quartas-feiras, das 13h \u00e0s 15h  1 sess\u00e3o por semana  Mais informa\u00e7\u00f5es abaixo \u2b07\" \/>\n<meta property=\"og:url\" content=\"https:\/\/thecraftcompany.pt\/produto\/clube-de-costura\/\" \/>\n<meta property=\"og:site_name\" content=\"The Craft Company\" \/>\n<meta property=\"article:publisher\" content=\"https:\/\/www.facebook.com\/thecraftcompanycascais\" \/>\n<meta property=\"og:image\" content=\"https:\/\/thecraftcompany.pt\/wp-content\/uploads\/2025\/12\/Clube-de-Costura.png\" \/>\n\t<meta property=\"og:image:width\" content=\"1024\" \/>\n\t<meta property=\"og:image:height\" content=\"1024\" \/>\n\t<meta property=\"og:image:type\" content=\"image\/png\" \/>\n<meta name=\"twitter:card\" content=\"summary_large_image\" \/>\n<meta name=\"twitter:label1\" content=\"Est. reading time\" \/>\n\t<meta name=\"twitter:data1\" content=\"2 minutes\" \/>\n<script type=\"application\/ld+json\" class=\"yoast-schema-graph\">{\"@context\":\"https:\/\/schema.org\",\"@graph\":[{\"@type\":\"WebPage\",\"@id\":\"https:\/\/thecraftcompany.pt\/produto\/clube-de-costura\/\",\"url\":\"https:\/\/thecraftcompany.pt\/produto\/clube-de-costura\/\",\"name\":\"Clube de Costura - The Craft Company\",\"isPartOf\":{\"@id\":\"https:\/\/thecraftcompany.pt\/#website\"},\"primaryImageOfPage\":{\"@id\":\"https:\/\/thecraftcompany.pt\/produto\/clube-de-costura\/#primaryimage\"},\"image\":{\"@id\":\"https:\/\/thecraftcompany.pt\/produto\/clube-de-costura\/#primaryimage\"},\"thumbnailUrl\":\"https:\/\/thecraftcompany.pt\/wp-content\/uploads\/2025\/12\/Clube-de-Costura.png\",\"datePublished\":\"2025-12-31T00:13:18+00:00\",\"dateModified\":\"2025-12-31T00:13:18+00:00\",\"breadcrumb\":{\"@id\":\"https:\/\/thecraftcompany.pt\/produto\/clube-de-costura\/#breadcrumb\"},\"inLanguage\":\"en-US\",\"potentialAction\":[{\"@type\":\"ReadAction\",\"target\":[\"https:\/\/thecraftcompany.pt\/produto\/clube-de-costura\/\"]}]},{\"@type\":\"ImageObject\",\"inLanguage\":\"en-US\",\"@id\":\"https:\/\/thecraftcompany.pt\/produto\/clube-de-costura\/#primaryimage\",\"url\":\"https:\/\/thecraftcompany.pt\/wp-content\/uploads\/2025\/12\/Clube-de-Costura.png\",\"contentUrl\":\"https:\/\/thecraftcompany.pt\/wp-content\/uploads\/2025\/12\/Clube-de-Costura.png\",\"width\":1024,\"height\":1024},{\"@type\":\"BreadcrumbList\",\"@id\":\"https:\/\/thecraftcompany.pt\/produto\/clube-de-costura\/#breadcrumb\",\"itemListElement\":[{\"@type\":\"ListItem\",\"position\":1,\"name\":\"In\u00edcio\",\"item\":\"https:\/\/thecraftcompany.pt\/en\/\"},{\"@type\":\"ListItem\",\"position\":2,\"name\":\"Shop\",\"item\":\"https:\/\/thecraftcompany.pt\/en\/shop-2\/\"},{\"@type\":\"ListItem\",\"position\":3,\"name\":\"Clube de Costura\"}]},{\"@type\":\"WebSite\",\"@id\":\"https:\/\/thecraftcompany.pt\/#website\",\"url\":\"https:\/\/thecraftcompany.pt\/\",\"name\":\"The Craft Company\",\"description\":\"Store &amp; Workshops\",\"publisher\":{\"@id\":\"https:\/\/thecraftcompany.pt\/#organization\"},\"potentialAction\":[{\"@type\":\"SearchAction\",\"target\":{\"@type\":\"EntryPoint\",\"urlTemplate\":\"https:\/\/thecraftcompany.pt\/?s={search_term_string}\"},\"query-input\":\"required name=search_term_string\"}],\"inLanguage\":\"en-US\"},{\"@type\":\"Organization\",\"@id\":\"https:\/\/thecraftcompany.pt\/#organization\",\"name\":\"The Craft Company\",\"url\":\"https:\/\/thecraftcompany.pt\/\",\"logo\":{\"@type\":\"ImageObject\",\"inLanguage\":\"en-US\",\"@id\":\"https:\/\/thecraftcompany.pt\/#\/schema\/logo\/image\/\",\"url\":\"https:\/\/thecraftcompany.pt\/wp-content\/uploads\/2016\/12\/logo.png\",\"contentUrl\":\"https:\/\/thecraftcompany.pt\/wp-content\/uploads\/2016\/12\/logo.png\",\"width\":238,\"height\":150,\"caption\":\"The Craft Company\"},\"image\":{\"@id\":\"https:\/\/thecraftcompany.pt\/#\/schema\/logo\/image\/\"},\"sameAs\":[\"https:\/\/www.facebook.com\/thecraftcompanycascais\",\"https:\/\/www.instagram.com\/thecraftcompany_cascais\/\"]}]}<\/script>\n<!-- \/ Yoast SEO plugin. -->","yoast_head_json":{"title":"Clube de Costura - The Craft Company","robots":{"index":"index","follow":"follow","max-snippet":"max-snippet:-1","max-image-preview":"max-image-preview:large","max-video-preview":"max-video-preview:-1"},"canonical":"https:\/\/thecraftcompany.pt\/produto\/clube-de-costura\/","og_locale":"en_US","og_type":"article","og_title":"Clube de Costura - The Craft Company","og_description":"J\u00e1 sabe fazer Costura mas gostaria de levar as suas pe\u00e7as a outro n\u00edvel?  No Clube de Costura, ter\u00e1 a possibilidade de partilhar a sua viagem criativa com outros apaixonados do crochet, sempre acompanhado pela Professora Jacinta Leit\u00e3o.  \u00c0s quartas-feiras, das 13h \u00e0s 15h  1 sess\u00e3o por semana  Mais informa\u00e7\u00f5es abaixo \u2b07","og_url":"https:\/\/thecraftcompany.pt\/produto\/clube-de-costura\/","og_site_name":"The Craft Company","article_publisher":"https:\/\/www.facebook.com\/thecraftcompanycascais","og_image":[{"width":1024,"height":1024,"url":"https:\/\/thecraftcompany.pt\/wp-content\/uploads\/2025\/12\/Clube-de-Costura.png","type":"image\/png"}],"twitter_card":"summary_large_image","twitter_misc":{"Est. reading time":"2 minutes"},"schema":{"@context":"https:\/\/schema.org","@graph":[{"@type":"WebPage","@id":"https:\/\/thecraftcompany.pt\/produto\/clube-de-costura\/","url":"https:\/\/thecraftcompany.pt\/produto\/clube-de-costura\/","name":"Clube de Costura - The Craft Company","isPartOf":{"@id":"https:\/\/thecraftcompany.pt\/#website"},"primaryImageOfPage":{"@id":"https:\/\/thecraftcompany.pt\/produto\/clube-de-costura\/#primaryimage"},"image":{"@id":"https:\/\/thecraftcompany.pt\/produto\/clube-de-costura\/#primaryimage"},"thumbnailUrl":"https:\/\/thecraftcompany.pt\/wp-content\/uploads\/2025\/12\/Clube-de-Costura.png","datePublished":"2025-12-31T00:13:18+00:00","dateModified":"2025-12-31T00:13:18+00:00","breadcrumb":{"@id":"https:\/\/thecraftcompany.pt\/produto\/clube-de-costura\/#breadcrumb"},"inLanguage":"en-US","potentialAction":[{"@type":"ReadAction","target":["https:\/\/thecraftcompany.pt\/produto\/clube-de-costura\/"]}]},{"@type":"ImageObject","inLanguage":"en-US","@id":"https:\/\/thecraftcompany.pt\/produto\/clube-de-costura\/#primaryimage","url":"https:\/\/thecraftcompany.pt\/wp-content\/uploads\/2025\/12\/Clube-de-Costura.png","contentUrl":"https:\/\/thecraftcompany.pt\/wp-content\/uploads\/2025\/12\/Clube-de-Costura.png","width":1024,"height":1024},{"@type":"BreadcrumbList","@id":"https:\/\/thecraftcompany.pt\/produto\/clube-de-costura\/#breadcrumb","itemListElement":[{"@type":"ListItem","position":1,"name":"In\u00edcio","item":"https:\/\/thecraftcompany.pt\/en\/"},{"@type":"ListItem","position":2,"name":"Shop","item":"https:\/\/thecraftcompany.pt\/en\/shop-2\/"},{"@type":"ListItem","position":3,"name":"Clube de Costura"}]},{"@type":"WebSite","@id":"https:\/\/thecraftcompany.pt\/#website","url":"https:\/\/thecraftcompany.pt\/","name":"The Craft Company","description":"Store &amp; Workshops","publisher":{"@id":"https:\/\/thecraftcompany.pt\/#organization"},"potentialAction":[{"@type":"SearchAction","target":{"@type":"EntryPoint","urlTemplate":"https:\/\/thecraftcompany.pt\/?s={search_term_string}"},"query-input":"required name=search_term_string"}],"inLanguage":"en-US"},{"@type":"Organization","@id":"https:\/\/thecraftcompany.pt\/#organization","name":"The Craft Company","url":"https:\/\/thecraftcompany.pt\/","logo":{"@type":"ImageObject","inLanguage":"en-US","@id":"https:\/\/thecraftcompany.pt\/#\/schema\/logo\/image\/","url":"https:\/\/thecraftcompany.pt\/wp-content\/uploads\/2016\/12\/logo.png","contentUrl":"https:\/\/thecraftcompany.pt\/wp-content\/uploads\/2016\/12\/logo.png","width":238,"height":150,"caption":"The Craft Company"},"image":{"@id":"https:\/\/thecraftcompany.pt\/#\/schema\/logo\/image\/"},"sameAs":["https:\/\/www.facebook.com\/thecraftcompanycascais","https:\/\/www.instagram.com\/thecraftcompany_cascais\/"]}]}},"_links":{"self":[{"href":"https:\/\/thecraftcompany.pt\/en\/wp-json\/wp\/v2\/product\/37051"}],"collection":[{"href":"https:\/\/thecraftcompany.pt\/en\/wp-json\/wp\/v2\/product"}],"about":[{"href":"https:\/\/thecraftcompany.pt\/en\/wp-json\/wp\/v2\/types\/product"}],"wp:featuredmedia":[{"embeddable":true,"href":"https:\/\/thecraftcompany.pt\/en\/wp-json\/wp\/v2\/media\/37054"}],"wp:attachment":[{"href":"https:\/\/thecraftcompany.pt\/en\/wp-json\/wp\/v2\/media?parent=37051"}],"wp:term":[{"taxonomy":"product_cat","embeddable":true,"href":"https:\/\/thecraftcompany.pt\/en\/wp-json\/wp\/v2\/product_cat?post=37051"},{"taxonomy":"product_tag","embeddable":true,"href":"https:\/\/thecraftcompany.pt\/en\/wp-json\/wp\/v2\/product_tag?post=37051"}],"curies":[{"name":"wp","href":"https:\/\/api.w.org\/{rel}","templated":true}]}}