{"id":37124,"date":"2026-03-21T22:25:25","date_gmt":"2026-03-21T22:25:25","guid":{"rendered":"https:\/\/thecraftcompany.pt\/?post_type=product&#038;p=37124"},"modified":"2026-03-21T22:45:07","modified_gmt":"2026-03-21T22:45:07","slug":"ilustracao-desenho-da-natureza","status":"publish","type":"product","link":"https:\/\/thecraftcompany.pt\/en\/produto\/ilustracao-desenho-da-natureza\/","title":{"rendered":"Ilustra\u00e7\u00e3o &#8211; Desenho da Natureza"},"content":{"rendered":"<p>Desenhar:<\/p>\n<p>\u00c9 arte. Mas n\u00e3o \u00e9 apenas dom e intui\u00e7\u00e3o.<\/p>\n<p>Pode e deve ter uma estrat\u00e9gia,\u00a0deve ser\u00a0um m\u00e9todo pensado e desenvolvido\u00a0na t\u00e9cnica e no aperfei\u00e7oamento\u00a0de forma a ser um poder, uma linguagem e express\u00e3o ou uma maravilhosa forma de lazer.<\/p>\n<p>Aprenda a desenhar \u00e0 vista de forma mais objectiva e\/ou art\u00edstica assim como a tirar partidos dos materiais de desenho.<\/p>\n<p>Tendo a tem\u00e1tica da natureza como conceito, ir\u00e1 desenhar elementos da natureza, como flores, folhas, frutos entre outros.<\/p>\n<hr \/>\n<p>Desenho \u00e0 vista com L\u00e1pis Grafite<\/p>\n<p>T\u00e9cnica: L\u00e1pis Grafite<\/p>\n<p><strong>N\u00cdVEL DE CONHECIMENTOS:\u00a0<\/strong>Do b\u00e1sico ao avan\u00e7ado<\/p>\n<p><strong>DURA\u00c7\u00c3O: <\/strong>3 horas<\/p>\n<p><strong>DATA: <\/strong>S\u00e1bado, 7 de mar\u00e7o<\/p>\n<p><strong>HOR\u00c1RIO: <\/strong>15:00 \u00e0s 17:00<\/p>\n<p><strong>MATERIAIS NECESS\u00c1RIOS N\u00c3O INCLU\u00cdDOS NO PRE\u00c7O:<\/strong><\/p>\n<ul>\n<li>Papel de desenho no dos seguintes formatos: A5, A4 ou A3 (v\u00e1rias folhas ou bloco)<\/li>\n<li>L\u00e1pis de grafite: no m\u00ednimo: HB e B \u2013 Quantos mais densidades melhor<\/li>\n<li>Borracha<\/li>\n<\/ul>\n<p><em><strong>Caso necessite, poderemos indicar onde adquirir estes materiais.<\/strong><\/em><\/p>\n<p><strong>NOTAS IMPORTANTES:<\/strong><\/p>\n<p>Este workshop tem uma capacidade m\u00e1xima de 6 participantes. Ser\u00e1 realizado com um m\u00ednimo de 3 participantes.<\/p>\n<p><strong>POL\u00cdTICA DE CANCELAMENTO:<\/strong><\/p>\n<p>O valor s\u00f3 ser\u00e1 devolvido em caso de cancelamento, se este for feito com 3 dias de anteced\u00eancia, em rela\u00e7\u00e3o ao dia e \u00e0 hora marcada do Workshop.<\/p>\n<p>Caso pretenda que a Formadora emita recibo com NIF, dever\u00e1 informar o mesmo aquando da compra.<\/p>\n<hr \/>\n<p>SUSANA ANT\u00c3O<\/p>\n<p>Ilustradora e Designer de Comunica\u00e7\u00e3o<\/p>\n<p><a href=\"https:\/\/www.instagram.com\/susana_antao_\/\">Instagram<\/a><\/p>\n<p><a href=\"https:\/\/susanaantao.pt\/nature-scientif-illustration\">\u00a0Susana Ant\u00e3o &#8211; Nature Scientif Illustration \u00a0<\/a><\/p>\n<p><a href=\"http:\/\/susanaantao.pt\/\">www.susanaantao.pt\u00a0<\/a><\/p>\n<p>Graduada em Design de Comunica\u00e7\u00e3o pela Faculdade de Belas Artes,\u00a0Universidade de Lisboa (1999); P\u00f3s-Graduada em Teoria da Arte pela Faculdade de Belas Artes, Universidade de Lisboa (2006);<\/p>\n<p>A sua especializa\u00e7\u00e3o e paix\u00e3o pela Ilustra\u00e7\u00e3o e pelas marcas e sua comunica\u00e7\u00e3o foi gratificada com pr\u00e9mios, como os do CCP &#8211; Clube de Criativos de Portugal, nas \u00e1reas da promo\u00e7\u00e3o, Design e Ilustra\u00e7\u00e3o (2008 and 2009);<\/p>\n<p>Tem sido formadora de Design Gr\u00e1fico e Ilustra\u00e7\u00e3o desde 2002\u00a0nas escolas, Restart e World Academy;<\/p>\n<p>Especializada em ilustra\u00e7\u00e3o cient\u00edfica e da natureza, e pelo MUNHAC &#8211; Museu Nacional de Hist\u00f3ria e Ci\u00eancia de Lisbon.<\/p>\n<p><strong>. . . . . . . . . . . .\u00a0<\/strong><\/p>\n<p><strong>Com forma\u00e7\u00e3o acad\u00e9mica nas Belas artes<\/strong>\u00a0a disciplina do desenho proporcionou-lhe o saber ver, fazer e a t\u00e9cnica.<\/p>\n<p><strong>. . . . . . . . . . . .<\/strong><strong>\u00a0<\/strong><\/p>\n<p><strong>A vasta experi\u00eanica em design, branding e comunica\u00e7\u00e3o\u00a0<\/strong>permite-lhe resolver problemas e o foco na fun\u00e7\u00e3o.<\/p>\n<p><strong>. . . . . . . . . . . .<\/strong><\/p>\n<p><strong>Como ilustradora\u00a0<\/strong>sabe como interpretar narrar e valorizar a express\u00e3o e criatividade.<\/p>\n<p><strong>. . . . . . . . . . . .<\/strong><strong>\u00a0<\/strong><\/p>\n<p><strong>Os 17 anos de carreira enquanto formadora<\/strong>\u00a0proporcionam-lhe m\u00e9todos de ensino facilitadores assim como de cria\u00e7\u00e3o e efic\u00e1cia no projecto curricular<\/p>\n","protected":false},"excerpt":{"rendered":"<p>Aprenda a desenhar elementos da natureza, como flores, folhas, frutos entre outros, usando a t\u00e9cnica do L\u00e1pis Grafite.<\/p>\n<p><strong>DATAS E HOR\u00c1RIO<\/strong>: S\u00e1bado, 28 de mar\u00e7o, das 15:00 \u00e0s 18:00<\/p>\n<p>As inscri\u00e7\u00f5es terminam dia 25\/03 \u00e0s 18h<\/p>\n<p><strong>FORMADORA: <\/strong>Susana Ant\u00e3o &#8211;\u00a0Ilustradora e Designer de Comunica\u00e7\u00e3o<\/p>\n<p><em><strong>Materiais necess\u00e1rios e outras informa\u00e7\u00f5es, mais abaixo\u21d3<\/strong><\/em><\/p>\n","protected":false},"featured_media":37131,"template":"","meta":[],"product_cat":[1724,1722],"product_tag":[],"yoast_head":"<!-- This site is optimized with the Yoast SEO plugin v22.9 - https:\/\/yoast.com\/wordpress\/plugins\/seo\/ -->\n<title>Ilustra\u00e7\u00e3o - Desenho da Natureza - The Craft Company<\/title>\n<meta name=\"robots\" content=\"index, follow, max-snippet:-1, max-image-preview:large, max-video-preview:-1\" \/>\n<link rel=\"canonical\" href=\"https:\/\/thecraftcompany.pt\/produto\/ilustracao-desenho-da-natureza\/\" \/>\n<meta property=\"og:locale\" content=\"en_US\" \/>\n<meta property=\"og:type\" content=\"article\" \/>\n<meta property=\"og:title\" content=\"Ilustra\u00e7\u00e3o - Desenho da Natureza - The Craft Company\" \/>\n<meta property=\"og:description\" content=\"Aprenda a desenhar elementos da natureza, como flores, folhas, frutos entre outros, usando a t\u00e9cnica do L\u00e1pis Grafite.  DATAS E HOR\u00c1RIO: S\u00e1bado, 28 de mar\u00e7o, das 15:00 \u00e0s 18:00  As inscri\u00e7\u00f5es terminam dia 25\/03 \u00e0s 18h  FORMADORA: Susana Ant\u00e3o -\u00a0Ilustradora e Designer de Comunica\u00e7\u00e3o  Materiais necess\u00e1rios e outras informa\u00e7\u00f5es, mais abaixo\u21d3\" \/>\n<meta property=\"og:url\" content=\"https:\/\/thecraftcompany.pt\/produto\/ilustracao-desenho-da-natureza\/\" \/>\n<meta property=\"og:site_name\" content=\"The Craft Company\" \/>\n<meta property=\"article:publisher\" content=\"https:\/\/www.facebook.com\/thecraftcompanycascais\" \/>\n<meta property=\"article:modified_time\" content=\"2026-03-21T22:45:07+00:00\" \/>\n<meta property=\"og:image\" content=\"https:\/\/thecraftcompany.pt\/wp-content\/uploads\/2026\/03\/Natureza-Lapis-Grafite.5.jpeg\" \/>\n\t<meta property=\"og:image:width\" content=\"1200\" \/>\n\t<meta property=\"og:image:height\" content=\"1600\" \/>\n\t<meta property=\"og:image:type\" content=\"image\/jpeg\" \/>\n<meta name=\"twitter:card\" content=\"summary_large_image\" \/>\n<meta name=\"twitter:label1\" content=\"Est. reading time\" \/>\n\t<meta name=\"twitter:data1\" content=\"3 minutes\" \/>\n<script type=\"application\/ld+json\" class=\"yoast-schema-graph\">{\"@context\":\"https:\/\/schema.org\",\"@graph\":[{\"@type\":\"WebPage\",\"@id\":\"https:\/\/thecraftcompany.pt\/produto\/ilustracao-desenho-da-natureza\/\",\"url\":\"https:\/\/thecraftcompany.pt\/produto\/ilustracao-desenho-da-natureza\/\",\"name\":\"Ilustra\u00e7\u00e3o - Desenho da Natureza - The Craft Company\",\"isPartOf\":{\"@id\":\"https:\/\/thecraftcompany.pt\/#website\"},\"primaryImageOfPage\":{\"@id\":\"https:\/\/thecraftcompany.pt\/produto\/ilustracao-desenho-da-natureza\/#primaryimage\"},\"image\":{\"@id\":\"https:\/\/thecraftcompany.pt\/produto\/ilustracao-desenho-da-natureza\/#primaryimage\"},\"thumbnailUrl\":\"https:\/\/thecraftcompany.pt\/wp-content\/uploads\/2026\/03\/Natureza-Lapis-Grafite.5.jpeg\",\"datePublished\":\"2026-03-21T22:25:25+00:00\",\"dateModified\":\"2026-03-21T22:45:07+00:00\",\"breadcrumb\":{\"@id\":\"https:\/\/thecraftcompany.pt\/produto\/ilustracao-desenho-da-natureza\/#breadcrumb\"},\"inLanguage\":\"en-US\",\"potentialAction\":[{\"@type\":\"ReadAction\",\"target\":[\"https:\/\/thecraftcompany.pt\/produto\/ilustracao-desenho-da-natureza\/\"]}]},{\"@type\":\"ImageObject\",\"inLanguage\":\"en-US\",\"@id\":\"https:\/\/thecraftcompany.pt\/produto\/ilustracao-desenho-da-natureza\/#primaryimage\",\"url\":\"https:\/\/thecraftcompany.pt\/wp-content\/uploads\/2026\/03\/Natureza-Lapis-Grafite.5.jpeg\",\"contentUrl\":\"https:\/\/thecraftcompany.pt\/wp-content\/uploads\/2026\/03\/Natureza-Lapis-Grafite.5.jpeg\",\"width\":1200,\"height\":1600},{\"@type\":\"BreadcrumbList\",\"@id\":\"https:\/\/thecraftcompany.pt\/produto\/ilustracao-desenho-da-natureza\/#breadcrumb\",\"itemListElement\":[{\"@type\":\"ListItem\",\"position\":1,\"name\":\"In\u00edcio\",\"item\":\"https:\/\/thecraftcompany.pt\/en\/\"},{\"@type\":\"ListItem\",\"position\":2,\"name\":\"Shop\",\"item\":\"https:\/\/thecraftcompany.pt\/en\/shop-2\/\"},{\"@type\":\"ListItem\",\"position\":3,\"name\":\"Ilustra\u00e7\u00e3o &#8211; Desenho da Natureza\"}]},{\"@type\":\"WebSite\",\"@id\":\"https:\/\/thecraftcompany.pt\/#website\",\"url\":\"https:\/\/thecraftcompany.pt\/\",\"name\":\"The Craft Company\",\"description\":\"Store &amp; Workshops\",\"publisher\":{\"@id\":\"https:\/\/thecraftcompany.pt\/#organization\"},\"potentialAction\":[{\"@type\":\"SearchAction\",\"target\":{\"@type\":\"EntryPoint\",\"urlTemplate\":\"https:\/\/thecraftcompany.pt\/?s={search_term_string}\"},\"query-input\":\"required name=search_term_string\"}],\"inLanguage\":\"en-US\"},{\"@type\":\"Organization\",\"@id\":\"https:\/\/thecraftcompany.pt\/#organization\",\"name\":\"The Craft Company\",\"url\":\"https:\/\/thecraftcompany.pt\/\",\"logo\":{\"@type\":\"ImageObject\",\"inLanguage\":\"en-US\",\"@id\":\"https:\/\/thecraftcompany.pt\/#\/schema\/logo\/image\/\",\"url\":\"https:\/\/thecraftcompany.pt\/wp-content\/uploads\/2016\/12\/logo.png\",\"contentUrl\":\"https:\/\/thecraftcompany.pt\/wp-content\/uploads\/2016\/12\/logo.png\",\"width\":238,\"height\":150,\"caption\":\"The Craft Company\"},\"image\":{\"@id\":\"https:\/\/thecraftcompany.pt\/#\/schema\/logo\/image\/\"},\"sameAs\":[\"https:\/\/www.facebook.com\/thecraftcompanycascais\",\"https:\/\/www.instagram.com\/thecraftcompany_cascais\/\"]}]}<\/script>\n<!-- \/ Yoast SEO plugin. -->","yoast_head_json":{"title":"Ilustra\u00e7\u00e3o - Desenho da Natureza - The Craft Company","robots":{"index":"index","follow":"follow","max-snippet":"max-snippet:-1","max-image-preview":"max-image-preview:large","max-video-preview":"max-video-preview:-1"},"canonical":"https:\/\/thecraftcompany.pt\/produto\/ilustracao-desenho-da-natureza\/","og_locale":"en_US","og_type":"article","og_title":"Ilustra\u00e7\u00e3o - Desenho da Natureza - The Craft Company","og_description":"Aprenda a desenhar elementos da natureza, como flores, folhas, frutos entre outros, usando a t\u00e9cnica do L\u00e1pis Grafite.  DATAS E HOR\u00c1RIO: S\u00e1bado, 28 de mar\u00e7o, das 15:00 \u00e0s 18:00  As inscri\u00e7\u00f5es terminam dia 25\/03 \u00e0s 18h  FORMADORA: Susana Ant\u00e3o -\u00a0Ilustradora e Designer de Comunica\u00e7\u00e3o  Materiais necess\u00e1rios e outras informa\u00e7\u00f5es, mais abaixo\u21d3","og_url":"https:\/\/thecraftcompany.pt\/produto\/ilustracao-desenho-da-natureza\/","og_site_name":"The Craft Company","article_publisher":"https:\/\/www.facebook.com\/thecraftcompanycascais","article_modified_time":"2026-03-21T22:45:07+00:00","og_image":[{"width":1200,"height":1600,"url":"https:\/\/thecraftcompany.pt\/wp-content\/uploads\/2026\/03\/Natureza-Lapis-Grafite.5.jpeg","type":"image\/jpeg"}],"twitter_card":"summary_large_image","twitter_misc":{"Est. reading time":"3 minutes"},"schema":{"@context":"https:\/\/schema.org","@graph":[{"@type":"WebPage","@id":"https:\/\/thecraftcompany.pt\/produto\/ilustracao-desenho-da-natureza\/","url":"https:\/\/thecraftcompany.pt\/produto\/ilustracao-desenho-da-natureza\/","name":"Ilustra\u00e7\u00e3o - Desenho da Natureza - The Craft Company","isPartOf":{"@id":"https:\/\/thecraftcompany.pt\/#website"},"primaryImageOfPage":{"@id":"https:\/\/thecraftcompany.pt\/produto\/ilustracao-desenho-da-natureza\/#primaryimage"},"image":{"@id":"https:\/\/thecraftcompany.pt\/produto\/ilustracao-desenho-da-natureza\/#primaryimage"},"thumbnailUrl":"https:\/\/thecraftcompany.pt\/wp-content\/uploads\/2026\/03\/Natureza-Lapis-Grafite.5.jpeg","datePublished":"2026-03-21T22:25:25+00:00","dateModified":"2026-03-21T22:45:07+00:00","breadcrumb":{"@id":"https:\/\/thecraftcompany.pt\/produto\/ilustracao-desenho-da-natureza\/#breadcrumb"},"inLanguage":"en-US","potentialAction":[{"@type":"ReadAction","target":["https:\/\/thecraftcompany.pt\/produto\/ilustracao-desenho-da-natureza\/"]}]},{"@type":"ImageObject","inLanguage":"en-US","@id":"https:\/\/thecraftcompany.pt\/produto\/ilustracao-desenho-da-natureza\/#primaryimage","url":"https:\/\/thecraftcompany.pt\/wp-content\/uploads\/2026\/03\/Natureza-Lapis-Grafite.5.jpeg","contentUrl":"https:\/\/thecraftcompany.pt\/wp-content\/uploads\/2026\/03\/Natureza-Lapis-Grafite.5.jpeg","width":1200,"height":1600},{"@type":"BreadcrumbList","@id":"https:\/\/thecraftcompany.pt\/produto\/ilustracao-desenho-da-natureza\/#breadcrumb","itemListElement":[{"@type":"ListItem","position":1,"name":"In\u00edcio","item":"https:\/\/thecraftcompany.pt\/en\/"},{"@type":"ListItem","position":2,"name":"Shop","item":"https:\/\/thecraftcompany.pt\/en\/shop-2\/"},{"@type":"ListItem","position":3,"name":"Ilustra\u00e7\u00e3o &#8211; Desenho da Natureza"}]},{"@type":"WebSite","@id":"https:\/\/thecraftcompany.pt\/#website","url":"https:\/\/thecraftcompany.pt\/","name":"The Craft Company","description":"Store &amp; Workshops","publisher":{"@id":"https:\/\/thecraftcompany.pt\/#organization"},"potentialAction":[{"@type":"SearchAction","target":{"@type":"EntryPoint","urlTemplate":"https:\/\/thecraftcompany.pt\/?s={search_term_string}"},"query-input":"required name=search_term_string"}],"inLanguage":"en-US"},{"@type":"Organization","@id":"https:\/\/thecraftcompany.pt\/#organization","name":"The Craft Company","url":"https:\/\/thecraftcompany.pt\/","logo":{"@type":"ImageObject","inLanguage":"en-US","@id":"https:\/\/thecraftcompany.pt\/#\/schema\/logo\/image\/","url":"https:\/\/thecraftcompany.pt\/wp-content\/uploads\/2016\/12\/logo.png","contentUrl":"https:\/\/thecraftcompany.pt\/wp-content\/uploads\/2016\/12\/logo.png","width":238,"height":150,"caption":"The Craft Company"},"image":{"@id":"https:\/\/thecraftcompany.pt\/#\/schema\/logo\/image\/"},"sameAs":["https:\/\/www.facebook.com\/thecraftcompanycascais","https:\/\/www.instagram.com\/thecraftcompany_cascais\/"]}]}},"_links":{"self":[{"href":"https:\/\/thecraftcompany.pt\/en\/wp-json\/wp\/v2\/product\/37124"}],"collection":[{"href":"https:\/\/thecraftcompany.pt\/en\/wp-json\/wp\/v2\/product"}],"about":[{"href":"https:\/\/thecraftcompany.pt\/en\/wp-json\/wp\/v2\/types\/product"}],"wp:featuredmedia":[{"embeddable":true,"href":"https:\/\/thecraftcompany.pt\/en\/wp-json\/wp\/v2\/media\/37131"}],"wp:attachment":[{"href":"https:\/\/thecraftcompany.pt\/en\/wp-json\/wp\/v2\/media?parent=37124"}],"wp:term":[{"taxonomy":"product_cat","embeddable":true,"href":"https:\/\/thecraftcompany.pt\/en\/wp-json\/wp\/v2\/product_cat?post=37124"},{"taxonomy":"product_tag","embeddable":true,"href":"https:\/\/thecraftcompany.pt\/en\/wp-json\/wp\/v2\/product_tag?post=37124"}],"curies":[{"name":"wp","href":"https:\/\/api.w.org\/{rel}","templated":true}]}}