{"id":37152,"date":"2026-05-04T19:08:00","date_gmt":"2026-05-04T19:08:00","guid":{"rendered":"https:\/\/thecraftcompany.pt\/?post_type=product&#038;p=37152"},"modified":"2026-05-04T19:42:07","modified_gmt":"2026-05-04T19:42:07","slug":"flores-e-folhas-bordado-com-marias-bordadeiras","status":"publish","type":"product","link":"https:\/\/thecraftcompany.pt\/en\/produto\/flores-e-folhas-bordado-com-marias-bordadeiras\/","title":{"rendered":"Flores e Folhas | Bordado com Marias Bordadeiras"},"content":{"rendered":"<p data-start=\"135\" data-end=\"171\"><strong data-start=\"135\" data-end=\"171\">Aprenda a bordar Flores e Folhas<\/strong><\/p>\n<p data-start=\"173\" data-end=\"261\">Descubra a delicadeza do bordado bot\u00e2nico, onde cada ponto d\u00e1 vida \u00e0 beleza da natureza.<\/p>\n<p data-start=\"263\" data-end=\"466\">Neste workshop, vai aprender a bordar diferentes flores e folhas, explorando pontos, cores e composi\u00e7\u00f5es que lhe permitir\u00e3o criar pe\u00e7as \u00fanicas, inspiradas no mundo natural \u2014 cheias de leveza e express\u00e3o.<\/p>\n<p data-start=\"468\" data-end=\"508\"><strong data-start=\"468\" data-end=\"495\">N\u00cdVEL DE CONHECIMENTOS:<\/strong> Interm\u00e9dio<\/p>\n<p data-start=\"510\" data-end=\"533\"><strong data-start=\"510\" data-end=\"522\">DURA\u00c7\u00c3O:<\/strong> 12 horas<\/p>\n<p data-start=\"535\" data-end=\"547\"><strong data-start=\"535\" data-end=\"545\">DATAS:<\/strong><\/p>\n<p data-start=\"549\" data-end=\"631\">1\u00aa Sess\u00e3o: 9 maio<br data-start=\"566\" data-end=\"569\" \/>2\u00aa Sess\u00e3o: 16 maio<br data-start=\"587\" data-end=\"590\" \/>3\u00aa Sess\u00e3o: 23 maio<br data-start=\"608\" data-end=\"611\" \/>4\u00aa Sess\u00e3o: 30 maio<\/p>\n<p data-start=\"633\" data-end=\"662\"><strong data-start=\"633\" data-end=\"645\">HOR\u00c1RIO:<\/strong> das 15h \u00e0s 18h<\/p>\n<hr data-start=\"664\" data-end=\"667\" \/>\n<p data-start=\"669\" data-end=\"694\"><strong data-start=\"669\" data-end=\"694\">MATERIAIS NECESS\u00c1RIOS<\/strong><\/p>\n<p data-start=\"696\" data-end=\"721\"><strong data-start=\"696\" data-end=\"719\">INCLU\u00cdDOS NO PRE\u00c7O:<\/strong><\/p>\n<p data-start=\"723\" data-end=\"841\">Um quadrado de linho ou algod\u00e3o, com 30 x 30 cm<br data-start=\"770\" data-end=\"773\" \/>Linhas para bordar em v\u00e1rias cores inspiradas na natureza<br data-start=\"830\" data-end=\"833\" \/>Agulha<\/p>\n<p data-start=\"843\" data-end=\"872\"><strong data-start=\"843\" data-end=\"870\">N\u00c3O INCLU\u00cdDOS NO PRE\u00c7O:<\/strong><\/p>\n<p data-start=\"874\" data-end=\"933\">Bastidor de 15 ou 18 cm de di\u00e2metro<br data-start=\"909\" data-end=\"912\" \/>Tesoura de bordados<\/p>\n<hr data-start=\"935\" data-end=\"938\" \/>\n<p data-start=\"940\" data-end=\"964\"><strong data-start=\"940\" data-end=\"962\">NOTAS IMPORTANTES:<\/strong><\/p>\n<p data-start=\"966\" data-end=\"1137\">As imagens apresentadas s\u00e3o meramente ilustrativas. Os bordados realizados no workshop ser\u00e3o inspirados em elementos bot\u00e2nicos, n\u00e3o sendo reprodu\u00e7\u00f5es exatas das imagens.<\/p>\n<p data-start=\"1139\" data-end=\"1249\">Este workshop tem uma capacidade m\u00e1xima de 8 participantes. Ser\u00e1 realizado com um m\u00ednimo de 4 participantes.<\/p>\n<hr data-start=\"1251\" data-end=\"1254\" \/>\n<p data-start=\"1256\" data-end=\"1287\"><strong data-start=\"1256\" data-end=\"1285\">POL\u00cdTICA DE CANCELAMENTO:<\/strong><\/p>\n<p data-start=\"1289\" data-end=\"1454\">O valor s\u00f3 ser\u00e1 devolvido em caso de cancelamento, se este for feito com 1 semana de anteced\u00eancia, em rela\u00e7\u00e3o ao dia e \u00e0 hora marcada para a 1\u00aa sess\u00e3o do Workshop.<\/p>\n<p>&nbsp;<\/p>\n<p>&nbsp;<\/p>\n","protected":false},"excerpt":{"rendered":"<p data-start=\"116\" data-end=\"243\">Os bordados de flores e folhas celebram a beleza delicada da natureza, transformando cada ponto numa express\u00e3o de criatividade.<\/p>\n<p data-start=\"245\" data-end=\"270\">Aprenda a bordar as suas!<\/p>\n<p data-start=\"272\" data-end=\"327\">DATAS E HOR\u00c1RIO: 9, 16, 23, 30 de maio das 15h \u00e0s 18h<\/p>\n<p data-start=\"329\" data-end=\"354\">FORMADOR: Aur\u00e9lio Prado<\/p>\n<p data-start=\"356\" data-end=\"404\">Linhas e quadrado de linho de 30*30cm inclu\u00eddo<\/p>\n<p data-start=\"406\" data-end=\"439\"><strong>Todos os detalhes mais abaixo \u21d3<\/strong><\/p>\n","protected":false},"featured_media":37201,"template":"","meta":[],"product_cat":[1724,1722],"product_tag":[],"yoast_head":"<!-- This site is optimized with the Yoast SEO plugin v22.9 - https:\/\/yoast.com\/wordpress\/plugins\/seo\/ -->\n<title>Flores e Folhas | Bordado com Marias Bordadeiras - The Craft Company<\/title>\n<meta name=\"robots\" content=\"index, follow, max-snippet:-1, max-image-preview:large, max-video-preview:-1\" \/>\n<link rel=\"canonical\" href=\"https:\/\/thecraftcompany.pt\/produto\/flores-e-folhas-bordado-com-marias-bordadeiras\/\" \/>\n<meta property=\"og:locale\" content=\"en_US\" \/>\n<meta property=\"og:type\" content=\"article\" \/>\n<meta property=\"og:title\" content=\"Flores e Folhas | Bordado com Marias Bordadeiras - The Craft Company\" \/>\n<meta property=\"og:description\" content=\"Os bordados de flores e folhas celebram a beleza delicada da natureza, transformando cada ponto numa express\u00e3o de criatividade. Aprenda a bordar as suas! DATAS E HOR\u00c1RIO: 9, 16, 23, 30 de maio das 15h \u00e0s 18h FORMADOR: Aur\u00e9lio Prado Linhas e quadrado de linho de 30*30cm inclu\u00eddo Todos os detalhes mais abaixo \u21d3\" \/>\n<meta property=\"og:url\" content=\"https:\/\/thecraftcompany.pt\/produto\/flores-e-folhas-bordado-com-marias-bordadeiras\/\" \/>\n<meta property=\"og:site_name\" content=\"The Craft Company\" \/>\n<meta property=\"article:publisher\" content=\"https:\/\/www.facebook.com\/thecraftcompanycascais\" \/>\n<meta property=\"article:modified_time\" content=\"2026-05-04T19:42:07+00:00\" \/>\n<meta property=\"og:image\" content=\"https:\/\/thecraftcompany.pt\/wp-content\/uploads\/2026\/05\/WhatsApp-Image-2026-01-30-at-14.38.38-1.jpeg\" \/>\n\t<meta property=\"og:image:width\" content=\"1200\" \/>\n\t<meta property=\"og:image:height\" content=\"1600\" \/>\n\t<meta property=\"og:image:type\" content=\"image\/jpeg\" \/>\n<meta name=\"twitter:card\" content=\"summary_large_image\" \/>\n<meta name=\"twitter:label1\" content=\"Est. reading time\" \/>\n\t<meta name=\"twitter:data1\" content=\"2 minutes\" \/>\n<script type=\"application\/ld+json\" class=\"yoast-schema-graph\">{\"@context\":\"https:\/\/schema.org\",\"@graph\":[{\"@type\":\"WebPage\",\"@id\":\"https:\/\/thecraftcompany.pt\/produto\/flores-e-folhas-bordado-com-marias-bordadeiras\/\",\"url\":\"https:\/\/thecraftcompany.pt\/produto\/flores-e-folhas-bordado-com-marias-bordadeiras\/\",\"name\":\"Flores e Folhas | Bordado com Marias Bordadeiras - The Craft Company\",\"isPartOf\":{\"@id\":\"https:\/\/thecraftcompany.pt\/#website\"},\"primaryImageOfPage\":{\"@id\":\"https:\/\/thecraftcompany.pt\/produto\/flores-e-folhas-bordado-com-marias-bordadeiras\/#primaryimage\"},\"image\":{\"@id\":\"https:\/\/thecraftcompany.pt\/produto\/flores-e-folhas-bordado-com-marias-bordadeiras\/#primaryimage\"},\"thumbnailUrl\":\"https:\/\/thecraftcompany.pt\/wp-content\/uploads\/2026\/05\/WhatsApp-Image-2026-01-30-at-14.38.38-1.jpeg\",\"datePublished\":\"2026-05-04T19:08:00+00:00\",\"dateModified\":\"2026-05-04T19:42:07+00:00\",\"breadcrumb\":{\"@id\":\"https:\/\/thecraftcompany.pt\/produto\/flores-e-folhas-bordado-com-marias-bordadeiras\/#breadcrumb\"},\"inLanguage\":\"en-US\",\"potentialAction\":[{\"@type\":\"ReadAction\",\"target\":[\"https:\/\/thecraftcompany.pt\/produto\/flores-e-folhas-bordado-com-marias-bordadeiras\/\"]}]},{\"@type\":\"ImageObject\",\"inLanguage\":\"en-US\",\"@id\":\"https:\/\/thecraftcompany.pt\/produto\/flores-e-folhas-bordado-com-marias-bordadeiras\/#primaryimage\",\"url\":\"https:\/\/thecraftcompany.pt\/wp-content\/uploads\/2026\/05\/WhatsApp-Image-2026-01-30-at-14.38.38-1.jpeg\",\"contentUrl\":\"https:\/\/thecraftcompany.pt\/wp-content\/uploads\/2026\/05\/WhatsApp-Image-2026-01-30-at-14.38.38-1.jpeg\",\"width\":1200,\"height\":1600},{\"@type\":\"BreadcrumbList\",\"@id\":\"https:\/\/thecraftcompany.pt\/produto\/flores-e-folhas-bordado-com-marias-bordadeiras\/#breadcrumb\",\"itemListElement\":[{\"@type\":\"ListItem\",\"position\":1,\"name\":\"In\u00edcio\",\"item\":\"https:\/\/thecraftcompany.pt\/en\/\"},{\"@type\":\"ListItem\",\"position\":2,\"name\":\"Shop\",\"item\":\"https:\/\/thecraftcompany.pt\/en\/shop-2\/\"},{\"@type\":\"ListItem\",\"position\":3,\"name\":\"Flores e Folhas | Bordado com Marias Bordadeiras\"}]},{\"@type\":\"WebSite\",\"@id\":\"https:\/\/thecraftcompany.pt\/#website\",\"url\":\"https:\/\/thecraftcompany.pt\/\",\"name\":\"The Craft Company\",\"description\":\"Store &amp; Workshops\",\"publisher\":{\"@id\":\"https:\/\/thecraftcompany.pt\/#organization\"},\"potentialAction\":[{\"@type\":\"SearchAction\",\"target\":{\"@type\":\"EntryPoint\",\"urlTemplate\":\"https:\/\/thecraftcompany.pt\/?s={search_term_string}\"},\"query-input\":\"required name=search_term_string\"}],\"inLanguage\":\"en-US\"},{\"@type\":\"Organization\",\"@id\":\"https:\/\/thecraftcompany.pt\/#organization\",\"name\":\"The Craft Company\",\"url\":\"https:\/\/thecraftcompany.pt\/\",\"logo\":{\"@type\":\"ImageObject\",\"inLanguage\":\"en-US\",\"@id\":\"https:\/\/thecraftcompany.pt\/#\/schema\/logo\/image\/\",\"url\":\"https:\/\/thecraftcompany.pt\/wp-content\/uploads\/2016\/12\/logo.png\",\"contentUrl\":\"https:\/\/thecraftcompany.pt\/wp-content\/uploads\/2016\/12\/logo.png\",\"width\":238,\"height\":150,\"caption\":\"The Craft Company\"},\"image\":{\"@id\":\"https:\/\/thecraftcompany.pt\/#\/schema\/logo\/image\/\"},\"sameAs\":[\"https:\/\/www.facebook.com\/thecraftcompanycascais\",\"https:\/\/www.instagram.com\/thecraftcompany_cascais\/\"]}]}<\/script>\n<!-- \/ Yoast SEO plugin. -->","yoast_head_json":{"title":"Flores e Folhas | Bordado com Marias Bordadeiras - The Craft Company","robots":{"index":"index","follow":"follow","max-snippet":"max-snippet:-1","max-image-preview":"max-image-preview:large","max-video-preview":"max-video-preview:-1"},"canonical":"https:\/\/thecraftcompany.pt\/produto\/flores-e-folhas-bordado-com-marias-bordadeiras\/","og_locale":"en_US","og_type":"article","og_title":"Flores e Folhas | Bordado com Marias Bordadeiras - The Craft Company","og_description":"Os bordados de flores e folhas celebram a beleza delicada da natureza, transformando cada ponto numa express\u00e3o de criatividade. Aprenda a bordar as suas! DATAS E HOR\u00c1RIO: 9, 16, 23, 30 de maio das 15h \u00e0s 18h FORMADOR: Aur\u00e9lio Prado Linhas e quadrado de linho de 30*30cm inclu\u00eddo Todos os detalhes mais abaixo \u21d3","og_url":"https:\/\/thecraftcompany.pt\/produto\/flores-e-folhas-bordado-com-marias-bordadeiras\/","og_site_name":"The Craft Company","article_publisher":"https:\/\/www.facebook.com\/thecraftcompanycascais","article_modified_time":"2026-05-04T19:42:07+00:00","og_image":[{"width":1200,"height":1600,"url":"https:\/\/thecraftcompany.pt\/wp-content\/uploads\/2026\/05\/WhatsApp-Image-2026-01-30-at-14.38.38-1.jpeg","type":"image\/jpeg"}],"twitter_card":"summary_large_image","twitter_misc":{"Est. reading time":"2 minutes"},"schema":{"@context":"https:\/\/schema.org","@graph":[{"@type":"WebPage","@id":"https:\/\/thecraftcompany.pt\/produto\/flores-e-folhas-bordado-com-marias-bordadeiras\/","url":"https:\/\/thecraftcompany.pt\/produto\/flores-e-folhas-bordado-com-marias-bordadeiras\/","name":"Flores e Folhas | Bordado com Marias Bordadeiras - The Craft Company","isPartOf":{"@id":"https:\/\/thecraftcompany.pt\/#website"},"primaryImageOfPage":{"@id":"https:\/\/thecraftcompany.pt\/produto\/flores-e-folhas-bordado-com-marias-bordadeiras\/#primaryimage"},"image":{"@id":"https:\/\/thecraftcompany.pt\/produto\/flores-e-folhas-bordado-com-marias-bordadeiras\/#primaryimage"},"thumbnailUrl":"https:\/\/thecraftcompany.pt\/wp-content\/uploads\/2026\/05\/WhatsApp-Image-2026-01-30-at-14.38.38-1.jpeg","datePublished":"2026-05-04T19:08:00+00:00","dateModified":"2026-05-04T19:42:07+00:00","breadcrumb":{"@id":"https:\/\/thecraftcompany.pt\/produto\/flores-e-folhas-bordado-com-marias-bordadeiras\/#breadcrumb"},"inLanguage":"en-US","potentialAction":[{"@type":"ReadAction","target":["https:\/\/thecraftcompany.pt\/produto\/flores-e-folhas-bordado-com-marias-bordadeiras\/"]}]},{"@type":"ImageObject","inLanguage":"en-US","@id":"https:\/\/thecraftcompany.pt\/produto\/flores-e-folhas-bordado-com-marias-bordadeiras\/#primaryimage","url":"https:\/\/thecraftcompany.pt\/wp-content\/uploads\/2026\/05\/WhatsApp-Image-2026-01-30-at-14.38.38-1.jpeg","contentUrl":"https:\/\/thecraftcompany.pt\/wp-content\/uploads\/2026\/05\/WhatsApp-Image-2026-01-30-at-14.38.38-1.jpeg","width":1200,"height":1600},{"@type":"BreadcrumbList","@id":"https:\/\/thecraftcompany.pt\/produto\/flores-e-folhas-bordado-com-marias-bordadeiras\/#breadcrumb","itemListElement":[{"@type":"ListItem","position":1,"name":"In\u00edcio","item":"https:\/\/thecraftcompany.pt\/en\/"},{"@type":"ListItem","position":2,"name":"Shop","item":"https:\/\/thecraftcompany.pt\/en\/shop-2\/"},{"@type":"ListItem","position":3,"name":"Flores e Folhas | Bordado com Marias Bordadeiras"}]},{"@type":"WebSite","@id":"https:\/\/thecraftcompany.pt\/#website","url":"https:\/\/thecraftcompany.pt\/","name":"The Craft Company","description":"Store &amp; Workshops","publisher":{"@id":"https:\/\/thecraftcompany.pt\/#organization"},"potentialAction":[{"@type":"SearchAction","target":{"@type":"EntryPoint","urlTemplate":"https:\/\/thecraftcompany.pt\/?s={search_term_string}"},"query-input":"required name=search_term_string"}],"inLanguage":"en-US"},{"@type":"Organization","@id":"https:\/\/thecraftcompany.pt\/#organization","name":"The Craft Company","url":"https:\/\/thecraftcompany.pt\/","logo":{"@type":"ImageObject","inLanguage":"en-US","@id":"https:\/\/thecraftcompany.pt\/#\/schema\/logo\/image\/","url":"https:\/\/thecraftcompany.pt\/wp-content\/uploads\/2016\/12\/logo.png","contentUrl":"https:\/\/thecraftcompany.pt\/wp-content\/uploads\/2016\/12\/logo.png","width":238,"height":150,"caption":"The Craft Company"},"image":{"@id":"https:\/\/thecraftcompany.pt\/#\/schema\/logo\/image\/"},"sameAs":["https:\/\/www.facebook.com\/thecraftcompanycascais","https:\/\/www.instagram.com\/thecraftcompany_cascais\/"]}]}},"_links":{"self":[{"href":"https:\/\/thecraftcompany.pt\/en\/wp-json\/wp\/v2\/product\/37152"}],"collection":[{"href":"https:\/\/thecraftcompany.pt\/en\/wp-json\/wp\/v2\/product"}],"about":[{"href":"https:\/\/thecraftcompany.pt\/en\/wp-json\/wp\/v2\/types\/product"}],"wp:featuredmedia":[{"embeddable":true,"href":"https:\/\/thecraftcompany.pt\/en\/wp-json\/wp\/v2\/media\/37201"}],"wp:attachment":[{"href":"https:\/\/thecraftcompany.pt\/en\/wp-json\/wp\/v2\/media?parent=37152"}],"wp:term":[{"taxonomy":"product_cat","embeddable":true,"href":"https:\/\/thecraftcompany.pt\/en\/wp-json\/wp\/v2\/product_cat?post=37152"},{"taxonomy":"product_tag","embeddable":true,"href":"https:\/\/thecraftcompany.pt\/en\/wp-json\/wp\/v2\/product_tag?post=37152"}],"curies":[{"name":"wp","href":"https:\/\/api.w.org\/{rel}","templated":true}]}}