{"id":6028,"date":"2018-03-21T12:58:37","date_gmt":"2018-03-21T12:58:37","guid":{"rendered":"http:\/\/apps.wsa.pt\/the-craft-company\/?post_type=product&#038;p=6028"},"modified":"2025-04-02T12:19:42","modified_gmt":"2025-04-02T12:19:42","slug":"agulhas-curtas-intercambiaveis-knitpro","status":"publish","type":"product","link":"https:\/\/thecraftcompany.pt\/en\/produto\/agulhas-curtas-intercambiaveis-knitpro\/","title":{"rendered":"Agulhas Curtas Intercambi\u00e1veis Madeira KnitPro"},"content":{"rendered":"<p>NOTA: Os cabos ideais para utilizar com estas Agulhas Curtas Intercambi\u00e1veis de Madeira, s\u00e3o os cabos de agulhas intercambi\u00e1veis KnitPro &#8211; Preto:<\/p>\n<blockquote class=\"wp-embedded-content\" data-secret=\"7nAUKB4UFy\"><p><a href=\"https:\/\/thecraftcompany.pt\/produto\/agulhas-intercambiaveis-madeira\/\">Agulhas Intercambi\u00e1veis Madeira KnitPro<\/a><\/p><\/blockquote>\n<p><iframe class=\"wp-embedded-content\" sandbox=\"allow-scripts\" security=\"restricted\" style=\"position: absolute; clip: rect(1px, 1px, 1px, 1px);\" title=\"&#8220;Agulhas Intercambi\u00e1veis Madeira KnitPro&#8221; &#8212; The Craft Company\" src=\"https:\/\/thecraftcompany.pt\/produto\/agulhas-intercambiaveis-madeira\/embed\/#?secret=lcsNdXqCRS#?secret=7nAUKB4UFy\" data-secret=\"7nAUKB4UFy\" width=\"500\" height=\"282\" frameborder=\"0\" marginwidth=\"0\" marginheight=\"0\" scrolling=\"no\"><\/iframe><\/p>\n<p>Em termos funcionais pode utilizar tamb\u00e9m os cabos cromados, contudo na jun\u00e7\u00e3o do cabo com a agulha, os metais s\u00e3o diferentes (cabo \u00e9 cromado e agulha \u00e9 preto), o que s\u00f3 ao n\u00edvel est\u00e9tico poder\u00e1 n\u00e3o ser o ideal.<\/p>\n","protected":false},"excerpt":{"rendered":"<p>Agulhas curtas intercambi\u00e1veis de madeira, KnitPro Lana Grossa.<\/p>\n","protected":false},"featured_media":8944,"template":"","meta":[],"product_cat":[1853,1888,1935],"product_tag":[],"yoast_head":"<!-- This site is optimized with the Yoast SEO plugin v22.9 - https:\/\/yoast.com\/wordpress\/plugins\/seo\/ -->\n<title>Agulhas Curtas Intercambi\u00e1veis Madeira KnitPro - The Craft Company<\/title>\n<meta name=\"robots\" content=\"index, follow, max-snippet:-1, max-image-preview:large, max-video-preview:-1\" \/>\n<link rel=\"canonical\" href=\"https:\/\/thecraftcompany.pt\/en\/produto\/agulhas-curtas-intercambiaveis-knitpro\/\" \/>\n<meta property=\"og:locale\" content=\"en_US\" \/>\n<meta property=\"og:type\" content=\"article\" \/>\n<meta property=\"og:title\" content=\"Agulhas Curtas Intercambi\u00e1veis Madeira KnitPro - The Craft Company\" \/>\n<meta property=\"og:description\" content=\"Agulhas curtas intercambi\u00e1veis de madeira, KnitPro Lana Grossa.\" \/>\n<meta property=\"og:url\" content=\"https:\/\/thecraftcompany.pt\/en\/produto\/agulhas-curtas-intercambiaveis-knitpro\/\" \/>\n<meta property=\"og:site_name\" content=\"The Craft Company\" \/>\n<meta property=\"article:publisher\" content=\"https:\/\/www.facebook.com\/thecraftcompanycascais\" \/>\n<meta property=\"article:modified_time\" content=\"2025-04-02T12:19:42+00:00\" \/>\n<meta property=\"og:image\" content=\"https:\/\/thecraftcompany.pt\/wp-content\/uploads\/2018\/03\/WhatsApp-Image-2021-02-18-at-12.18.11.jpeg\" \/>\n\t<meta property=\"og:image:width\" content=\"1440\" \/>\n\t<meta property=\"og:image:height\" content=\"1920\" \/>\n\t<meta property=\"og:image:type\" content=\"image\/jpeg\" \/>\n<meta name=\"twitter:card\" content=\"summary_large_image\" \/>\n<meta name=\"twitter:label1\" content=\"Est. reading time\" \/>\n\t<meta name=\"twitter:data1\" content=\"1 minute\" \/>\n<script type=\"application\/ld+json\" class=\"yoast-schema-graph\">{\"@context\":\"https:\/\/schema.org\",\"@graph\":[{\"@type\":\"WebPage\",\"@id\":\"https:\/\/thecraftcompany.pt\/en\/produto\/agulhas-curtas-intercambiaveis-knitpro\/\",\"url\":\"https:\/\/thecraftcompany.pt\/en\/produto\/agulhas-curtas-intercambiaveis-knitpro\/\",\"name\":\"Agulhas Curtas Intercambi\u00e1veis Madeira KnitPro - The Craft Company\",\"isPartOf\":{\"@id\":\"https:\/\/thecraftcompany.pt\/#website\"},\"primaryImageOfPage\":{\"@id\":\"https:\/\/thecraftcompany.pt\/en\/produto\/agulhas-curtas-intercambiaveis-knitpro\/#primaryimage\"},\"image\":{\"@id\":\"https:\/\/thecraftcompany.pt\/en\/produto\/agulhas-curtas-intercambiaveis-knitpro\/#primaryimage\"},\"thumbnailUrl\":\"https:\/\/thecraftcompany.pt\/wp-content\/uploads\/2018\/03\/WhatsApp-Image-2021-02-18-at-12.18.11.jpeg\",\"datePublished\":\"2018-03-21T12:58:37+00:00\",\"dateModified\":\"2025-04-02T12:19:42+00:00\",\"breadcrumb\":{\"@id\":\"https:\/\/thecraftcompany.pt\/en\/produto\/agulhas-curtas-intercambiaveis-knitpro\/#breadcrumb\"},\"inLanguage\":\"en-US\",\"potentialAction\":[{\"@type\":\"ReadAction\",\"target\":[\"https:\/\/thecraftcompany.pt\/en\/produto\/agulhas-curtas-intercambiaveis-knitpro\/\"]}]},{\"@type\":\"ImageObject\",\"inLanguage\":\"en-US\",\"@id\":\"https:\/\/thecraftcompany.pt\/en\/produto\/agulhas-curtas-intercambiaveis-knitpro\/#primaryimage\",\"url\":\"https:\/\/thecraftcompany.pt\/wp-content\/uploads\/2018\/03\/WhatsApp-Image-2021-02-18-at-12.18.11.jpeg\",\"contentUrl\":\"https:\/\/thecraftcompany.pt\/wp-content\/uploads\/2018\/03\/WhatsApp-Image-2021-02-18-at-12.18.11.jpeg\",\"width\":1440,\"height\":1920},{\"@type\":\"BreadcrumbList\",\"@id\":\"https:\/\/thecraftcompany.pt\/en\/produto\/agulhas-curtas-intercambiaveis-knitpro\/#breadcrumb\",\"itemListElement\":[{\"@type\":\"ListItem\",\"position\":1,\"name\":\"In\u00edcio\",\"item\":\"https:\/\/thecraftcompany.pt\/en\/\"},{\"@type\":\"ListItem\",\"position\":2,\"name\":\"Shop\",\"item\":\"https:\/\/thecraftcompany.pt\/en\/shop-2\/\"},{\"@type\":\"ListItem\",\"position\":3,\"name\":\"Agulhas Curtas Intercambi\u00e1veis Madeira KnitPro\"}]},{\"@type\":\"WebSite\",\"@id\":\"https:\/\/thecraftcompany.pt\/#website\",\"url\":\"https:\/\/thecraftcompany.pt\/\",\"name\":\"The Craft Company\",\"description\":\"Store &amp; Workshops\",\"publisher\":{\"@id\":\"https:\/\/thecraftcompany.pt\/#organization\"},\"potentialAction\":[{\"@type\":\"SearchAction\",\"target\":{\"@type\":\"EntryPoint\",\"urlTemplate\":\"https:\/\/thecraftcompany.pt\/?s={search_term_string}\"},\"query-input\":\"required name=search_term_string\"}],\"inLanguage\":\"en-US\"},{\"@type\":\"Organization\",\"@id\":\"https:\/\/thecraftcompany.pt\/#organization\",\"name\":\"The Craft Company\",\"url\":\"https:\/\/thecraftcompany.pt\/\",\"logo\":{\"@type\":\"ImageObject\",\"inLanguage\":\"en-US\",\"@id\":\"https:\/\/thecraftcompany.pt\/#\/schema\/logo\/image\/\",\"url\":\"https:\/\/thecraftcompany.pt\/wp-content\/uploads\/2016\/12\/logo.png\",\"contentUrl\":\"https:\/\/thecraftcompany.pt\/wp-content\/uploads\/2016\/12\/logo.png\",\"width\":238,\"height\":150,\"caption\":\"The Craft Company\"},\"image\":{\"@id\":\"https:\/\/thecraftcompany.pt\/#\/schema\/logo\/image\/\"},\"sameAs\":[\"https:\/\/www.facebook.com\/thecraftcompanycascais\",\"https:\/\/www.instagram.com\/thecraftcompany_cascais\/\"]}]}<\/script>\n<!-- \/ Yoast SEO plugin. -->","yoast_head_json":{"title":"Agulhas Curtas Intercambi\u00e1veis Madeira KnitPro - The Craft Company","robots":{"index":"index","follow":"follow","max-snippet":"max-snippet:-1","max-image-preview":"max-image-preview:large","max-video-preview":"max-video-preview:-1"},"canonical":"https:\/\/thecraftcompany.pt\/en\/produto\/agulhas-curtas-intercambiaveis-knitpro\/","og_locale":"en_US","og_type":"article","og_title":"Agulhas Curtas Intercambi\u00e1veis Madeira KnitPro - The Craft Company","og_description":"Agulhas curtas intercambi\u00e1veis de madeira, KnitPro Lana Grossa.","og_url":"https:\/\/thecraftcompany.pt\/en\/produto\/agulhas-curtas-intercambiaveis-knitpro\/","og_site_name":"The Craft Company","article_publisher":"https:\/\/www.facebook.com\/thecraftcompanycascais","article_modified_time":"2025-04-02T12:19:42+00:00","og_image":[{"width":1440,"height":1920,"url":"https:\/\/thecraftcompany.pt\/wp-content\/uploads\/2018\/03\/WhatsApp-Image-2021-02-18-at-12.18.11.jpeg","type":"image\/jpeg"}],"twitter_card":"summary_large_image","twitter_misc":{"Est. reading time":"1 minute"},"schema":{"@context":"https:\/\/schema.org","@graph":[{"@type":"WebPage","@id":"https:\/\/thecraftcompany.pt\/en\/produto\/agulhas-curtas-intercambiaveis-knitpro\/","url":"https:\/\/thecraftcompany.pt\/en\/produto\/agulhas-curtas-intercambiaveis-knitpro\/","name":"Agulhas Curtas Intercambi\u00e1veis Madeira KnitPro - The Craft Company","isPartOf":{"@id":"https:\/\/thecraftcompany.pt\/#website"},"primaryImageOfPage":{"@id":"https:\/\/thecraftcompany.pt\/en\/produto\/agulhas-curtas-intercambiaveis-knitpro\/#primaryimage"},"image":{"@id":"https:\/\/thecraftcompany.pt\/en\/produto\/agulhas-curtas-intercambiaveis-knitpro\/#primaryimage"},"thumbnailUrl":"https:\/\/thecraftcompany.pt\/wp-content\/uploads\/2018\/03\/WhatsApp-Image-2021-02-18-at-12.18.11.jpeg","datePublished":"2018-03-21T12:58:37+00:00","dateModified":"2025-04-02T12:19:42+00:00","breadcrumb":{"@id":"https:\/\/thecraftcompany.pt\/en\/produto\/agulhas-curtas-intercambiaveis-knitpro\/#breadcrumb"},"inLanguage":"en-US","potentialAction":[{"@type":"ReadAction","target":["https:\/\/thecraftcompany.pt\/en\/produto\/agulhas-curtas-intercambiaveis-knitpro\/"]}]},{"@type":"ImageObject","inLanguage":"en-US","@id":"https:\/\/thecraftcompany.pt\/en\/produto\/agulhas-curtas-intercambiaveis-knitpro\/#primaryimage","url":"https:\/\/thecraftcompany.pt\/wp-content\/uploads\/2018\/03\/WhatsApp-Image-2021-02-18-at-12.18.11.jpeg","contentUrl":"https:\/\/thecraftcompany.pt\/wp-content\/uploads\/2018\/03\/WhatsApp-Image-2021-02-18-at-12.18.11.jpeg","width":1440,"height":1920},{"@type":"BreadcrumbList","@id":"https:\/\/thecraftcompany.pt\/en\/produto\/agulhas-curtas-intercambiaveis-knitpro\/#breadcrumb","itemListElement":[{"@type":"ListItem","position":1,"name":"In\u00edcio","item":"https:\/\/thecraftcompany.pt\/en\/"},{"@type":"ListItem","position":2,"name":"Shop","item":"https:\/\/thecraftcompany.pt\/en\/shop-2\/"},{"@type":"ListItem","position":3,"name":"Agulhas Curtas Intercambi\u00e1veis Madeira KnitPro"}]},{"@type":"WebSite","@id":"https:\/\/thecraftcompany.pt\/#website","url":"https:\/\/thecraftcompany.pt\/","name":"The Craft Company","description":"Store &amp; Workshops","publisher":{"@id":"https:\/\/thecraftcompany.pt\/#organization"},"potentialAction":[{"@type":"SearchAction","target":{"@type":"EntryPoint","urlTemplate":"https:\/\/thecraftcompany.pt\/?s={search_term_string}"},"query-input":"required name=search_term_string"}],"inLanguage":"en-US"},{"@type":"Organization","@id":"https:\/\/thecraftcompany.pt\/#organization","name":"The Craft Company","url":"https:\/\/thecraftcompany.pt\/","logo":{"@type":"ImageObject","inLanguage":"en-US","@id":"https:\/\/thecraftcompany.pt\/#\/schema\/logo\/image\/","url":"https:\/\/thecraftcompany.pt\/wp-content\/uploads\/2016\/12\/logo.png","contentUrl":"https:\/\/thecraftcompany.pt\/wp-content\/uploads\/2016\/12\/logo.png","width":238,"height":150,"caption":"The Craft Company"},"image":{"@id":"https:\/\/thecraftcompany.pt\/#\/schema\/logo\/image\/"},"sameAs":["https:\/\/www.facebook.com\/thecraftcompanycascais","https:\/\/www.instagram.com\/thecraftcompany_cascais\/"]}]}},"_links":{"self":[{"href":"https:\/\/thecraftcompany.pt\/en\/wp-json\/wp\/v2\/product\/6028"}],"collection":[{"href":"https:\/\/thecraftcompany.pt\/en\/wp-json\/wp\/v2\/product"}],"about":[{"href":"https:\/\/thecraftcompany.pt\/en\/wp-json\/wp\/v2\/types\/product"}],"wp:featuredmedia":[{"embeddable":true,"href":"https:\/\/thecraftcompany.pt\/en\/wp-json\/wp\/v2\/media\/8944"}],"wp:attachment":[{"href":"https:\/\/thecraftcompany.pt\/en\/wp-json\/wp\/v2\/media?parent=6028"}],"wp:term":[{"taxonomy":"product_cat","embeddable":true,"href":"https:\/\/thecraftcompany.pt\/en\/wp-json\/wp\/v2\/product_cat?post=6028"},{"taxonomy":"product_tag","embeddable":true,"href":"https:\/\/thecraftcompany.pt\/en\/wp-json\/wp\/v2\/product_tag?post=6028"}],"curies":[{"name":"wp","href":"https:\/\/api.w.org\/{rel}","templated":true}]}}